{"id":1238,"date":"2021-08-10T12:14:03","date_gmt":"2021-08-10T11:14:03","guid":{"rendered":"https:\/\/levelup-bf.com\/?page_id=1238"},"modified":"2021-08-10T18:04:22","modified_gmt":"2021-08-10T17:04:22","slug":"politique-de-confidentialite","status":"publish","type":"page","link":"https:\/\/levelup-bf.com\/?page_id=1238","title":{"rendered":"Politique de Confidentialit\u00e9"},"content":{"rendered":"\n&nbsp;\n\n\n\n&nbsp;\n\n\n\n<h3 class=\"has-text-align-left wp-block-heading\"><strong>Pr\u00e9ambule<\/strong><\/h3>\n\n\n\n&nbsp;\n\n\n\n<p>LEVEL&rsquo;UP EDUCATION&nbsp;traite des donn\u00e9es \u00e0 caract\u00e8re personnel vous concernant dans le cadre de l\u2019utilisation de ce site internet.<\/p>\n\n\n\n&nbsp;\n\n\n\n<p>En tant que responsable de traitement, nous sommes respectueux de la vie priv\u00e9e et nous prot\u00e9geons les donn\u00e9es \u00e0 caract\u00e8re personnel des utilisateurs de notre Site.<\/p>\n\n\n\n&nbsp;\n\n\n\n<p>La pr\u00e9sente politique vise \u00e0 vous informer des modalit\u00e9s de collecte, de traitement et d\u2019utilisation de Vos Donn\u00e9es Personnelles et de vos droits en mati\u00e8re de protection des donn\u00e9es \u00e0 caract\u00e8re personnel au regard des dispositions applicables en la mati\u00e8re, notamment la loi N\u00b0010-2004\/AN  20 avril 2004 relative \u00e0 la protection des donn\u00e9es \u00e0 caract\u00e8re personnel et la loi N\u00b0001-2021 du 30 mars 2021 portant Protection des Personnes \u00e0 l&rsquo;\u00e9gard du traitement des donn\u00e9es \u00e0 caract\u00e8re personnel avec le RGPD (R\u00e8glement G\u00e9n\u00e9ral sur la Protection des Donn\u00e9es) en application depuis le 25 mai 2018.<\/p>\n\n\n\n&nbsp;\n\n\n\n&nbsp;\n\n\n\n&nbsp;\n\n\n\n<h3 class=\"wp-block-heading\"><strong>Champ d\u2019application de la pr\u00e9sente politique de protection des donn\u00e9es personnelles<\/strong><\/h3>\n\n\n\n&nbsp;\n\n\n\n&nbsp;\n\n\n\n<p>La pr\u00e9sente Politique \u00e9nonce les principes et lignes directrices pour la protection de Vos Donn\u00e9es Personnelles, ce qui inclut les Donn\u00e9es Personnelles collect\u00e9es sur \u2013 ou via \u2013 le Site.<\/p>\n\n\n\n&nbsp;\n\n\n\n<p>LEVEL&rsquo;UP EDUCATOIN collecte des Donn\u00e9es Personnelles (exemple : en ligne, y compris par e-mail, ou hors connexion)&nbsp;; la pr\u00e9sente politique s\u2019applique quel que soit le mode de collecte ou de traitement.<\/p>\n\n\n\n&nbsp;\n\n\n\n<p>La notion de Donn\u00e9es Personnelles d\u00e9signe toute information relative \u00e0 une personne physique identifi\u00e9e ou identifiable. Une personne est \u00ab identifiable \u00bb d\u00e8s lors qu\u2019elle peut \u00eatre identifi\u00e9e, directement ou indirectement, en particulier par r\u00e9f\u00e9rence \u00e0 un num\u00e9ro d\u2019identification ou \u00e0 un ou plusieurs \u00e9l\u00e9ments qui lui sont propres.<\/p>\n\n\n\n&nbsp;\n\n\n\n<p>Les \u00ab Donn\u00e9es Non-Personnelles \u00bb correspondent \u00e0 des informations ne permettant pas d\u2019identifier une personne.<\/p>\n\n\n\n&nbsp;\n\n\n\n&nbsp;\n\n\n\n&nbsp;\n\n\n\n<h3 class=\"wp-block-heading\"><strong>S\u00e9curit\u00e9 et confidentialit\u00e9 des donn\u00e9es personnelles<\/strong><\/h3>\n\n\n\n&nbsp;\n\n\n\n<p>Nous consid\u00e9rons Vos Donn\u00e9es Personnelles comme confidentielles.<\/p>\n\n\n\n&nbsp;\n\n\n\n<p>Nous nous effor\u00e7ons de prendre les mesures techniques raisonnables en vue de pr\u00e9venir d\u2019\u00e9ventuelles pertes ou d\u00e9tournements lors d\u2019une collecte ou d\u2019un stockage des donn\u00e9es que vous nous auriez communiqu\u00e9es, et emp\u00eacher toute communication \u00e0 des tiers non autoris\u00e9s.<\/p>\n\n\n\n&nbsp;\n\n\n\n<p>Cependant, malgr\u00e9 ces mesures, Internet demeure un syst\u00e8me ouvert et nous ne pouvons garantir que des tiers non autoris\u00e9s ne pourront d\u00e9jouer les mesures en question ou utiliser Vos Donn\u00e9es Personnelles \u00e0 des fins ill\u00e9gitimes. En cons\u00e9quence, LEVEL&rsquo;UP EDUCATION&nbsp;ne saura \u00eatre tenue comme responsable en cas de r\u00e9cup\u00e9ration frauduleuse de vos donn\u00e9es pour quelque utilisation que ce soit.<\/p>\n\n\n\n&nbsp;\n\n\n\n<p>Le Site peut proposer des liens vers des sites Internet de tiers susceptibles de vous int\u00e9resser.<\/p>\n\n\n\n&nbsp;\n\n\n\n<p>LEVEL&rsquo;UP EDUCATION n\u2019exerce aucun contr\u00f4le sur le contenu de sites de tiers ou sur les pratiques de ces tiers en mati\u00e8re de protection des Donn\u00e9es Personnelles qu\u2019ils pourraient recueillir. En cons\u00e9quence,  LEVEL&rsquo;UP EDUCATION&nbsp;d\u00e9cline toute responsabilit\u00e9 concernant le traitement par ces tiers de Vos Donn\u00e9es Personnelles. Il est de votre responsabilit\u00e9 de vous renseigner sur les politiques de protection des donn\u00e9es personnelles de ces tiers.<\/p>\n\n\n\n&nbsp;\n\n\n\n&nbsp;\n\n\n\n&nbsp;\n\n\n\n<h3 class=\"wp-block-heading\"><strong>Finalit\u00e9s de la collecte de donn\u00e9es<\/strong><\/h3>\n\n\n\n&nbsp;\n\n\n\n<p>Nous traitons vos donn\u00e9es en tout ou partie aux fins de :<\/p>\n\n\n\n&nbsp;\n\n\n\n<p>\u25fe vous permettre de naviguer sur nos Sites et Applications et d\u2019adapter nos contenus \u00e0 votre terminal &nbsp;pour am\u00e9liorer votre navigation ;<\/p>\n\n\n\n<p>\u25fe M\u00e9moriser les informations que vous avez renseign\u00e9es au sein des formulaires (votre demande de logement ou d&rsquo;inscription par exemple) ;<\/p>\n\n\n\n<p> \u25fe Vous permettre de partager nos contenus sur les r\u00e9seaux sociaux ;<\/p>\n\n\n\n<p> \u25fe Vous permettre une utilisation interactive et personnalis\u00e9e des Sites et des Applications ;<\/p>\n\n\n\n<p> \u25fe Envoyer des informations et\/ou des communications externes ;<\/p>\n\n\n\n<p> \u25fe Envoyer des newsletters, si vous y avez consenti en cochant la case correspondante,<\/p>\n\n\n\n<p> \u25fe Analyser l\u2019audience et &nbsp;la fr\u00e9quentation du Site<\/p>\n\n\n\n&nbsp;\n\n\n\n&nbsp;\n\n\n\n<p>Les destinataires de Vos Donn\u00e9es Personnelles sont nos propres \u00e9quipes de gestion et nos prestataires techniques.<\/p>\n\n\n\n&nbsp;\n\n\n\n&nbsp;\n\n\n\n&nbsp;\n\n\n\n<h3 class=\"wp-block-heading\"><strong>Donn\u00e9es collect\u00e9es<\/strong><\/h3>\n\n\n\n&nbsp;\n\n\n\n<h4 class=\"wp-block-heading\">Donn\u00e9es Personnelles<\/h4>\n\n\n\n&nbsp;\n\n\n\n<p>Les Donn\u00e9es Personnelles peuvent inclure ce qui suit :<\/p>\n\n\n\n&nbsp;\n\n\n\n<p>\u25fe Nom ;<\/p>\n\n\n\n<p> \u25fe  Pr\u00e9nom ;<\/p>\n\n\n\n<p> \u25fe  Adresse \u00e9lectronique ;<\/p>\n\n\n\n<p> \u25fe  Adresse postale ;<\/p>\n\n\n\n<p> \u25fe  Date de naissance ;<\/p>\n\n\n\n<p> \u25fe  Num\u00e9ro de t\u00e9l\u00e9phone ;<\/p>\n\n\n\n<p> \u25fe  Mot de passe ;<\/p>\n\n\n\n<p>  \u25fe  Photo portrait ;<\/p>\n\n\n\n<p>  \u25fe  G\u00e9olocalisation ;<\/p>\n\n\n\n<p>  \u25fe  Adresse IP ;<\/p>\n\n\n\n&nbsp;\n\n\n\n<p>Et toute autre Donn\u00e9e Personnelle pouvant s\u2019av\u00e9rer pertinente aux fins&nbsp;\u00e9nonc\u00e9es ci-apr\u00e8s.<\/p>\n\n\n\n&nbsp;\n\n\n\n&nbsp;\n\n\n\n&nbsp;\n\n\n\n<h3 class=\"wp-block-heading\"><strong>Cookies et autres traceurs<\/strong><\/h3>\n\n\n\n&nbsp;\n\n\n\n<p>Les cookies, ou autres traceurs similaires, sont des fichiers utilis\u00e9s par un serveur pour dialoguer avec le navigateur. Les cookies permettent d\u2019envoyer des informations d\u2019\u00e9tat lorsqu\u2019un utilisateur consulte un site. Les informations d\u2019\u00e9tat peuvent \u00eatre par exemple un identifiant de session, une langue, une date d\u2019expiration, un domaine de r\u00e9ponse, etc. Les cookies permettent de conserver, pendant leur dur\u00e9e de validit\u00e9, des informations d\u2019\u00e9tat lorsqu\u2019un navigateur acc\u00e8de aux diff\u00e9rentes pages d\u2019un site Web ou lorsque ce navigateur retourne ult\u00e9rieurement sur ledit site. Seul l\u2019\u00e9metteur d\u2019un cookie peut lire ou modifier les informations qui y sont contenues. Il existe diff\u00e9rents types de cookies :<\/p>\n\n\n\n<p>\u25fe des cookies de session qui disparaissent d\u00e8s que vous quittez le navigateur ou le site ;<\/p>\n\n\n\n<p>\u25fe des cookies permanents qui demeurent sur votre terminal jusqu\u2019\u00e0 expiration de leur dur\u00e9e de vie (au maximum 12 mois) ou jusqu\u2019\u00e0 ce que vous les supprimiez \u00e0 l\u2019aide des fonctionnalit\u00e9s de votre navigateur<\/p>\n\n\n\n&nbsp;\n\n\n\n<p>Vous pouvez acc\u00e9der \u00e0 votre&nbsp;panneau de gestion des cookies&nbsp;afin de param\u00e9trer le d\u00e9p\u00f4t et la lecture de cookies.<\/p>\n\n\n\n&nbsp;\n\n\n\n&nbsp;\n\n\n\n&nbsp;\n\n\n\n<h3 class=\"wp-block-heading\"><strong>Comment d\u00e9sactiver les cookies ?<\/strong><\/h3>\n\n\n\n&nbsp;\n\n\n\n<h4 class=\"wp-block-heading\">Param\u00e9trages du navigateur<\/h4>\n\n\n\n&nbsp;\n\n\n\n<p>L\u2019installation de certains cookies est soumise \u00e0 votre consentement. Lors de votre premi\u00e8re visite sur le Site,&nbsp;un modal s\u2019affiche vous indiquant qu\u2019en continuant votre navigation sur le site, les cookies susvis\u00e9s seront install\u00e9s sur votre \u00e9quipement.<\/p>\n\n\n\n<p>Les cookies ou traceurs permettent de b\u00e9n\u00e9ficier pleinement des fonctionnalit\u00e9s du Site. Si votre navigateur est configur\u00e9 de mani\u00e8re \u00e0 refuser l\u2019ensemble des cookies ou traceurs, cela peut emp\u00eacher l\u2019utilisation de certains de nos services, ce dont LEVEL&rsquo;UP EDUCATION&nbsp;ne saurait \u00eatre responsable.<\/p>\n\n\n\n&nbsp;\n\n\n\n&nbsp;\n\n\n\n&nbsp;\n\n\n\n<h3 class=\"wp-block-heading\"><strong>Les formulaires<\/strong><\/h3>\n\n\n\n&nbsp;\n\n\n\n<h4 class=\"wp-block-heading\"><strong>Formulaire de contact<\/strong><\/h4>\n\n\n\n&nbsp;\n\n\n\n<p>Les donn\u00e9es sont transmises par l\u2019usager du site qui souhaite adresser une remarque, un signalement ou laisser un message. Les informations recueillies \u00e0 partir de ce formulaire sont transmises au service en charge de g\u00e9rer les remarques sur le site de LEVEL&rsquo;UP EDUCATION. La dur\u00e9e maximale de conservation de vos donn\u00e9es est de&nbsp;36 mois.<\/p>\n\n\n\n&nbsp;\n\n\n\n<h4 class=\"wp-block-heading\"><strong> <\/strong>Formulaire de demande de Logement<\/h4>\n\n\n\n&nbsp;\n\n\n\n<p>Le formulaire de demande de logement est adress\u00e9 aux utilisateurs qui d\u00e9sirent trouver un logement pour pouvoir poursuivre leur \u00e9tude \u00e0 l&rsquo;\u00e9tranger. Les informations recueillies \u00e0 partir de ce formulaire sont transmises au service en charge de g\u00e9rer les demandes de Logement sur la plateforme de LEVEL&rsquo;UP EDUCATION. La dur\u00e9e maximale de conservation de vos donn\u00e9es est de 36 mois. Vous pouvez consulter notre formulaire de demande de logement <a href=\"https:\/\/levelup-bf.com\/faire-demande\/\">ici.<\/a><\/p>\n\n\n\n&nbsp;\n\n\n\n<h4 class=\"wp-block-heading\"><strong> <\/strong>Formulaire de demande d&rsquo;inscription<\/h4>\n\n\n\n&nbsp;\n\n\n\n<p>Ce formulaire est adress\u00e9 aux Usagers qui d\u00e9sirent soumettre une demande d&rsquo;inscription dans une Universit\u00e9 Priv\u00e9e ou Publique \u00e0 l&rsquo;\u00e9tranger. Les informations recueillies via ce formulaire sont transmises au service en charge de g\u00e9rer les demandes d&rsquo;inscription sur la plateforme de LEVEL&rsquo;UP EDUCATION. La dur\u00e9e maximale de conservation de vos donn\u00e9es est de 36 mois. Pour les demandes d&rsquo;inscriptions, vous pouvez consulter notre formulaire <a href=\"https:\/\/levelup-bf.com\/formulaire-de-demande-dinscription\/\">ici.<\/a><\/p>\n\n\n\n&nbsp;\n\n\n\n&nbsp;\n\n\n\n&nbsp;\n\n\n\n<h3 class=\"wp-block-heading\"><strong>Vos droits<\/strong><\/h3>\n\n\n\n&nbsp;\n\n\n\n<p>Conform\u00e9ment aux dispositions de la R\u00e9glementation applicable en mati\u00e8re de protection des donn\u00e9es personnelles, vous disposez notamment d\u2019un droit d\u2019acc\u00e8s, de rectification, d\u2019effacement des donn\u00e9es vous concernant et du droit d\u2019obtenir une copie des donn\u00e9es personnelles que nous d\u00e9tenons sous un format \u00e9lectronique structur\u00e9 (portabilit\u00e9).<\/p>\n\n\n\n&nbsp;\n\n\n\n<p>Vous disposez \u00e9galement d\u2019un droit d\u2019opposition pour motif l\u00e9gitime \u00e0 ce que les donn\u00e9es \u00e0 caract\u00e8re personnel vous concernant fassent l\u2019objet d\u2019un traitement, et d\u2019un droit d\u2019opposition \u00e0 ce que vos donn\u00e9es soient utilis\u00e9es \u00e0 des fins de prospection notamment commerciale.<\/p>\n\n\n\n&nbsp;\n\n\n\n<p>Vous pouvez exercer vos droits en nous adressant vos demandes par courrier postal ou directement via notre&nbsp;formulaire de contact.<\/p>\n\n\n\n&nbsp;\n\n\n\n<p>Nous nous engageons \u00e0 r\u00e9pondre \u00e0 ces demandes dans un d\u00e9lai&nbsp;&nbsp;d\u2019un mois \u00e0 compter de la r\u00e9ception de la demande. Ce d\u00e9lai peut \u00eatre prolong\u00e9 de deux mois, selon la complexit\u00e9 et le nombre de demandes re\u00e7ues.<\/p>\n\n\n\n&nbsp;\n\n\n\n&nbsp;\n\n\n\n&nbsp;\n\n\n\n<h3 class=\"wp-block-heading\"><strong>Conservation des donn\u00e9es<\/strong><\/h3>\n\n\n\n&nbsp;\n\n\n\n<p>Nous ne conservons Vos Donn\u00e9es Personnelles que pour une dur\u00e9e n\u00e9cessaire et proportionn\u00e9e \u00e0 la finalit\u00e9 pour laquelle elles ont \u00e9t\u00e9 collect\u00e9es \u00e0 savoir pour une dur\u00e9e maximale de 3 ans \u00e0 compter du dernier \u00e9change que vous avez eu avec nous et effectu\u00e9 \u00e0 votre initiative&nbsp;<\/p>\n\n\n\n&nbsp;\n\n\n\n<p>Au-del\u00e0 des p\u00e9riodes pr\u00e9cit\u00e9es, vos donn\u00e9es seront anonymis\u00e9es \u00e0 des fins statistiques ou purement supprim\u00e9es.<\/p>\n\n\n\n&nbsp;\n\n\n\n&nbsp;\n\n\n\n&nbsp;\n\n\n\n<h3 class=\"wp-block-heading\"><strong>Mise \u00e0 jour de la pr\u00e9sente politique de confidentialit\u00e9<\/strong><\/h3>\n\n\n\n&nbsp;\n\n\n\n<p>La pr\u00e9sente politique de confidentialit\u00e9 est susceptible d\u2019\u00eatre modifi\u00e9e ou am\u00e9nag\u00e9e \u00e0 tout moment.<\/p>\n\n\n\n&nbsp;\n\n\n\n<p>Vous \u00eates invit\u00e9s \u00e0 la consulter r\u00e9guli\u00e8rement.<\/p>\n\n\n\n<hr class=\"wp-block-separator\"\/>\n\n\n\n<p>Pour plus d\u2019informations pratiques sur l\u2019exercice de vos droits, nous vous recommandons de consulter le site de la&nbsp;<em>Commission Nationale Informatique et Libert\u00e9s<\/em>, et plus particuli\u00e8rement la page&nbsp;<a href=\"https:\/\/www.cnil.fr\/fr\/comprendre-vos-droits\" target=\"_blank\" rel=\"noreferrer noopener\">https:\/\/www.cnil.fr\/fr\/comprendre-vos-droits<\/a><\/p>\n","protected":false},"excerpt":{"rendered":"<p>&nbsp; &nbsp; Pr\u00e9ambule &nbsp; LEVEL&rsquo;UP EDUCATION&nbsp;traite des donn\u00e9es \u00e0 caract\u00e8re personnel vous concernant dans le cadre de l\u2019utilisation de ce site internet. &nbsp; En tant que responsable de traitement, nous sommes respectueux de la vie priv\u00e9e et nous prot\u00e9geons les donn\u00e9es \u00e0 caract\u00e8re personnel des utilisateurs de notre Site. &nbsp; La pr\u00e9sente politique vise \u00e0&nbsp;&hellip;<\/p>\n","protected":false},"author":2,"featured_media":1303,"parent":0,"menu_order":0,"comment_status":"closed","ping_status":"closed","template":"","meta":{"_monsterinsights_skip_tracking":false,"_monsterinsights_sitenote_active":false,"_monsterinsights_sitenote_note":"","_monsterinsights_sitenote_category":0,"footnotes":""},"class_list":["post-1238","page","type-page","status-publish","has-post-thumbnail","hentry"],"yoast_head":"<!-- This site is optimized with the Yoast SEO plugin v27.5 - https:\/\/yoast.com\/product\/yoast-seo-wordpress\/ -->\n<title>Politique de Confidentialit\u00e9 - LEVEL UP EDUCATION<\/title>\n<meta name=\"description\" content=\"Level Up Education est un centre d&#039;accompagnement des jeunes et des professionnels, sp\u00e9cialis\u00e9 dans le conseil, l&#039;orientation, la r\u00e9orientation scolaire et l&#039;accompagnement des \u00e9tudiants dans leurs projets d&#039;\u00e9tudes \u00e0 l&#039;international.\" \/>\n<meta name=\"robots\" content=\"index, follow, max-snippet:-1, max-image-preview:large, max-video-preview:-1\" \/>\n<link rel=\"canonical\" href=\"https:\/\/levelup-bf.com\/?page_id=1238\" \/>\n<meta property=\"og:locale\" content=\"fr_FR\" \/>\n<meta property=\"og:type\" content=\"article\" \/>\n<meta property=\"og:title\" content=\"Politique de Confidentialit\u00e9 - LEVEL UP EDUCATION\" \/>\n<meta property=\"og:description\" content=\"Level Up Education est un centre d&#039;accompagnement des jeunes et des professionnels, sp\u00e9cialis\u00e9 dans le conseil, l&#039;orientation, la r\u00e9orientation scolaire et l&#039;accompagnement des \u00e9tudiants dans leurs projets d&#039;\u00e9tudes \u00e0 l&#039;international.\" \/>\n<meta property=\"og:url\" content=\"https:\/\/levelup-bf.com\/?page_id=1238\" \/>\n<meta property=\"og:site_name\" content=\"LEVEL UP EDUCATION\" \/>\n<meta property=\"article:publisher\" content=\"https:\/\/www.facebook.com\/Levelup-Education-100296392005332\/\" \/>\n<meta property=\"article:modified_time\" content=\"2021-08-10T17:04:22+00:00\" \/>\n<meta property=\"og:image\" content=\"https:\/\/levelup-bf.com\/wp-content\/uploads\/2021\/08\/politique-de-confidentialite-1600x640-1.jpg\" \/>\n\t<meta property=\"og:image:width\" content=\"1600\" \/>\n\t<meta property=\"og:image:height\" content=\"640\" \/>\n\t<meta property=\"og:image:type\" content=\"image\/jpeg\" \/>\n<meta name=\"twitter:label1\" content=\"Dur\u00e9e de lecture estim\u00e9e\" \/>\n\t<meta name=\"twitter:data1\" content=\"7 minutes\" \/>\n<script type=\"application\/ld+json\" class=\"yoast-schema-graph\">{\"@context\":\"https:\\\/\\\/schema.org\",\"@graph\":[{\"@type\":\"WebPage\",\"@id\":\"https:\\\/\\\/levelup-bf.com\\\/?page_id=1238\",\"url\":\"https:\\\/\\\/levelup-bf.com\\\/?page_id=1238\",\"name\":\"Politique de Confidentialit\u00e9 - LEVEL UP EDUCATION\",\"isPartOf\":{\"@id\":\"https:\\\/\\\/levelup-bf.com\\\/#website\"},\"primaryImageOfPage\":{\"@id\":\"https:\\\/\\\/levelup-bf.com\\\/?page_id=1238#primaryimage\"},\"image\":{\"@id\":\"https:\\\/\\\/levelup-bf.com\\\/?page_id=1238#primaryimage\"},\"thumbnailUrl\":\"https:\\\/\\\/levelup-bf.com\\\/wp-content\\\/uploads\\\/2021\\\/08\\\/politique-de-confidentialite-1600x640-1.jpg\",\"datePublished\":\"2021-08-10T11:14:03+00:00\",\"dateModified\":\"2021-08-10T17:04:22+00:00\",\"description\":\"Level Up Education est un centre d'accompagnement des jeunes et des professionnels, sp\u00e9cialis\u00e9 dans le conseil, l'orientation, la r\u00e9orientation scolaire et l'accompagnement des \u00e9tudiants dans leurs projets d'\u00e9tudes \u00e0 l'international.\",\"breadcrumb\":{\"@id\":\"https:\\\/\\\/levelup-bf.com\\\/?page_id=1238#breadcrumb\"},\"inLanguage\":\"fr-FR\",\"potentialAction\":[{\"@type\":\"ReadAction\",\"target\":[\"https:\\\/\\\/levelup-bf.com\\\/?page_id=1238\"]}]},{\"@type\":\"ImageObject\",\"inLanguage\":\"fr-FR\",\"@id\":\"https:\\\/\\\/levelup-bf.com\\\/?page_id=1238#primaryimage\",\"url\":\"https:\\\/\\\/levelup-bf.com\\\/wp-content\\\/uploads\\\/2021\\\/08\\\/politique-de-confidentialite-1600x640-1.jpg\",\"contentUrl\":\"https:\\\/\\\/levelup-bf.com\\\/wp-content\\\/uploads\\\/2021\\\/08\\\/politique-de-confidentialite-1600x640-1.jpg\",\"width\":1600,\"height\":640},{\"@type\":\"BreadcrumbList\",\"@id\":\"https:\\\/\\\/levelup-bf.com\\\/?page_id=1238#breadcrumb\",\"itemListElement\":[{\"@type\":\"ListItem\",\"position\":1,\"name\":\"Accueil\",\"item\":\"https:\\\/\\\/levelup-bf.com\\\/\"},{\"@type\":\"ListItem\",\"position\":2,\"name\":\"Politique de Confidentialit\u00e9\"}]},{\"@type\":\"WebSite\",\"@id\":\"https:\\\/\\\/levelup-bf.com\\\/#website\",\"url\":\"https:\\\/\\\/levelup-bf.com\\\/\",\"name\":\"LEVEL UP EDUCATION\",\"description\":\"L&#039;Expert de l&#039;Orientation Scolaire et de la Mobilit\u00e9 Internationale des \u00c9tudiants!\",\"publisher\":{\"@id\":\"https:\\\/\\\/levelup-bf.com\\\/#organization\"},\"potentialAction\":[{\"@type\":\"SearchAction\",\"target\":{\"@type\":\"EntryPoint\",\"urlTemplate\":\"https:\\\/\\\/levelup-bf.com\\\/?s={search_term_string}\"},\"query-input\":{\"@type\":\"PropertyValueSpecification\",\"valueRequired\":true,\"valueName\":\"search_term_string\"}}],\"inLanguage\":\"fr-FR\"},{\"@type\":\"Organization\",\"@id\":\"https:\\\/\\\/levelup-bf.com\\\/#organization\",\"name\":\"Level'Up Education\",\"url\":\"https:\\\/\\\/levelup-bf.com\\\/\",\"logo\":{\"@type\":\"ImageObject\",\"inLanguage\":\"fr-FR\",\"@id\":\"https:\\\/\\\/levelup-bf.com\\\/#\\\/schema\\\/logo\\\/image\\\/\",\"url\":\"https:\\\/\\\/levelup-bf.com\\\/wp-content\\\/uploads\\\/2021\\\/02\\\/cropped-cropped-LOGO-10.jpeg\",\"contentUrl\":\"https:\\\/\\\/levelup-bf.com\\\/wp-content\\\/uploads\\\/2021\\\/02\\\/cropped-cropped-LOGO-10.jpeg\",\"width\":915,\"height\":912,\"caption\":\"Level'Up Education\"},\"image\":{\"@id\":\"https:\\\/\\\/levelup-bf.com\\\/#\\\/schema\\\/logo\\\/image\\\/\"},\"sameAs\":[\"https:\\\/\\\/www.facebook.com\\\/Levelup-Education-100296392005332\\\/\",\"https:\\\/\\\/www.instagram.com\\\/level_up_educ\\\/\"]}]}<\/script>\n<!-- \/ Yoast SEO plugin. -->","yoast_head_json":{"title":"Politique de Confidentialit\u00e9 - LEVEL UP EDUCATION","description":"Level Up Education est un centre d'accompagnement des jeunes et des professionnels, sp\u00e9cialis\u00e9 dans le conseil, l'orientation, la r\u00e9orientation scolaire et l'accompagnement des \u00e9tudiants dans leurs projets d'\u00e9tudes \u00e0 l'international.","robots":{"index":"index","follow":"follow","max-snippet":"max-snippet:-1","max-image-preview":"max-image-preview:large","max-video-preview":"max-video-preview:-1"},"canonical":"https:\/\/levelup-bf.com\/?page_id=1238","og_locale":"fr_FR","og_type":"article","og_title":"Politique de Confidentialit\u00e9 - LEVEL UP EDUCATION","og_description":"Level Up Education est un centre d'accompagnement des jeunes et des professionnels, sp\u00e9cialis\u00e9 dans le conseil, l'orientation, la r\u00e9orientation scolaire et l'accompagnement des \u00e9tudiants dans leurs projets d'\u00e9tudes \u00e0 l'international.","og_url":"https:\/\/levelup-bf.com\/?page_id=1238","og_site_name":"LEVEL UP EDUCATION","article_publisher":"https:\/\/www.facebook.com\/Levelup-Education-100296392005332\/","article_modified_time":"2021-08-10T17:04:22+00:00","og_image":[{"width":1600,"height":640,"url":"https:\/\/levelup-bf.com\/wp-content\/uploads\/2021\/08\/politique-de-confidentialite-1600x640-1.jpg","type":"image\/jpeg"}],"twitter_misc":{"Dur\u00e9e de lecture estim\u00e9e":"7 minutes"},"schema":{"@context":"https:\/\/schema.org","@graph":[{"@type":"WebPage","@id":"https:\/\/levelup-bf.com\/?page_id=1238","url":"https:\/\/levelup-bf.com\/?page_id=1238","name":"Politique de Confidentialit\u00e9 - LEVEL UP EDUCATION","isPartOf":{"@id":"https:\/\/levelup-bf.com\/#website"},"primaryImageOfPage":{"@id":"https:\/\/levelup-bf.com\/?page_id=1238#primaryimage"},"image":{"@id":"https:\/\/levelup-bf.com\/?page_id=1238#primaryimage"},"thumbnailUrl":"https:\/\/levelup-bf.com\/wp-content\/uploads\/2021\/08\/politique-de-confidentialite-1600x640-1.jpg","datePublished":"2021-08-10T11:14:03+00:00","dateModified":"2021-08-10T17:04:22+00:00","description":"Level Up Education est un centre d'accompagnement des jeunes et des professionnels, sp\u00e9cialis\u00e9 dans le conseil, l'orientation, la r\u00e9orientation scolaire et l'accompagnement des \u00e9tudiants dans leurs projets d'\u00e9tudes \u00e0 l'international.","breadcrumb":{"@id":"https:\/\/levelup-bf.com\/?page_id=1238#breadcrumb"},"inLanguage":"fr-FR","potentialAction":[{"@type":"ReadAction","target":["https:\/\/levelup-bf.com\/?page_id=1238"]}]},{"@type":"ImageObject","inLanguage":"fr-FR","@id":"https:\/\/levelup-bf.com\/?page_id=1238#primaryimage","url":"https:\/\/levelup-bf.com\/wp-content\/uploads\/2021\/08\/politique-de-confidentialite-1600x640-1.jpg","contentUrl":"https:\/\/levelup-bf.com\/wp-content\/uploads\/2021\/08\/politique-de-confidentialite-1600x640-1.jpg","width":1600,"height":640},{"@type":"BreadcrumbList","@id":"https:\/\/levelup-bf.com\/?page_id=1238#breadcrumb","itemListElement":[{"@type":"ListItem","position":1,"name":"Accueil","item":"https:\/\/levelup-bf.com\/"},{"@type":"ListItem","position":2,"name":"Politique de Confidentialit\u00e9"}]},{"@type":"WebSite","@id":"https:\/\/levelup-bf.com\/#website","url":"https:\/\/levelup-bf.com\/","name":"LEVEL UP EDUCATION","description":"L&#039;Expert de l&#039;Orientation Scolaire et de la Mobilit\u00e9 Internationale des \u00c9tudiants!","publisher":{"@id":"https:\/\/levelup-bf.com\/#organization"},"potentialAction":[{"@type":"SearchAction","target":{"@type":"EntryPoint","urlTemplate":"https:\/\/levelup-bf.com\/?s={search_term_string}"},"query-input":{"@type":"PropertyValueSpecification","valueRequired":true,"valueName":"search_term_string"}}],"inLanguage":"fr-FR"},{"@type":"Organization","@id":"https:\/\/levelup-bf.com\/#organization","name":"Level'Up Education","url":"https:\/\/levelup-bf.com\/","logo":{"@type":"ImageObject","inLanguage":"fr-FR","@id":"https:\/\/levelup-bf.com\/#\/schema\/logo\/image\/","url":"https:\/\/levelup-bf.com\/wp-content\/uploads\/2021\/02\/cropped-cropped-LOGO-10.jpeg","contentUrl":"https:\/\/levelup-bf.com\/wp-content\/uploads\/2021\/02\/cropped-cropped-LOGO-10.jpeg","width":915,"height":912,"caption":"Level'Up Education"},"image":{"@id":"https:\/\/levelup-bf.com\/#\/schema\/logo\/image\/"},"sameAs":["https:\/\/www.facebook.com\/Levelup-Education-100296392005332\/","https:\/\/www.instagram.com\/level_up_educ\/"]}]}},"_links":{"self":[{"href":"https:\/\/levelup-bf.com\/index.php?rest_route=\/wp\/v2\/pages\/1238","targetHints":{"allow":["GET"]}}],"collection":[{"href":"https:\/\/levelup-bf.com\/index.php?rest_route=\/wp\/v2\/pages"}],"about":[{"href":"https:\/\/levelup-bf.com\/index.php?rest_route=\/wp\/v2\/types\/page"}],"author":[{"embeddable":true,"href":"https:\/\/levelup-bf.com\/index.php?rest_route=\/wp\/v2\/users\/2"}],"replies":[{"embeddable":true,"href":"https:\/\/levelup-bf.com\/index.php?rest_route=%2Fwp%2Fv2%2Fcomments&post=1238"}],"version-history":[{"count":0,"href":"https:\/\/levelup-bf.com\/index.php?rest_route=\/wp\/v2\/pages\/1238\/revisions"}],"wp:featuredmedia":[{"embeddable":true,"href":"https:\/\/levelup-bf.com\/index.php?rest_route=\/wp\/v2\/media\/1303"}],"wp:attachment":[{"href":"https:\/\/levelup-bf.com\/index.php?rest_route=%2Fwp%2Fv2%2Fmedia&parent=1238"}],"curies":[{"name":"wp","href":"https:\/\/api.w.org\/{rel}","templated":true}]}}