{"id":156,"date":"2021-07-15T16:24:36","date_gmt":"2021-07-15T15:24:36","guid":{"rendered":"https:\/\/levelup-bf.com\/?page_id=156"},"modified":"2024-01-22T10:00:28","modified_gmt":"2024-01-22T10:00:28","slug":"contact","status":"publish","type":"page","link":"https:\/\/levelup-bf.com\/?page_id=156","title":{"rendered":"Contact"},"content":{"rendered":"\t\t<div data-elementor-type=\"wp-page\" data-elementor-id=\"156\" class=\"elementor elementor-156\">\n\t\t\t\t<div class=\"elementor-element elementor-element-7cb977ee e-flex e-con-boxed e-con e-parent\" data-id=\"7cb977ee\" data-element_type=\"container\" data-e-type=\"container\">\n\t\t\t\t\t<div class=\"e-con-inner\">\n\t\t<div class=\"elementor-element elementor-element-4b97495 e-flex e-con-boxed e-con e-child\" data-id=\"4b97495\" data-element_type=\"container\" data-e-type=\"container\" data-settings=\"{&quot;background_background&quot;:&quot;gradient&quot;}\">\n\t\t\t\t\t<div class=\"e-con-inner\">\n\t\t\t\t<div class=\"elementor-element elementor-element-478dad8 elementor-widget elementor-widget-text-editor\" data-id=\"478dad8\" data-element_type=\"widget\" data-e-type=\"widget\" data-widget_type=\"text-editor.default\">\n\t\t\t\t<div class=\"elementor-widget-container\">\n\t\t\t\t\t\t\t\t\t<h4>Le si\u00e8ge de Level&rsquo;UP Education est situ\u00e9 \u00e0 Ouagadougou (Burkina Faso),<\/h4>\n<h4>dans le quartier Ouaga 2000, non loin de l&rsquo;ambassade des Etats-Unis.<\/h4>\n<h4><!-- \/wp:paragraph --><!-- wp:paragraph --><\/h4>\n<h4>\u00a0<\/h4>\n<h4><!-- \/wp:paragraph --><!-- wp:paragraph --><\/h4>\n<h4><strong>Accueil sans rendez-vous:<\/strong><\/h4>\n<h4><!-- \/wp:paragraph --><!-- wp:paragraph {\"textColor\":\"vivid-cyan-blue\"} --><\/h4>\n<h4 class=\"has-vivid-cyan-blue-color has-text-color\">&#8211; du Lundi au Vendredi de 08h \u00e0 18h;<\/h4>\n<h4><!-- \/wp:paragraph --><!-- wp:paragraph {\"textColor\":\"vivid-cyan-blue\"} --><\/h4>\n<h4 class=\"has-vivid-cyan-blue-color has-text-color\">&#8211; Samedi de 09h \u00e0 14h.<\/h4>\n<p><!-- \/wp:paragraph --><!-- wp:paragraph --><\/p>\n<p>\u00a0<\/p>\t\t\t\t\t\t\t\t<\/div>\n\t\t\t\t<\/div>\n\t\t\t\t\t<\/div>\n\t\t\t\t<\/div>\n\t\t\t\t<div class=\"elementor-element elementor-element-6ffc1a5f elementor-widget elementor-widget-text-editor\" data-id=\"6ffc1a5f\" data-element_type=\"widget\" data-e-type=\"widget\" data-widget_type=\"text-editor.default\">\n\t\t\t\t<div class=\"elementor-widget-container\">\n\t\t\t\t\t\t\t\t\t<!-- wp:html -->\n<div data-cpid=\"cp_node_293\" class=\"row text-center\"> <div data-cpid=\"cp_node_294\" class=\"col-xs-12 col-sm-8 col-sm-offset-2 contact-form-wrapper inline-info\"> <div data-cpid=\"cp_node_295\" class=\"card mdc-elevation--z4 col-padding-top\"> <div data-cpid=\"cp_node_296\" class=\"dark-text\" data-content-shortcode=\"materialis_contact_form shortcode=&quot;contact-form-7 id=&amp;amp;quot;85&amp;amp;quot; title=&amp;amp;quot;Formulaire de contact 1&amp;amp;quot;&quot;\" data-editable=\"true\"><div role=\"form\" class=\"wpcf7\" id=\"wpcf7-f85-p70-o1\" lang=\"fr-FR\" dir=\"ltr\">\n<div class=\"screen-reader-response\"><p role=\"status\" aria-live=\"polite\" aria-atomic=\"true\"><\/p> <ul><\/ul><\/div>\n<form action=\"\/wp-admin\/admin-ajax.php#wpcf7-f85-p70-o1\" method=\"post\" class=\"wpcf7-form init\" novalidate=\"novalidate\" data-status=\"init\">\n<div style=\"display: none;\">\n<input type=\"hidden\" name=\"_wpcf7\" value=\"85\"\/>\n<input type=\"hidden\" name=\"_wpcf7_version\" value=\"5.4.2\"\/>\n<input type=\"hidden\" name=\"_wpcf7_locale\" value=\"fr_FR\"\/>\n<input type=\"hidden\" name=\"_wpcf7_unit_tag\" value=\"wpcf7-f85-p70-o1\"\/>\n<input type=\"hidden\" name=\"_wpcf7_container_post\" value=\"70\"\/>\n<input type=\"hidden\" name=\"_wpcf7_posted_data_hash\" value=\"\"\/>\n<\/div>\n<p><label> Votre nom<br \/>\n    <span class=\"wpcf7-form-control-wrap your-name\"><input type=\"text\" name=\"your-name\" value=\"\" size=\"40\" class=\"wpcf7-form-control wpcf7-text wpcf7-validates-as-required\" aria-required=\"true\" aria-invalid=\"false\"\/><\/span> <\/label><\/p>\n<p><label> Votre e-mail<br \/>\n    <span class=\"wpcf7-form-control-wrap your-email\"><input type=\"email\" name=\"your-email\" value=\"\" size=\"40\" class=\"wpcf7-form-control wpcf7-text wpcf7-email wpcf7-validates-as-required wpcf7-validates-as-email\" aria-required=\"true\" aria-invalid=\"false\"\/><\/span> <\/label><\/p>\n<p><label> Objet<br \/>\n    <span class=\"wpcf7-form-control-wrap your-subject\"><input type=\"text\" name=\"your-subject\" value=\"\" size=\"40\" class=\"wpcf7-form-control wpcf7-text wpcf7-validates-as-required\" aria-required=\"true\" aria-invalid=\"false\"\/><\/span> <\/label><\/p>\n<p><label> Votre message (facultatif)<br \/>\n    <span class=\"wpcf7-form-control-wrap your-message\"><textarea name=\"your-message\" cols=\"40\" rows=\"10\" class=\"wpcf7-form-control wpcf7-textarea\" aria-invalid=\"false\"><\/textarea><\/span> <\/label><\/p>\n<p><input type=\"submit\" value=\"Envoyer\" class=\"wpcf7-form-control wpcf7-submit\"\/><\/p>\n<div class=\"wpcf7-response-output\" aria-hidden=\"true\"><\/div><\/form><\/div><\/div><\/div> <\/div><\/div>\n<!-- \/wp:html -->\n\n<!-- wp:spacer -->\n<div style=\"height:100px\" aria-hidden=\"true\" class=\"wp-block-spacer\"><\/div>\n<!-- \/wp:spacer -->\n\n<!-- wp:html -->\n<div class=\"container\">\n    <div class=\"row\">\n        <!-- Card Projects -->\n            <div class=\"card\">\n                <div class=\"card-image\">\n                    <iframe src=\"https:\/\/www.google.com\/maps\/embed?pb=!1m18!1m12!1m3!1d3898.1112771484236!2d-1.4945354847258991!3d12.3082924912935!2m3!1f0!2f0!3f0!3m2!1i1024!2i768!4f13.1!3m3!1m2!1s0xe2ebd955590f0cb%3A0x952a4f51ad059aa6!2sLEVEL&#39;UP%20EDUCATION!5e0!3m2!1sen!2sbf!4v1626718307852!5m2!1sen!2sbf\" width=\"1200\" height=\"600\" style=\"border:0;\" allowfullscreen=\"\" loading=\"lazy\"><\/iframe>\n                <\/div>\n            <\/div>\n        <\/div>\n    <\/div>\n\n<!-- \/wp:html -->\t\t\t\t\t\t\t\t<\/div>\n\t\t\t\t<\/div>\n\t\t\t\t\t<\/div>\n\t\t\t\t<\/div>\n\t\t\t\t<\/div>\n\t\t","protected":false},"excerpt":{"rendered":"<p>Le si\u00e8ge de Level&rsquo;UP Education est situ\u00e9 \u00e0 Ouagadougou (Burkina Faso), dans le quartier Ouaga 2000, non loin de l&rsquo;ambassade des Etats-Unis. \u00a0 Accueil sans rendez-vous: &#8211; du Lundi au Vendredi de 08h \u00e0 18h; &#8211; Samedi de 09h \u00e0 14h. \u00a0 Votre nom Votre e-mail Objet Votre message (facultatif)<\/p>\n","protected":false},"author":3,"featured_media":655,"parent":0,"menu_order":0,"comment_status":"closed","ping_status":"closed","template":"","meta":{"_monsterinsights_skip_tracking":false,"_monsterinsights_sitenote_active":false,"_monsterinsights_sitenote_note":"","_monsterinsights_sitenote_category":0,"footnotes":""},"class_list":["post-156","page","type-page","status-publish","has-post-thumbnail","hentry"],"yoast_head":"<!-- This site is optimized with the Yoast SEO plugin v27.5 - https:\/\/yoast.com\/product\/yoast-seo-wordpress\/ -->\n<title>Contact - LEVEL UP EDUCATION<\/title>\n<meta name=\"description\" content=\"Level Up Education est un centre d&#039;accompagnement des jeunes et des professionnels, sp\u00e9cialis\u00e9 dans le conseil, l&#039;orientation, la r\u00e9orientation scolaire et l&#039;accompagnement des \u00e9tudiants dans leurs projets d&#039;\u00e9tudes \u00e0 l&#039;international.\" \/>\n<meta name=\"robots\" content=\"index, follow, max-snippet:-1, max-image-preview:large, max-video-preview:-1\" \/>\n<link rel=\"canonical\" href=\"https:\/\/levelup-bf.com\/?page_id=156\" \/>\n<meta property=\"og:locale\" content=\"fr_FR\" \/>\n<meta property=\"og:type\" content=\"article\" \/>\n<meta property=\"og:title\" content=\"Contact - LEVEL UP EDUCATION\" \/>\n<meta property=\"og:description\" content=\"Level Up Education est un centre d&#039;accompagnement des jeunes et des professionnels, sp\u00e9cialis\u00e9 dans le conseil, l&#039;orientation, la r\u00e9orientation scolaire et l&#039;accompagnement des \u00e9tudiants dans leurs projets d&#039;\u00e9tudes \u00e0 l&#039;international.\" \/>\n<meta property=\"og:url\" content=\"https:\/\/levelup-bf.com\/?page_id=156\" \/>\n<meta property=\"og:site_name\" content=\"LEVEL UP EDUCATION\" \/>\n<meta property=\"article:publisher\" content=\"https:\/\/www.facebook.com\/Levelup-Education-100296392005332\/\" \/>\n<meta property=\"article:modified_time\" content=\"2024-01-22T10:00:28+00:00\" \/>\n<meta property=\"og:image\" content=\"https:\/\/levelup-bf.com\/wp-content\/uploads\/2021\/07\/orientation.jpg\" \/>\n\t<meta property=\"og:image:width\" content=\"900\" \/>\n\t<meta property=\"og:image:height\" content=\"300\" \/>\n\t<meta property=\"og:image:type\" content=\"image\/jpeg\" \/>\n<meta name=\"twitter:label1\" content=\"Dur\u00e9e de lecture estim\u00e9e\" \/>\n\t<meta name=\"twitter:data1\" content=\"1 minute\" \/>\n<script type=\"application\/ld+json\" class=\"yoast-schema-graph\">{\"@context\":\"https:\\\/\\\/schema.org\",\"@graph\":[{\"@type\":\"WebPage\",\"@id\":\"https:\\\/\\\/levelup-bf.com\\\/?page_id=156\",\"url\":\"https:\\\/\\\/levelup-bf.com\\\/?page_id=156\",\"name\":\"Contact - LEVEL UP EDUCATION\",\"isPartOf\":{\"@id\":\"https:\\\/\\\/levelup-bf.com\\\/#website\"},\"primaryImageOfPage\":{\"@id\":\"https:\\\/\\\/levelup-bf.com\\\/?page_id=156#primaryimage\"},\"image\":{\"@id\":\"https:\\\/\\\/levelup-bf.com\\\/?page_id=156#primaryimage\"},\"thumbnailUrl\":\"https:\\\/\\\/levelup-bf.com\\\/wp-content\\\/uploads\\\/2021\\\/07\\\/orientation.jpg\",\"datePublished\":\"2021-07-15T15:24:36+00:00\",\"dateModified\":\"2024-01-22T10:00:28+00:00\",\"description\":\"Level Up Education est un centre d'accompagnement des jeunes et des professionnels, sp\u00e9cialis\u00e9 dans le conseil, l'orientation, la r\u00e9orientation scolaire et l'accompagnement des \u00e9tudiants dans leurs projets d'\u00e9tudes \u00e0 l'international.\",\"breadcrumb\":{\"@id\":\"https:\\\/\\\/levelup-bf.com\\\/?page_id=156#breadcrumb\"},\"inLanguage\":\"fr-FR\",\"potentialAction\":[{\"@type\":\"ReadAction\",\"target\":[\"https:\\\/\\\/levelup-bf.com\\\/?page_id=156\"]}]},{\"@type\":\"ImageObject\",\"inLanguage\":\"fr-FR\",\"@id\":\"https:\\\/\\\/levelup-bf.com\\\/?page_id=156#primaryimage\",\"url\":\"https:\\\/\\\/levelup-bf.com\\\/wp-content\\\/uploads\\\/2021\\\/07\\\/orientation.jpg\",\"contentUrl\":\"https:\\\/\\\/levelup-bf.com\\\/wp-content\\\/uploads\\\/2021\\\/07\\\/orientation.jpg\",\"width\":900,\"height\":300},{\"@type\":\"BreadcrumbList\",\"@id\":\"https:\\\/\\\/levelup-bf.com\\\/?page_id=156#breadcrumb\",\"itemListElement\":[{\"@type\":\"ListItem\",\"position\":1,\"name\":\"Accueil\",\"item\":\"https:\\\/\\\/levelup-bf.com\\\/\"},{\"@type\":\"ListItem\",\"position\":2,\"name\":\"Contact\"}]},{\"@type\":\"WebSite\",\"@id\":\"https:\\\/\\\/levelup-bf.com\\\/#website\",\"url\":\"https:\\\/\\\/levelup-bf.com\\\/\",\"name\":\"LEVEL UP EDUCATION\",\"description\":\"L&#039;Expert de l&#039;Orientation Scolaire et de la Mobilit\u00e9 Internationale des \u00c9tudiants!\",\"publisher\":{\"@id\":\"https:\\\/\\\/levelup-bf.com\\\/#organization\"},\"potentialAction\":[{\"@type\":\"SearchAction\",\"target\":{\"@type\":\"EntryPoint\",\"urlTemplate\":\"https:\\\/\\\/levelup-bf.com\\\/?s={search_term_string}\"},\"query-input\":{\"@type\":\"PropertyValueSpecification\",\"valueRequired\":true,\"valueName\":\"search_term_string\"}}],\"inLanguage\":\"fr-FR\"},{\"@type\":\"Organization\",\"@id\":\"https:\\\/\\\/levelup-bf.com\\\/#organization\",\"name\":\"Level'Up Education\",\"url\":\"https:\\\/\\\/levelup-bf.com\\\/\",\"logo\":{\"@type\":\"ImageObject\",\"inLanguage\":\"fr-FR\",\"@id\":\"https:\\\/\\\/levelup-bf.com\\\/#\\\/schema\\\/logo\\\/image\\\/\",\"url\":\"https:\\\/\\\/levelup-bf.com\\\/wp-content\\\/uploads\\\/2021\\\/02\\\/cropped-cropped-LOGO-10.jpeg\",\"contentUrl\":\"https:\\\/\\\/levelup-bf.com\\\/wp-content\\\/uploads\\\/2021\\\/02\\\/cropped-cropped-LOGO-10.jpeg\",\"width\":915,\"height\":912,\"caption\":\"Level'Up Education\"},\"image\":{\"@id\":\"https:\\\/\\\/levelup-bf.com\\\/#\\\/schema\\\/logo\\\/image\\\/\"},\"sameAs\":[\"https:\\\/\\\/www.facebook.com\\\/Levelup-Education-100296392005332\\\/\",\"https:\\\/\\\/www.instagram.com\\\/level_up_educ\\\/\"]}]}<\/script>\n<!-- \/ Yoast SEO plugin. -->","yoast_head_json":{"title":"Contact - LEVEL UP EDUCATION","description":"Level Up Education est un centre d'accompagnement des jeunes et des professionnels, sp\u00e9cialis\u00e9 dans le conseil, l'orientation, la r\u00e9orientation scolaire et l'accompagnement des \u00e9tudiants dans leurs projets d'\u00e9tudes \u00e0 l'international.","robots":{"index":"index","follow":"follow","max-snippet":"max-snippet:-1","max-image-preview":"max-image-preview:large","max-video-preview":"max-video-preview:-1"},"canonical":"https:\/\/levelup-bf.com\/?page_id=156","og_locale":"fr_FR","og_type":"article","og_title":"Contact - LEVEL UP EDUCATION","og_description":"Level Up Education est un centre d'accompagnement des jeunes et des professionnels, sp\u00e9cialis\u00e9 dans le conseil, l'orientation, la r\u00e9orientation scolaire et l'accompagnement des \u00e9tudiants dans leurs projets d'\u00e9tudes \u00e0 l'international.","og_url":"https:\/\/levelup-bf.com\/?page_id=156","og_site_name":"LEVEL UP EDUCATION","article_publisher":"https:\/\/www.facebook.com\/Levelup-Education-100296392005332\/","article_modified_time":"2024-01-22T10:00:28+00:00","og_image":[{"width":900,"height":300,"url":"https:\/\/levelup-bf.com\/wp-content\/uploads\/2021\/07\/orientation.jpg","type":"image\/jpeg"}],"twitter_misc":{"Dur\u00e9e de lecture estim\u00e9e":"1 minute"},"schema":{"@context":"https:\/\/schema.org","@graph":[{"@type":"WebPage","@id":"https:\/\/levelup-bf.com\/?page_id=156","url":"https:\/\/levelup-bf.com\/?page_id=156","name":"Contact - LEVEL UP EDUCATION","isPartOf":{"@id":"https:\/\/levelup-bf.com\/#website"},"primaryImageOfPage":{"@id":"https:\/\/levelup-bf.com\/?page_id=156#primaryimage"},"image":{"@id":"https:\/\/levelup-bf.com\/?page_id=156#primaryimage"},"thumbnailUrl":"https:\/\/levelup-bf.com\/wp-content\/uploads\/2021\/07\/orientation.jpg","datePublished":"2021-07-15T15:24:36+00:00","dateModified":"2024-01-22T10:00:28+00:00","description":"Level Up Education est un centre d'accompagnement des jeunes et des professionnels, sp\u00e9cialis\u00e9 dans le conseil, l'orientation, la r\u00e9orientation scolaire et l'accompagnement des \u00e9tudiants dans leurs projets d'\u00e9tudes \u00e0 l'international.","breadcrumb":{"@id":"https:\/\/levelup-bf.com\/?page_id=156#breadcrumb"},"inLanguage":"fr-FR","potentialAction":[{"@type":"ReadAction","target":["https:\/\/levelup-bf.com\/?page_id=156"]}]},{"@type":"ImageObject","inLanguage":"fr-FR","@id":"https:\/\/levelup-bf.com\/?page_id=156#primaryimage","url":"https:\/\/levelup-bf.com\/wp-content\/uploads\/2021\/07\/orientation.jpg","contentUrl":"https:\/\/levelup-bf.com\/wp-content\/uploads\/2021\/07\/orientation.jpg","width":900,"height":300},{"@type":"BreadcrumbList","@id":"https:\/\/levelup-bf.com\/?page_id=156#breadcrumb","itemListElement":[{"@type":"ListItem","position":1,"name":"Accueil","item":"https:\/\/levelup-bf.com\/"},{"@type":"ListItem","position":2,"name":"Contact"}]},{"@type":"WebSite","@id":"https:\/\/levelup-bf.com\/#website","url":"https:\/\/levelup-bf.com\/","name":"LEVEL UP EDUCATION","description":"L&#039;Expert de l&#039;Orientation Scolaire et de la Mobilit\u00e9 Internationale des \u00c9tudiants!","publisher":{"@id":"https:\/\/levelup-bf.com\/#organization"},"potentialAction":[{"@type":"SearchAction","target":{"@type":"EntryPoint","urlTemplate":"https:\/\/levelup-bf.com\/?s={search_term_string}"},"query-input":{"@type":"PropertyValueSpecification","valueRequired":true,"valueName":"search_term_string"}}],"inLanguage":"fr-FR"},{"@type":"Organization","@id":"https:\/\/levelup-bf.com\/#organization","name":"Level'Up Education","url":"https:\/\/levelup-bf.com\/","logo":{"@type":"ImageObject","inLanguage":"fr-FR","@id":"https:\/\/levelup-bf.com\/#\/schema\/logo\/image\/","url":"https:\/\/levelup-bf.com\/wp-content\/uploads\/2021\/02\/cropped-cropped-LOGO-10.jpeg","contentUrl":"https:\/\/levelup-bf.com\/wp-content\/uploads\/2021\/02\/cropped-cropped-LOGO-10.jpeg","width":915,"height":912,"caption":"Level'Up Education"},"image":{"@id":"https:\/\/levelup-bf.com\/#\/schema\/logo\/image\/"},"sameAs":["https:\/\/www.facebook.com\/Levelup-Education-100296392005332\/","https:\/\/www.instagram.com\/level_up_educ\/"]}]}},"_links":{"self":[{"href":"https:\/\/levelup-bf.com\/index.php?rest_route=\/wp\/v2\/pages\/156","targetHints":{"allow":["GET"]}}],"collection":[{"href":"https:\/\/levelup-bf.com\/index.php?rest_route=\/wp\/v2\/pages"}],"about":[{"href":"https:\/\/levelup-bf.com\/index.php?rest_route=\/wp\/v2\/types\/page"}],"author":[{"embeddable":true,"href":"https:\/\/levelup-bf.com\/index.php?rest_route=\/wp\/v2\/users\/3"}],"replies":[{"embeddable":true,"href":"https:\/\/levelup-bf.com\/index.php?rest_route=%2Fwp%2Fv2%2Fcomments&post=156"}],"version-history":[{"count":4,"href":"https:\/\/levelup-bf.com\/index.php?rest_route=\/wp\/v2\/pages\/156\/revisions"}],"predecessor-version":[{"id":2786,"href":"https:\/\/levelup-bf.com\/index.php?rest_route=\/wp\/v2\/pages\/156\/revisions\/2786"}],"wp:featuredmedia":[{"embeddable":true,"href":"https:\/\/levelup-bf.com\/index.php?rest_route=\/wp\/v2\/media\/655"}],"wp:attachment":[{"href":"https:\/\/levelup-bf.com\/index.php?rest_route=%2Fwp%2Fv2%2Fmedia&parent=156"}],"curies":[{"name":"wp","href":"https:\/\/api.w.org\/{rel}","templated":true}]}}