{"id":1731,"date":"2022-09-10T14:57:15","date_gmt":"2022-09-10T14:57:15","guid":{"rendered":"https:\/\/levelup-bf.com\/?page_id=1731"},"modified":"2024-01-22T18:03:30","modified_gmt":"2024-01-22T18:03:30","slug":"demandes-de-visa","status":"publish","type":"page","link":"https:\/\/levelup-bf.com\/?page_id=1731","title":{"rendered":"Demandes de visa"},"content":{"rendered":"\t\t<div data-elementor-type=\"wp-page\" data-elementor-id=\"1731\" class=\"elementor elementor-1731\">\n\t\t\t\t<div class=\"elementor-element elementor-element-522a14d8 e-flex e-con-boxed e-con e-parent\" data-id=\"522a14d8\" data-element_type=\"container\" data-e-type=\"container\">\n\t\t\t\t\t<div class=\"e-con-inner\">\n\t\t<div class=\"elementor-element elementor-element-a325443 e-flex e-con-boxed e-con e-child\" data-id=\"a325443\" data-element_type=\"container\" data-e-type=\"container\">\n\t\t\t\t\t<div class=\"e-con-inner\">\n\t\t\t\t<div class=\"elementor-element elementor-element-0301f05 elementor-widget elementor-widget-image\" data-id=\"0301f05\" data-element_type=\"widget\" data-e-type=\"widget\" data-widget_type=\"image.default\">\n\t\t\t\t<div class=\"elementor-widget-container\">\n\t\t\t\t\t\t\t\t\t\t\t\t\t\t\t<img fetchpriority=\"high\" decoding=\"async\" width=\"279\" height=\"300\" src=\"https:\/\/levelup-bf.com\/wp-content\/uploads\/2024\/01\/qpmp_ive4_211101-279x300.jpg\" class=\"attachment-medium size-medium wp-image-2535\" alt=\"\" srcset=\"https:\/\/levelup-bf.com\/wp-content\/uploads\/2024\/01\/qpmp_ive4_211101-279x300.jpg 279w, https:\/\/levelup-bf.com\/wp-content\/uploads\/2024\/01\/qpmp_ive4_211101-952x1024.jpg 952w, https:\/\/levelup-bf.com\/wp-content\/uploads\/2024\/01\/qpmp_ive4_211101-768x826.jpg 768w, https:\/\/levelup-bf.com\/wp-content\/uploads\/2024\/01\/qpmp_ive4_211101-1429x1536.jpg 1429w, https:\/\/levelup-bf.com\/wp-content\/uploads\/2024\/01\/qpmp_ive4_211101-1905x2048.jpg 1905w, https:\/\/levelup-bf.com\/wp-content\/uploads\/2024\/01\/qpmp_ive4_211101-1232x1325.jpg 1232w, https:\/\/levelup-bf.com\/wp-content\/uploads\/2024\/01\/qpmp_ive4_211101-1004x1080.jpg 1004w\" sizes=\"(max-width: 279px) 100vw, 279px\" \/>\t\t\t\t\t\t\t\t\t\t\t\t\t\t\t<\/div>\n\t\t\t\t<\/div>\n\t\t\t\t\t<\/div>\n\t\t\t\t<\/div>\n\t\t<div class=\"elementor-element elementor-element-e79b2a3 e-flex e-con-boxed e-con e-child\" data-id=\"e79b2a3\" data-element_type=\"container\" data-e-type=\"container\">\n\t\t\t\t\t<div class=\"e-con-inner\">\n\t\t\t\t<div class=\"elementor-element elementor-element-f4c745e elementor-widget elementor-widget-heading\" data-id=\"f4c745e\" data-element_type=\"widget\" data-e-type=\"widget\" data-widget_type=\"heading.default\">\n\t\t\t\t<div class=\"elementor-widget-container\">\n\t\t\t\t\t<h2 class=\"elementor-heading-title elementor-size-default\">France<\/h2>\t\t\t\t<\/div>\n\t\t\t\t<\/div>\n\t\t\t\t\t<\/div>\n\t\t\t\t<\/div>\n\t\t\t\t<div class=\"elementor-element elementor-element-1fbb4f8 elementor-widget elementor-widget-text-editor\" data-id=\"1fbb4f8\" data-element_type=\"widget\" data-e-type=\"widget\" data-widget_type=\"text-editor.default\">\n\t\t\t\t<div class=\"elementor-widget-container\">\n\t\t\t\t\t\t\t\t\t<h4>En France, le visa d&rsquo;\u00e9tudes est un document obligatoire valant autorisation de s\u00e9jour sur le territoire. Sa dur\u00e9e varie selon le type de formation envisag\u00e9e.<\/h4>\n<h4><!-- \/wp:paragraph --><!-- wp:paragraph --><\/h4>\n<h4>Level Up Education vous informe d\u00e8s le d\u00e9but de vos d\u00e9marches d\u2019inscription sur les documents qu&rsquo;il vous faudra \u00e0 terme rassembler pour la demande de visa et vous fournit tous les conseils pour \u00e9viter un refus de visa. Nous vous assistons dans la mobilisation des justificatifs de ressources, de logement et d&rsquo;assurance, qui sont des documents indispensables \u00e0 fournir au consulat, et nous accompagnons sur toute la proc\u00e9dure de demande de visa.<\/h4>\n<h4><!-- \/wp:paragraph --><!-- wp:paragraph --><\/h4>\n<h4>La d\u00e9livrance du visa rel\u00e8ve de la seule comp\u00e9tence des consulats.<\/h4>\t\t\t\t\t\t\t\t<\/div>\n\t\t\t\t<\/div>\n\t\t<div class=\"elementor-element elementor-element-2c386d5 e-flex e-con-boxed e-con e-child\" data-id=\"2c386d5\" data-element_type=\"container\" data-e-type=\"container\">\n\t\t\t\t\t<div class=\"e-con-inner\">\n\t\t\t\t<div class=\"elementor-element elementor-element-6ca6319 elementor-widget elementor-widget-heading\" data-id=\"6ca6319\" data-element_type=\"widget\" data-e-type=\"widget\" data-widget_type=\"heading.default\">\n\t\t\t\t<div class=\"elementor-widget-container\">\n\t\t\t\t\t<h2 class=\"elementor-heading-title elementor-size-default\">Canada<\/h2>\t\t\t\t<\/div>\n\t\t\t\t<\/div>\n\t\t\t\t\t<\/div>\n\t\t\t\t<\/div>\n\t\t\t\t<div class=\"elementor-element elementor-element-8fdbbb6 elementor-widget elementor-widget-text-editor\" data-id=\"8fdbbb6\" data-element_type=\"widget\" data-e-type=\"widget\" data-widget_type=\"text-editor.default\">\n\t\t\t\t<div class=\"elementor-widget-container\">\n\t\t\t\t\t\t\t\t\t<h4>Pour le Canada, une fois l&rsquo;admission obtenue en universit\u00e9 ou au coll\u00e8ge, nous vous mettons en relation avec les services des relations internationales des universit\u00e9s ou des agents en immigrations qui poss\u00e8dent les autorisations officielles pour vous accompagner dans vos d\u00e9marches de demande de permis d&rsquo;\u00e9tudes et de visa.<\/h4>\n<p><!-- \/wp:paragraph --><!-- wp:paragraph --><\/p>\n<p>\u00a0<\/p>\t\t\t\t\t\t\t\t<\/div>\n\t\t\t\t<\/div>\n\t\t<div class=\"elementor-element elementor-element-e973359 e-flex e-con-boxed e-con e-child\" data-id=\"e973359\" data-element_type=\"container\" data-e-type=\"container\">\n\t\t\t\t\t<div class=\"e-con-inner\">\n\t\t\t\t<div class=\"elementor-element elementor-element-ac8925e elementor-widget elementor-widget-heading\" data-id=\"ac8925e\" data-element_type=\"widget\" data-e-type=\"widget\" data-widget_type=\"heading.default\">\n\t\t\t\t<div class=\"elementor-widget-container\">\n\t\t\t\t\t<h2 class=\"elementor-heading-title elementor-size-default\">Chine<\/h2>\t\t\t\t<\/div>\n\t\t\t\t<\/div>\n\t\t\t\t\t<\/div>\n\t\t\t\t<\/div>\n\t\t\t\t<div class=\"elementor-element elementor-element-f857e03 elementor-widget elementor-widget-text-editor\" data-id=\"f857e03\" data-element_type=\"widget\" data-e-type=\"widget\" data-widget_type=\"text-editor.default\">\n\t\t\t\t<div class=\"elementor-widget-container\">\n\t\t\t\t\t\t\t\t\t<h4>Peu de temps apr\u00e8s avoir re\u00e7u votre lettre d&rsquo;acceptation de votre universit\u00e9, il est temps de demander un visa \u00e9tudiant chinois, que vous soyez \u00e9tudiant europ\u00e9en ou non europ\u00e9en.<\/h4>\n<h4>Assurez-vous des mois avant votre arriv\u00e9e pour rassembler et pr\u00e9parer tous les documents n\u00e9cessaires. Demandez \u00e0 votre universit\u00e9 des conseils et des informations suppl\u00e9mentaires et contactez \u00e9galement l&rsquo;ambassade de Chine la plus proche dans votre pays d&rsquo;origine pour toute question. Ce faisant, vous \u00e9viterez les retards qui pourraient survenir pour des raisons bureaucratiques.<\/h4>\n<h4>La proc\u00e9dure semble compliqu\u00e9 mais ne vous inqui\u00e9tez, Level Up Education\u00a0 est dispos\u00e9 \u00e0 vous accompagne si vous le d\u00e9sirer.<\/h4>\t\t\t\t\t\t\t\t<\/div>\n\t\t\t\t<\/div>\n\t\t<div class=\"elementor-element elementor-element-2173210 e-flex e-con-boxed e-con e-child\" data-id=\"2173210\" data-element_type=\"container\" data-e-type=\"container\">\n\t\t\t\t\t<div class=\"e-con-inner\">\n\t\t\t\t<div class=\"elementor-element elementor-element-870eb38 elementor-widget elementor-widget-heading\" data-id=\"870eb38\" data-element_type=\"widget\" data-e-type=\"widget\" data-widget_type=\"heading.default\">\n\t\t\t\t<div class=\"elementor-widget-container\">\n\t\t\t\t\t<h2 class=\"elementor-heading-title elementor-size-default\">Irlande<\/h2>\t\t\t\t<\/div>\n\t\t\t\t<\/div>\n\t\t\t\t\t<\/div>\n\t\t\t\t<\/div>\n\t\t\t\t<div class=\"elementor-element elementor-element-a036569 elementor-widget elementor-widget-text-editor\" data-id=\"a036569\" data-element_type=\"widget\" data-e-type=\"widget\" data-widget_type=\"text-editor.default\">\n\t\t\t\t<div class=\"elementor-widget-container\">\n\t\t\t\t\t\t\t\t\t<h4>Vous devez demander votre visa d&rsquo;\u00e9tudes trois mois avant votre arriv\u00e9e en Irlande. Tout d&rsquo;abord, parcourez la liste de la documentation. Rassemblez des documents prouvant votre identit\u00e9, votre formation, vos comp\u00e9tences en anglais (si vous n&rsquo;\u00eates pas originaire d&rsquo;un pays anglophone), vos ant\u00e9c\u00e9dents professionnels et des preuves expliquant les lacunes de votre formation, comme les ann\u00e9es de c\u00e9sure, etc. Une exigence cl\u00e9 est que vous fournissiez des preuves que vous avez pay\u00e9 au moins 6000 \u20ac (7100 $ US) en frais de scolarit\u00e9 avant de postuler. Si vos frais de cours sont inf\u00e9rieurs \u00e0 6000 \u20ac, alors vous devez avoir pay\u00e9 le montant total.<\/h4>\n<h4>Vous devrez \u00e9galement prouver que vous serez financi\u00e8rement autonome tout au long de vos \u00e9tudes.<\/h4>\t\t\t\t\t\t\t\t<\/div>\n\t\t\t\t<\/div>\n\t\t\t\t\t<\/div>\n\t\t\t\t<\/div>\n\t\t\t\t<\/div>\n\t\t","protected":false},"excerpt":{"rendered":"<p>France En France, le visa d&rsquo;\u00e9tudes est un document obligatoire valant autorisation de s\u00e9jour sur le territoire. Sa dur\u00e9e varie selon le type de formation envisag\u00e9e. Level Up Education vous informe d\u00e8s le d\u00e9but de vos d\u00e9marches d\u2019inscription sur les documents qu&rsquo;il vous faudra \u00e0 terme rassembler pour la demande de visa et vous fournit&nbsp;&hellip;<\/p>\n","protected":false},"author":3,"featured_media":0,"parent":0,"menu_order":0,"comment_status":"closed","ping_status":"closed","template":"","meta":{"_monsterinsights_skip_tracking":false,"_monsterinsights_sitenote_active":false,"_monsterinsights_sitenote_note":"","_monsterinsights_sitenote_category":0,"footnotes":""},"class_list":["post-1731","page","type-page","status-publish","hentry"],"yoast_head":"<!-- This site is optimized with the Yoast SEO plugin v27.5 - https:\/\/yoast.com\/product\/yoast-seo-wordpress\/ -->\n<title>Demandes de visa - LEVEL UP EDUCATION<\/title>\n<meta name=\"description\" content=\"Level Up Education est un centre d&#039;accompagnement des jeunes et des professionnels, sp\u00e9cialis\u00e9 dans le conseil, l&#039;orientation, la r\u00e9orientation scolaire et l&#039;accompagnement des \u00e9tudiants dans leurs projets d&#039;\u00e9tudes \u00e0 l&#039;international.\" \/>\n<meta name=\"robots\" content=\"index, follow, max-snippet:-1, max-image-preview:large, max-video-preview:-1\" \/>\n<link rel=\"canonical\" href=\"https:\/\/levelup-bf.com\/?page_id=1731\" \/>\n<meta property=\"og:locale\" content=\"fr_FR\" \/>\n<meta property=\"og:type\" content=\"article\" \/>\n<meta property=\"og:title\" content=\"Demandes de visa - LEVEL UP EDUCATION\" \/>\n<meta property=\"og:description\" content=\"Level Up Education est un centre d&#039;accompagnement des jeunes et des professionnels, sp\u00e9cialis\u00e9 dans le conseil, l&#039;orientation, la r\u00e9orientation scolaire et l&#039;accompagnement des \u00e9tudiants dans leurs projets d&#039;\u00e9tudes \u00e0 l&#039;international.\" \/>\n<meta property=\"og:url\" content=\"https:\/\/levelup-bf.com\/?page_id=1731\" \/>\n<meta property=\"og:site_name\" content=\"LEVEL UP EDUCATION\" \/>\n<meta property=\"article:publisher\" content=\"https:\/\/www.facebook.com\/Levelup-Education-100296392005332\/\" \/>\n<meta property=\"article:modified_time\" content=\"2024-01-22T18:03:30+00:00\" \/>\n<meta property=\"og:image\" content=\"https:\/\/levelup-bf.com\/wp-content\/uploads\/2024\/01\/qpmp_ive4_211101-279x300.jpg\" \/>\n<meta name=\"twitter:label1\" content=\"Dur\u00e9e de lecture estim\u00e9e\" \/>\n\t<meta name=\"twitter:data1\" content=\"2 minutes\" \/>\n<script type=\"application\/ld+json\" class=\"yoast-schema-graph\">{\"@context\":\"https:\\\/\\\/schema.org\",\"@graph\":[{\"@type\":\"WebPage\",\"@id\":\"https:\\\/\\\/levelup-bf.com\\\/?page_id=1731\",\"url\":\"https:\\\/\\\/levelup-bf.com\\\/?page_id=1731\",\"name\":\"Demandes de visa - LEVEL UP EDUCATION\",\"isPartOf\":{\"@id\":\"https:\\\/\\\/levelup-bf.com\\\/#website\"},\"primaryImageOfPage\":{\"@id\":\"https:\\\/\\\/levelup-bf.com\\\/?page_id=1731#primaryimage\"},\"image\":{\"@id\":\"https:\\\/\\\/levelup-bf.com\\\/?page_id=1731#primaryimage\"},\"thumbnailUrl\":\"https:\\\/\\\/levelup-bf.com\\\/wp-content\\\/uploads\\\/2024\\\/01\\\/qpmp_ive4_211101-279x300.jpg\",\"datePublished\":\"2022-09-10T14:57:15+00:00\",\"dateModified\":\"2024-01-22T18:03:30+00:00\",\"description\":\"Level Up Education est un centre d'accompagnement des jeunes et des professionnels, sp\u00e9cialis\u00e9 dans le conseil, l'orientation, la r\u00e9orientation scolaire et l'accompagnement des \u00e9tudiants dans leurs projets d'\u00e9tudes \u00e0 l'international.\",\"breadcrumb\":{\"@id\":\"https:\\\/\\\/levelup-bf.com\\\/?page_id=1731#breadcrumb\"},\"inLanguage\":\"fr-FR\",\"potentialAction\":[{\"@type\":\"ReadAction\",\"target\":[\"https:\\\/\\\/levelup-bf.com\\\/?page_id=1731\"]}]},{\"@type\":\"ImageObject\",\"inLanguage\":\"fr-FR\",\"@id\":\"https:\\\/\\\/levelup-bf.com\\\/?page_id=1731#primaryimage\",\"url\":\"https:\\\/\\\/levelup-bf.com\\\/wp-content\\\/uploads\\\/2024\\\/01\\\/qpmp_ive4_211101-scaled.jpg\",\"contentUrl\":\"https:\\\/\\\/levelup-bf.com\\\/wp-content\\\/uploads\\\/2024\\\/01\\\/qpmp_ive4_211101-scaled.jpg\",\"width\":2381,\"height\":2560,\"caption\":\"Passport with flight tickets on white background illustration\"},{\"@type\":\"BreadcrumbList\",\"@id\":\"https:\\\/\\\/levelup-bf.com\\\/?page_id=1731#breadcrumb\",\"itemListElement\":[{\"@type\":\"ListItem\",\"position\":1,\"name\":\"Accueil\",\"item\":\"https:\\\/\\\/levelup-bf.com\\\/\"},{\"@type\":\"ListItem\",\"position\":2,\"name\":\"Demandes de visa\"}]},{\"@type\":\"WebSite\",\"@id\":\"https:\\\/\\\/levelup-bf.com\\\/#website\",\"url\":\"https:\\\/\\\/levelup-bf.com\\\/\",\"name\":\"LEVEL UP EDUCATION\",\"description\":\"L&#039;Expert de l&#039;Orientation Scolaire et de la Mobilit\u00e9 Internationale des \u00c9tudiants!\",\"publisher\":{\"@id\":\"https:\\\/\\\/levelup-bf.com\\\/#organization\"},\"potentialAction\":[{\"@type\":\"SearchAction\",\"target\":{\"@type\":\"EntryPoint\",\"urlTemplate\":\"https:\\\/\\\/levelup-bf.com\\\/?s={search_term_string}\"},\"query-input\":{\"@type\":\"PropertyValueSpecification\",\"valueRequired\":true,\"valueName\":\"search_term_string\"}}],\"inLanguage\":\"fr-FR\"},{\"@type\":\"Organization\",\"@id\":\"https:\\\/\\\/levelup-bf.com\\\/#organization\",\"name\":\"Level'Up Education\",\"url\":\"https:\\\/\\\/levelup-bf.com\\\/\",\"logo\":{\"@type\":\"ImageObject\",\"inLanguage\":\"fr-FR\",\"@id\":\"https:\\\/\\\/levelup-bf.com\\\/#\\\/schema\\\/logo\\\/image\\\/\",\"url\":\"https:\\\/\\\/levelup-bf.com\\\/wp-content\\\/uploads\\\/2021\\\/02\\\/cropped-cropped-LOGO-10.jpeg\",\"contentUrl\":\"https:\\\/\\\/levelup-bf.com\\\/wp-content\\\/uploads\\\/2021\\\/02\\\/cropped-cropped-LOGO-10.jpeg\",\"width\":915,\"height\":912,\"caption\":\"Level'Up Education\"},\"image\":{\"@id\":\"https:\\\/\\\/levelup-bf.com\\\/#\\\/schema\\\/logo\\\/image\\\/\"},\"sameAs\":[\"https:\\\/\\\/www.facebook.com\\\/Levelup-Education-100296392005332\\\/\",\"https:\\\/\\\/www.instagram.com\\\/level_up_educ\\\/\"]}]}<\/script>\n<!-- \/ Yoast SEO plugin. -->","yoast_head_json":{"title":"Demandes de visa - LEVEL UP EDUCATION","description":"Level Up Education est un centre d'accompagnement des jeunes et des professionnels, sp\u00e9cialis\u00e9 dans le conseil, l'orientation, la r\u00e9orientation scolaire et l'accompagnement des \u00e9tudiants dans leurs projets d'\u00e9tudes \u00e0 l'international.","robots":{"index":"index","follow":"follow","max-snippet":"max-snippet:-1","max-image-preview":"max-image-preview:large","max-video-preview":"max-video-preview:-1"},"canonical":"https:\/\/levelup-bf.com\/?page_id=1731","og_locale":"fr_FR","og_type":"article","og_title":"Demandes de visa - LEVEL UP EDUCATION","og_description":"Level Up Education est un centre d'accompagnement des jeunes et des professionnels, sp\u00e9cialis\u00e9 dans le conseil, l'orientation, la r\u00e9orientation scolaire et l'accompagnement des \u00e9tudiants dans leurs projets d'\u00e9tudes \u00e0 l'international.","og_url":"https:\/\/levelup-bf.com\/?page_id=1731","og_site_name":"LEVEL UP EDUCATION","article_publisher":"https:\/\/www.facebook.com\/Levelup-Education-100296392005332\/","article_modified_time":"2024-01-22T18:03:30+00:00","og_image":[{"url":"https:\/\/levelup-bf.com\/wp-content\/uploads\/2024\/01\/qpmp_ive4_211101-279x300.jpg","type":"","width":"","height":""}],"twitter_misc":{"Dur\u00e9e de lecture estim\u00e9e":"2 minutes"},"schema":{"@context":"https:\/\/schema.org","@graph":[{"@type":"WebPage","@id":"https:\/\/levelup-bf.com\/?page_id=1731","url":"https:\/\/levelup-bf.com\/?page_id=1731","name":"Demandes de visa - LEVEL UP EDUCATION","isPartOf":{"@id":"https:\/\/levelup-bf.com\/#website"},"primaryImageOfPage":{"@id":"https:\/\/levelup-bf.com\/?page_id=1731#primaryimage"},"image":{"@id":"https:\/\/levelup-bf.com\/?page_id=1731#primaryimage"},"thumbnailUrl":"https:\/\/levelup-bf.com\/wp-content\/uploads\/2024\/01\/qpmp_ive4_211101-279x300.jpg","datePublished":"2022-09-10T14:57:15+00:00","dateModified":"2024-01-22T18:03:30+00:00","description":"Level Up Education est un centre d'accompagnement des jeunes et des professionnels, sp\u00e9cialis\u00e9 dans le conseil, l'orientation, la r\u00e9orientation scolaire et l'accompagnement des \u00e9tudiants dans leurs projets d'\u00e9tudes \u00e0 l'international.","breadcrumb":{"@id":"https:\/\/levelup-bf.com\/?page_id=1731#breadcrumb"},"inLanguage":"fr-FR","potentialAction":[{"@type":"ReadAction","target":["https:\/\/levelup-bf.com\/?page_id=1731"]}]},{"@type":"ImageObject","inLanguage":"fr-FR","@id":"https:\/\/levelup-bf.com\/?page_id=1731#primaryimage","url":"https:\/\/levelup-bf.com\/wp-content\/uploads\/2024\/01\/qpmp_ive4_211101-scaled.jpg","contentUrl":"https:\/\/levelup-bf.com\/wp-content\/uploads\/2024\/01\/qpmp_ive4_211101-scaled.jpg","width":2381,"height":2560,"caption":"Passport with flight tickets on white background illustration"},{"@type":"BreadcrumbList","@id":"https:\/\/levelup-bf.com\/?page_id=1731#breadcrumb","itemListElement":[{"@type":"ListItem","position":1,"name":"Accueil","item":"https:\/\/levelup-bf.com\/"},{"@type":"ListItem","position":2,"name":"Demandes de visa"}]},{"@type":"WebSite","@id":"https:\/\/levelup-bf.com\/#website","url":"https:\/\/levelup-bf.com\/","name":"LEVEL UP EDUCATION","description":"L&#039;Expert de l&#039;Orientation Scolaire et de la Mobilit\u00e9 Internationale des \u00c9tudiants!","publisher":{"@id":"https:\/\/levelup-bf.com\/#organization"},"potentialAction":[{"@type":"SearchAction","target":{"@type":"EntryPoint","urlTemplate":"https:\/\/levelup-bf.com\/?s={search_term_string}"},"query-input":{"@type":"PropertyValueSpecification","valueRequired":true,"valueName":"search_term_string"}}],"inLanguage":"fr-FR"},{"@type":"Organization","@id":"https:\/\/levelup-bf.com\/#organization","name":"Level'Up Education","url":"https:\/\/levelup-bf.com\/","logo":{"@type":"ImageObject","inLanguage":"fr-FR","@id":"https:\/\/levelup-bf.com\/#\/schema\/logo\/image\/","url":"https:\/\/levelup-bf.com\/wp-content\/uploads\/2021\/02\/cropped-cropped-LOGO-10.jpeg","contentUrl":"https:\/\/levelup-bf.com\/wp-content\/uploads\/2021\/02\/cropped-cropped-LOGO-10.jpeg","width":915,"height":912,"caption":"Level'Up Education"},"image":{"@id":"https:\/\/levelup-bf.com\/#\/schema\/logo\/image\/"},"sameAs":["https:\/\/www.facebook.com\/Levelup-Education-100296392005332\/","https:\/\/www.instagram.com\/level_up_educ\/"]}]}},"_links":{"self":[{"href":"https:\/\/levelup-bf.com\/index.php?rest_route=\/wp\/v2\/pages\/1731","targetHints":{"allow":["GET"]}}],"collection":[{"href":"https:\/\/levelup-bf.com\/index.php?rest_route=\/wp\/v2\/pages"}],"about":[{"href":"https:\/\/levelup-bf.com\/index.php?rest_route=\/wp\/v2\/types\/page"}],"author":[{"embeddable":true,"href":"https:\/\/levelup-bf.com\/index.php?rest_route=\/wp\/v2\/users\/3"}],"replies":[{"embeddable":true,"href":"https:\/\/levelup-bf.com\/index.php?rest_route=%2Fwp%2Fv2%2Fcomments&post=1731"}],"version-history":[{"count":14,"href":"https:\/\/levelup-bf.com\/index.php?rest_route=\/wp\/v2\/pages\/1731\/revisions"}],"predecessor-version":[{"id":2681,"href":"https:\/\/levelup-bf.com\/index.php?rest_route=\/wp\/v2\/pages\/1731\/revisions\/2681"}],"wp:attachment":[{"href":"https:\/\/levelup-bf.com\/index.php?rest_route=%2Fwp%2Fv2%2Fmedia&parent=1731"}],"curies":[{"name":"wp","href":"https:\/\/api.w.org\/{rel}","templated":true}]}}