{"id":2067,"date":"2023-07-25T18:55:33","date_gmt":"2023-07-25T18:55:33","guid":{"rendered":"https:\/\/levelup-bf.com\/?page_id=2067"},"modified":"2023-07-25T19:31:10","modified_gmt":"2023-07-25T19:31:10","slug":"phototheque-2","status":"publish","type":"page","link":"https:\/\/levelup-bf.com\/?page_id=2067","title":{"rendered":"Phototh\u00e8que"},"content":{"rendered":"\n<p><\/p>\n\n\n\n<div class=\"row text-left spaced-cols content-left-sm start-sm\" data-type=\"row\" data-fixed=\"true\">\n    <div class=\"col-sm-6 col-xs-12 col-md-6\">\n        <div class=\"card mdc-elevation--z3 no-padding\" data-hover-fx=\"portfolio-1\">\n            <div class=\"image\"> <img decoding=\"async\"\n                    src=\"https:\/\/levelup-bf.com\/wp-content\/uploads\/2023\/07\/WhatsApp-Image-2023-07-16-at-16.23.04.jpeg\"\n                    data-size=\"375x220\"\/><\/div>\n        <\/div>\n    <\/div>\n    <div class=\"col-sm-6 col-xs-12 col-md-6 \">\n        <div class=\"card mdc-elevation--z3 no-padding\" data-hover-fx=\"portfolio-1\">\n            <div class=\"image\"> <img decoding=\"async\"\n                    src=\"https:\/\/levelup-bf.com\/wp-content\/uploads\/2023\/07\/WhatsApp-Image-2023-07-16-at-16.23.06.jpeg\"\n                    data-size=\"375x220\"\/><\/div>\n        <\/div>\n    <\/div>\n    <div class=\"col-sm-6 col-xs-12 col-md-6 \">\n        <div class=\"card mdc-elevation--z3 no-padding\" data-hover-fx=\"portfolio-1\">\n            <div class=\"image\"> <img decoding=\"async\"\n                    src=\"https:\/\/levelup-bf.com\/wp-content\/uploads\/2023\/07\/WhatsApp-Image-2023-07-16-at-16.23.02.jpeg\"\n                    data-size=\"375x220\"\/><\/div>\n        <\/div>\n    <\/div>\n    <div class=\"col-sm-6 col-xs-12 col-md-6 \">\n        <div class=\"card mdc-elevation--z3 no-padding\" data-hover-fx=\"portfolio-1\">\n            <div class=\"image\"> <img decoding=\"async\"\n                    src=\"https:\/\/levelup-bf.com\/wp-content\/uploads\/2023\/07\/WhatsApp-Image-2023-07-16-at-16.23.01-1.jpeg\"\n                    data-size=\"375x220\"\/><\/div>\n        <\/div>\n    <\/div>\n    <div class=\"col-sm-6 col-xs-12 col-md-6 \">\n        <div class=\"card mdc-elevation--z3 no-padding\" data-hover-fx=\"portfolio-1\">\n            <div class=\"image\"> <img decoding=\"async\"\n                    src=\"https:\/\/levelup-bf.com\/wp-content\/uploads\/2023\/07\/343672790_784788223311845_7769897251143393043_n-1024x768.jpg\"\n                    data-size=\"375x220\"\/><\/div>\n        <\/div>\n    <\/div>\n    <div class=\"col-sm-6 col-xs-12 col-md-6 \">\n        <div class=\"card mdc-elevation--z3 no-padding\" data-hover-fx=\"portfolio-1\">\n            <div class=\"image\"> <img decoding=\"async\"\n                    src=\"https:\/\/levelup-bf.com\/wp-content\/uploads\/2023\/07\/343811948_6139123392831523_2472570131810486231_n-1024x768.jpg\"\n                    data-size=\"375x220\"\/><\/div>\n        <\/div>\n    <\/div>\n    <div class=\"col-sm-6 col-xs-12 col-md-6 \">\n        <div class=\"card mdc-elevation--z3 no-padding\" data-hover-fx=\"portfolio-1\">\n            <div class=\"image\"> <img decoding=\"async\"\n                    src=\"https:\/\/levelup-bf.com\/wp-content\/uploads\/2023\/07\/WhatsApp-Image-2023-07-16-at-16.23.01.jpeg\"\n                    data-size=\"375x220\"\/><\/div>\n        <\/div>\n    <\/div>\n    <div class=\"col-sm-6 col-xs-12 col-md-6 \">\n        <div class=\"card mdc-elevation--z3 no-padding\" data-hover-fx=\"portfolio-1\">\n            <div class=\"image\"> <img decoding=\"async\"\n                    src=\"https:\/\/levelup-bf.com\/wp-content\/uploads\/2023\/07\/WhatsApp-Image-2023-07-16-at-16.23.00.jpeg\"\n                    data-size=\"375x220\"\/><\/div>\n        <\/div>\n    <\/div>\n    <div class=\"col-sm-6 col-xs-12 col-md-6 \">\n        <div class=\"card mdc-elevation--z3 no-padding\" data-hover-fx=\"portfolio-1\">\n            <div class=\"image\"> <img decoding=\"async\"\n                    src=\"https:\/\/levelup-bf.com\/wp-content\/uploads\/2023\/03\/ifag-3-1024x660.jpg\"\n                    data-size=\"375x220\"\/><\/div>\n        <\/div>\n    <\/div>\n    <div class=\"col-sm-6 col-xs-12 col-md-6 \">\n        <div class=\"card mdc-elevation--z3 no-padding\" data-hover-fx=\"portfolio-1\">\n            <div class=\"image\"> <img decoding=\"async\"\n                    src=\"https:\/\/levelup-bf.com\/wp-content\/uploads\/2022\/09\/11.jpg\"\n                    data-size=\"375x220\"\/><\/div>\n        <\/div>\n    <\/div>\n    <div class=\"col-sm-6 col-xs-12 col-md-6 \">\n        <div class=\"card mdc-elevation--z3 no-padding\" data-hover-fx=\"portfolio-1\">\n            <div class=\"image\"> <img decoding=\"async\"\n                    src=\"https:\/\/levelup-bf.com\/wp-content\/uploads\/2023\/07\/WhatsApp-Image-2023-07-16-at-16.22.59.jpeg\"\n                    data-size=\"375x220\"\/><\/div>\n        <\/div>\n    <\/div>\n    <div class=\"col-sm-6 col-xs-12 col-md-6 \">\n        <div class=\"card mdc-elevation--z3 no-padding\" data-hover-fx=\"portfolio-1\">\n            <div class=\"image\"> <img decoding=\"async\"\n                    src=\"https:\/\/levelup-bf.com\/wp-content\/uploads\/2023\/07\/WhatsApp-Image-2023-07-16-at-16.22.58.jpeg\"\n                    data-size=\"375x220\"\/><\/div>\n        <\/div>\n    <\/div>\n    <div class=\"col-sm-6 col-xs-12 col-md-6 \">\n        <div class=\"card mdc-elevation--z3 no-padding\" data-hover-fx=\"portfolio-1\">\n            <div class=\"image\"> <img decoding=\"async\"\n                    src=\"https:\/\/levelup-bf.com\/wp-content\/uploads\/2023\/03\/ifag-2-1024x478.jpg\"\n                    data-size=\"375x220\"\/><\/div>\n        <\/div>\n    <\/div>\n    <div class=\"col-sm-6 col-xs-12 col-md-6 \">\n        <div class=\"card mdc-elevation--z3 no-padding\" data-hover-fx=\"portfolio-1\">\n            <div class=\"image\"> <img decoding=\"async\"\n                    src=\"https:\/\/levelup-bf.com\/wp-content\/uploads\/2023\/03\/PSX_20221017_121041.jpg\"\n                    data-size=\"375x220\"\/><\/div>\n        <\/div>\n    <\/div>\n    <div class=\"col-sm-6 col-xs-12 col-md-6 \">\n        <div class=\"card mdc-elevation--z3 no-padding\" data-hover-fx=\"portfolio-1\">\n            <div class=\"image\"> <img decoding=\"async\"\n                    src=\"https:\/\/levelup-bf.com\/wp-content\/uploads\/2022\/10\/IMG-20211031-WA0014-1024x768.jpg\"\n                    data-size=\"375x220\"\/><\/div>\n        <\/div>\n    <\/div>\n    \n    <div class=\"col-sm-6 col-xs-12 col-md-6 \">\n        <div class=\"card mdc-elevation--z3 no-padding\" data-hover-fx=\"portfolio-1\">\n            <div class=\"image\"> <img decoding=\"async\"\n                    src=\"https:\/\/levelup-bf.com\/wp-content\/uploads\/2022\/10\/IMG-20201215-WA0014-1024x768.jpg\"\n                    data-size=\"375x220\"\/><\/div>\n        <\/div>\n    <\/div>\n    <div class=\"col-sm-6 col-xs-12 col-md-6 \">\n        <div class=\"card mdc-elevation--z3 no-padding\" data-hover-fx=\"portfolio-1\">\n            <div class=\"image\"> <img decoding=\"async\"\n                    src=\"https:\/\/levelup-bf.com\/wp-content\/uploads\/2023\/07\/WhatsApp-Image-2023-04-28-at-11.45.11.jpeg\"\n                    data-size=\"375x220\"\/><\/div>\n        <\/div>\n    <\/div>\n    \n    <div class=\"col-sm-6 col-xs-12 col-md-6 \">\n        <div class=\"card mdc-elevation--z3 no-padding\" data-hover-fx=\"portfolio-1\">\n            <div class=\"image\"> <img decoding=\"async\"\n                    src=\"https:\/\/levelup-bf.com\/wp-content\/uploads\/2023\/07\/WhatsApp-Image-2023-04-28-at-11.45.13.jpeg\"\n                    data-size=\"375x220\"\/><\/div>\n        <\/div>\n    <\/div>\n    <div class=\"col-sm-6 col-xs-12 col-md-6 \">\n        <div class=\"card mdc-elevation--z3 no-padding\" data-hover-fx=\"portfolio-1\">\n            <div class=\"image\"> <img decoding=\"async\"\n                    src=\"https:\/\/levelup-bf.com\/wp-content\/uploads\/2023\/07\/358353001_729732882497677_5436572683083350562_n-1024x1024.jpg\"\n                    data-size=\"375x220\"\/><\/div>\n        <\/div>\n    <\/div>\n    \n    <div class=\"col-sm-6 col-xs-12 col-md-6 \">\n        <div class=\"card mdc-elevation--z3 no-padding\" data-hover-fx=\"portfolio-1\">\n            <div class=\"image\"> <img decoding=\"async\"\n                    src=\"https:\/\/levelup-bf.com\/wp-content\/uploads\/2023\/07\/358561117_729733009164331_8780320588816038559_n-1024x1024.jpg\"\n                    data-size=\"375x220\"\/><\/div>\n        <\/div>\n    <\/div>\n    <div class=\"col-sm-6 col-xs-12 col-md-6 \">\n        <div class=\"card mdc-elevation--z3 no-padding\" data-hover-fx=\"portfolio-1\">\n            <div class=\"image\"> <img decoding=\"async\"\n                    src=\"https:\/\/levelup-bf.com\/wp-content\/uploads\/2023\/07\/WhatsApp-Image-2023-07-03-at-07.49.591.jpeg\"\n                    data-size=\"375x220\"\/><\/div>\n        <\/div>\n    <\/div>\n    \n    <div class=\"col-sm-6 col-xs-12 col-md-6 \">\n        <div class=\"card mdc-elevation--z3 no-padding\" data-hover-fx=\"portfolio-1\">\n            <div class=\"image\"> <img decoding=\"async\"\n                    src=\"https:\/\/levelup-bf.com\/wp-content\/uploads\/2023\/07\/WhatsApp-Image-2023-06-24-at-18.25.442.jpeg\"\n                    data-size=\"375x220\"\/><\/div>\n        <\/div>\n    <\/div>\n    <div class=\"col-sm-6 col-xs-12 col-md-6 \">\n        <div class=\"card mdc-elevation--z3 no-padding\" data-hover-fx=\"portfolio-1\">\n            <div class=\"image\"> <img decoding=\"async\"\n                    src=\"https:\/\/levelup-bf.com\/wp-content\/uploads\/2023\/07\/360166209_734588372012128_910446677099921162_n.jpg\"\n                    data-size=\"375x220\"\/><\/div>\n        <\/div>\n    <\/div>\n    \n    <div class=\"col-sm-6 col-xs-12 col-md-6 \">\n        <div class=\"card mdc-elevation--z3 no-padding\" data-hover-fx=\"portfolio-1\">\n            <div class=\"image\"> <img decoding=\"async\"\n                    src=\"https:\/\/levelup-bf.com\/wp-content\/uploads\/2023\/07\/361109550_734588555345443_543138133519990452_n.jpg\"\n                    data-size=\"375x220\"\/><\/div>\n        <\/div>\n    <\/div>\n<\/div>\n","protected":false},"excerpt":{"rendered":"","protected":false},"author":2,"featured_media":0,"parent":0,"menu_order":0,"comment_status":"closed","ping_status":"closed","template":"","meta":{"_monsterinsights_skip_tracking":false,"_monsterinsights_sitenote_active":false,"_monsterinsights_sitenote_note":"","_monsterinsights_sitenote_category":0,"footnotes":""},"class_list":["post-2067","page","type-page","status-publish","hentry"],"yoast_head":"<!-- This site is optimized with the Yoast SEO plugin v27.5 - https:\/\/yoast.com\/product\/yoast-seo-wordpress\/ -->\n<title>Phototh\u00e8que - LEVEL UP EDUCATION<\/title>\n<meta name=\"description\" content=\"Level Up Education est un centre d&#039;accompagnement des jeunes et des professionnels, sp\u00e9cialis\u00e9 dans le conseil, l&#039;orientation, la r\u00e9orientation scolaire et l&#039;accompagnement des \u00e9tudiants dans leurs projets d&#039;\u00e9tudes \u00e0 l&#039;international.\" \/>\n<meta name=\"robots\" content=\"index, follow, max-snippet:-1, max-image-preview:large, max-video-preview:-1\" \/>\n<link rel=\"canonical\" href=\"https:\/\/levelup-bf.com\/?page_id=2067\" \/>\n<meta property=\"og:locale\" content=\"fr_FR\" \/>\n<meta property=\"og:type\" content=\"article\" \/>\n<meta property=\"og:title\" content=\"Phototh\u00e8que - LEVEL UP EDUCATION\" \/>\n<meta property=\"og:description\" content=\"Level Up Education est un centre d&#039;accompagnement des jeunes et des professionnels, sp\u00e9cialis\u00e9 dans le conseil, l&#039;orientation, la r\u00e9orientation scolaire et l&#039;accompagnement des \u00e9tudiants dans leurs projets d&#039;\u00e9tudes \u00e0 l&#039;international.\" \/>\n<meta property=\"og:url\" content=\"https:\/\/levelup-bf.com\/?page_id=2067\" \/>\n<meta property=\"og:site_name\" content=\"LEVEL UP EDUCATION\" \/>\n<meta property=\"article:publisher\" content=\"https:\/\/www.facebook.com\/Levelup-Education-100296392005332\/\" \/>\n<meta property=\"article:modified_time\" content=\"2023-07-25T19:31:10+00:00\" \/>\n<meta property=\"og:image\" content=\"https:\/\/levelup-bf.com\/wp-content\/uploads\/2023\/07\/WhatsApp-Image-2023-07-16-at-16.23.04.jpeg\" \/>\n<script type=\"application\/ld+json\" class=\"yoast-schema-graph\">{\"@context\":\"https:\\\/\\\/schema.org\",\"@graph\":[{\"@type\":\"WebPage\",\"@id\":\"https:\\\/\\\/levelup-bf.com\\\/?page_id=2067\",\"url\":\"https:\\\/\\\/levelup-bf.com\\\/?page_id=2067\",\"name\":\"Phototh\u00e8que - LEVEL UP EDUCATION\",\"isPartOf\":{\"@id\":\"https:\\\/\\\/levelup-bf.com\\\/#website\"},\"primaryImageOfPage\":{\"@id\":\"https:\\\/\\\/levelup-bf.com\\\/?page_id=2067#primaryimage\"},\"image\":{\"@id\":\"https:\\\/\\\/levelup-bf.com\\\/?page_id=2067#primaryimage\"},\"thumbnailUrl\":\"https:\\\/\\\/levelup-bf.com\\\/wp-content\\\/uploads\\\/2023\\\/07\\\/WhatsApp-Image-2023-07-16-at-16.23.04.jpeg\",\"datePublished\":\"2023-07-25T18:55:33+00:00\",\"dateModified\":\"2023-07-25T19:31:10+00:00\",\"description\":\"Level Up Education est un centre d'accompagnement des jeunes et des professionnels, sp\u00e9cialis\u00e9 dans le conseil, l'orientation, la r\u00e9orientation scolaire et l'accompagnement des \u00e9tudiants dans leurs projets d'\u00e9tudes \u00e0 l'international.\",\"breadcrumb\":{\"@id\":\"https:\\\/\\\/levelup-bf.com\\\/?page_id=2067#breadcrumb\"},\"inLanguage\":\"fr-FR\",\"potentialAction\":[{\"@type\":\"ReadAction\",\"target\":[\"https:\\\/\\\/levelup-bf.com\\\/?page_id=2067\"]}]},{\"@type\":\"ImageObject\",\"inLanguage\":\"fr-FR\",\"@id\":\"https:\\\/\\\/levelup-bf.com\\\/?page_id=2067#primaryimage\",\"url\":\"https:\\\/\\\/levelup-bf.com\\\/wp-content\\\/uploads\\\/2023\\\/07\\\/WhatsApp-Image-2023-07-16-at-16.23.04.jpeg\",\"contentUrl\":\"https:\\\/\\\/levelup-bf.com\\\/wp-content\\\/uploads\\\/2023\\\/07\\\/WhatsApp-Image-2023-07-16-at-16.23.04.jpeg\",\"width\":1280,\"height\":853},{\"@type\":\"BreadcrumbList\",\"@id\":\"https:\\\/\\\/levelup-bf.com\\\/?page_id=2067#breadcrumb\",\"itemListElement\":[{\"@type\":\"ListItem\",\"position\":1,\"name\":\"Accueil\",\"item\":\"https:\\\/\\\/levelup-bf.com\\\/\"},{\"@type\":\"ListItem\",\"position\":2,\"name\":\"Phototh\u00e8que\"}]},{\"@type\":\"WebSite\",\"@id\":\"https:\\\/\\\/levelup-bf.com\\\/#website\",\"url\":\"https:\\\/\\\/levelup-bf.com\\\/\",\"name\":\"LEVEL UP EDUCATION\",\"description\":\"L&#039;Expert de l&#039;Orientation Scolaire et de la Mobilit\u00e9 Internationale des \u00c9tudiants!\",\"publisher\":{\"@id\":\"https:\\\/\\\/levelup-bf.com\\\/#organization\"},\"potentialAction\":[{\"@type\":\"SearchAction\",\"target\":{\"@type\":\"EntryPoint\",\"urlTemplate\":\"https:\\\/\\\/levelup-bf.com\\\/?s={search_term_string}\"},\"query-input\":{\"@type\":\"PropertyValueSpecification\",\"valueRequired\":true,\"valueName\":\"search_term_string\"}}],\"inLanguage\":\"fr-FR\"},{\"@type\":\"Organization\",\"@id\":\"https:\\\/\\\/levelup-bf.com\\\/#organization\",\"name\":\"Level'Up Education\",\"url\":\"https:\\\/\\\/levelup-bf.com\\\/\",\"logo\":{\"@type\":\"ImageObject\",\"inLanguage\":\"fr-FR\",\"@id\":\"https:\\\/\\\/levelup-bf.com\\\/#\\\/schema\\\/logo\\\/image\\\/\",\"url\":\"https:\\\/\\\/levelup-bf.com\\\/wp-content\\\/uploads\\\/2021\\\/02\\\/cropped-cropped-LOGO-10.jpeg\",\"contentUrl\":\"https:\\\/\\\/levelup-bf.com\\\/wp-content\\\/uploads\\\/2021\\\/02\\\/cropped-cropped-LOGO-10.jpeg\",\"width\":915,\"height\":912,\"caption\":\"Level'Up Education\"},\"image\":{\"@id\":\"https:\\\/\\\/levelup-bf.com\\\/#\\\/schema\\\/logo\\\/image\\\/\"},\"sameAs\":[\"https:\\\/\\\/www.facebook.com\\\/Levelup-Education-100296392005332\\\/\",\"https:\\\/\\\/www.instagram.com\\\/level_up_educ\\\/\"]}]}<\/script>\n<!-- \/ Yoast SEO plugin. -->","yoast_head_json":{"title":"Phototh\u00e8que - LEVEL UP EDUCATION","description":"Level Up Education est un centre d'accompagnement des jeunes et des professionnels, sp\u00e9cialis\u00e9 dans le conseil, l'orientation, la r\u00e9orientation scolaire et l'accompagnement des \u00e9tudiants dans leurs projets d'\u00e9tudes \u00e0 l'international.","robots":{"index":"index","follow":"follow","max-snippet":"max-snippet:-1","max-image-preview":"max-image-preview:large","max-video-preview":"max-video-preview:-1"},"canonical":"https:\/\/levelup-bf.com\/?page_id=2067","og_locale":"fr_FR","og_type":"article","og_title":"Phototh\u00e8que - LEVEL UP EDUCATION","og_description":"Level Up Education est un centre d'accompagnement des jeunes et des professionnels, sp\u00e9cialis\u00e9 dans le conseil, l'orientation, la r\u00e9orientation scolaire et l'accompagnement des \u00e9tudiants dans leurs projets d'\u00e9tudes \u00e0 l'international.","og_url":"https:\/\/levelup-bf.com\/?page_id=2067","og_site_name":"LEVEL UP EDUCATION","article_publisher":"https:\/\/www.facebook.com\/Levelup-Education-100296392005332\/","article_modified_time":"2023-07-25T19:31:10+00:00","og_image":[{"url":"https:\/\/levelup-bf.com\/wp-content\/uploads\/2023\/07\/WhatsApp-Image-2023-07-16-at-16.23.04.jpeg","type":"","width":"","height":""}],"schema":{"@context":"https:\/\/schema.org","@graph":[{"@type":"WebPage","@id":"https:\/\/levelup-bf.com\/?page_id=2067","url":"https:\/\/levelup-bf.com\/?page_id=2067","name":"Phototh\u00e8que - LEVEL UP EDUCATION","isPartOf":{"@id":"https:\/\/levelup-bf.com\/#website"},"primaryImageOfPage":{"@id":"https:\/\/levelup-bf.com\/?page_id=2067#primaryimage"},"image":{"@id":"https:\/\/levelup-bf.com\/?page_id=2067#primaryimage"},"thumbnailUrl":"https:\/\/levelup-bf.com\/wp-content\/uploads\/2023\/07\/WhatsApp-Image-2023-07-16-at-16.23.04.jpeg","datePublished":"2023-07-25T18:55:33+00:00","dateModified":"2023-07-25T19:31:10+00:00","description":"Level Up Education est un centre d'accompagnement des jeunes et des professionnels, sp\u00e9cialis\u00e9 dans le conseil, l'orientation, la r\u00e9orientation scolaire et l'accompagnement des \u00e9tudiants dans leurs projets d'\u00e9tudes \u00e0 l'international.","breadcrumb":{"@id":"https:\/\/levelup-bf.com\/?page_id=2067#breadcrumb"},"inLanguage":"fr-FR","potentialAction":[{"@type":"ReadAction","target":["https:\/\/levelup-bf.com\/?page_id=2067"]}]},{"@type":"ImageObject","inLanguage":"fr-FR","@id":"https:\/\/levelup-bf.com\/?page_id=2067#primaryimage","url":"https:\/\/levelup-bf.com\/wp-content\/uploads\/2023\/07\/WhatsApp-Image-2023-07-16-at-16.23.04.jpeg","contentUrl":"https:\/\/levelup-bf.com\/wp-content\/uploads\/2023\/07\/WhatsApp-Image-2023-07-16-at-16.23.04.jpeg","width":1280,"height":853},{"@type":"BreadcrumbList","@id":"https:\/\/levelup-bf.com\/?page_id=2067#breadcrumb","itemListElement":[{"@type":"ListItem","position":1,"name":"Accueil","item":"https:\/\/levelup-bf.com\/"},{"@type":"ListItem","position":2,"name":"Phototh\u00e8que"}]},{"@type":"WebSite","@id":"https:\/\/levelup-bf.com\/#website","url":"https:\/\/levelup-bf.com\/","name":"LEVEL UP EDUCATION","description":"L&#039;Expert de l&#039;Orientation Scolaire et de la Mobilit\u00e9 Internationale des \u00c9tudiants!","publisher":{"@id":"https:\/\/levelup-bf.com\/#organization"},"potentialAction":[{"@type":"SearchAction","target":{"@type":"EntryPoint","urlTemplate":"https:\/\/levelup-bf.com\/?s={search_term_string}"},"query-input":{"@type":"PropertyValueSpecification","valueRequired":true,"valueName":"search_term_string"}}],"inLanguage":"fr-FR"},{"@type":"Organization","@id":"https:\/\/levelup-bf.com\/#organization","name":"Level'Up Education","url":"https:\/\/levelup-bf.com\/","logo":{"@type":"ImageObject","inLanguage":"fr-FR","@id":"https:\/\/levelup-bf.com\/#\/schema\/logo\/image\/","url":"https:\/\/levelup-bf.com\/wp-content\/uploads\/2021\/02\/cropped-cropped-LOGO-10.jpeg","contentUrl":"https:\/\/levelup-bf.com\/wp-content\/uploads\/2021\/02\/cropped-cropped-LOGO-10.jpeg","width":915,"height":912,"caption":"Level'Up Education"},"image":{"@id":"https:\/\/levelup-bf.com\/#\/schema\/logo\/image\/"},"sameAs":["https:\/\/www.facebook.com\/Levelup-Education-100296392005332\/","https:\/\/www.instagram.com\/level_up_educ\/"]}]}},"_links":{"self":[{"href":"https:\/\/levelup-bf.com\/index.php?rest_route=\/wp\/v2\/pages\/2067","targetHints":{"allow":["GET"]}}],"collection":[{"href":"https:\/\/levelup-bf.com\/index.php?rest_route=\/wp\/v2\/pages"}],"about":[{"href":"https:\/\/levelup-bf.com\/index.php?rest_route=\/wp\/v2\/types\/page"}],"author":[{"embeddable":true,"href":"https:\/\/levelup-bf.com\/index.php?rest_route=\/wp\/v2\/users\/2"}],"replies":[{"embeddable":true,"href":"https:\/\/levelup-bf.com\/index.php?rest_route=%2Fwp%2Fv2%2Fcomments&post=2067"}],"version-history":[{"count":51,"href":"https:\/\/levelup-bf.com\/index.php?rest_route=\/wp\/v2\/pages\/2067\/revisions"}],"predecessor-version":[{"id":2152,"href":"https:\/\/levelup-bf.com\/index.php?rest_route=\/wp\/v2\/pages\/2067\/revisions\/2152"}],"wp:attachment":[{"href":"https:\/\/levelup-bf.com\/index.php?rest_route=%2Fwp%2Fv2%2Fmedia&parent=2067"}],"curies":[{"name":"wp","href":"https:\/\/api.w.org\/{rel}","templated":true}]}}