{"id":2488,"date":"2024-01-15T16:56:40","date_gmt":"2024-01-15T16:56:40","guid":{"rendered":"https:\/\/levelup-bf.com\/?page_id=2488"},"modified":"2024-01-23T09:01:02","modified_gmt":"2024-01-23T09:01:02","slug":"preparation-des-entretiens-et-ou-tests-dadmission","status":"publish","type":"page","link":"https:\/\/levelup-bf.com\/?page_id=2488","title":{"rendered":"Pr\u00e9paration des entretiens et\/ou tests d&rsquo;admission"},"content":{"rendered":"\t\t<div data-elementor-type=\"wp-page\" data-elementor-id=\"2488\" class=\"elementor elementor-2488\">\n\t\t\t\t<div class=\"elementor-element elementor-element-9ff112b e-flex e-con-boxed e-con e-parent\" data-id=\"9ff112b\" data-element_type=\"container\" data-e-type=\"container\">\n\t\t\t\t\t<div class=\"e-con-inner\">\n\t\t\t\t<div class=\"elementor-element elementor-element-46f8d27 elementor-widget elementor-widget-image\" data-id=\"46f8d27\" data-element_type=\"widget\" data-e-type=\"widget\" data-widget_type=\"image.default\">\n\t\t\t\t<div class=\"elementor-widget-container\">\n\t\t\t\t\t\t\t\t\t\t\t\t\t\t\t<img fetchpriority=\"high\" decoding=\"async\" width=\"1024\" height=\"626\" src=\"https:\/\/levelup-bf.com\/wp-content\/uploads\/2023\/12\/gens-plan-moyen-obtenant-leur-diplome-1024x626.jpg\" class=\"attachment-large size-large wp-image-2380\" alt=\"\" srcset=\"https:\/\/levelup-bf.com\/wp-content\/uploads\/2023\/12\/gens-plan-moyen-obtenant-leur-diplome-1024x626.jpg 1024w, https:\/\/levelup-bf.com\/wp-content\/uploads\/2023\/12\/gens-plan-moyen-obtenant-leur-diplome-300x183.jpg 300w, https:\/\/levelup-bf.com\/wp-content\/uploads\/2023\/12\/gens-plan-moyen-obtenant-leur-diplome-768x470.jpg 768w, https:\/\/levelup-bf.com\/wp-content\/uploads\/2023\/12\/gens-plan-moyen-obtenant-leur-diplome-1536x939.jpg 1536w, https:\/\/levelup-bf.com\/wp-content\/uploads\/2023\/12\/gens-plan-moyen-obtenant-leur-diplome-2048x1252.jpg 2048w, https:\/\/levelup-bf.com\/wp-content\/uploads\/2023\/12\/gens-plan-moyen-obtenant-leur-diplome-1232x753.jpg 1232w, https:\/\/levelup-bf.com\/wp-content\/uploads\/2023\/12\/gens-plan-moyen-obtenant-leur-diplome-1766x1080.jpg 1766w\" sizes=\"(max-width: 1024px) 100vw, 1024px\" \/>\t\t\t\t\t\t\t\t\t\t\t\t\t\t\t<\/div>\n\t\t\t\t<\/div>\n\t\t<div class=\"elementor-element elementor-element-9d20be2 e-flex e-con-boxed e-con e-child\" data-id=\"9d20be2\" data-element_type=\"container\" data-e-type=\"container\" data-settings=\"{&quot;background_background&quot;:&quot;gradient&quot;}\">\n\t\t\t\t\t<div class=\"e-con-inner\">\n\t\t\t\t<div class=\"elementor-element elementor-element-3c41590 elementor-widget elementor-widget-text-editor\" data-id=\"3c41590\" data-element_type=\"widget\" data-e-type=\"widget\" data-widget_type=\"text-editor.default\">\n\t\t\t\t<div class=\"elementor-widget-container\">\n\t\t\t\t\t\t\t\t\t<h4>Apr\u00e8s le d\u00e9p\u00f4t des candidatures, nombre d\u2019\u00e9coles et formations sup\u00e9rieures conditionnent l\u2019admission de leurs nouveaux \u00e9tudiants \u00e0 la r\u00e9ussite d\u2019un entretien ou d&rsquo;un test d&rsquo;admission. Redout\u00e9 par tous les candidats, il rel\u00e8ve tout autant de l\u2019\u00e9preuve de fond que du coup d\u2019\u00e9clat final. L\u2019entretien individuel pour int\u00e9grer un BTS, un IUT, un master ou encore une \u00e9cole d\u2019ing\u00e9nieurs ou de commerce exige en effet une pr\u00e9paration m\u00e9ticuleuse, plusieurs semaines avant la date fatidique.<\/h4>\t\t\t\t\t\t\t\t<\/div>\n\t\t\t\t<\/div>\n\t\t\t\t\t<\/div>\n\t\t\t\t<\/div>\n\t\t\t\t<div class=\"elementor-element elementor-element-2324414 gallery-spacing-custom elementor-widget elementor-widget-image-gallery\" data-id=\"2324414\" data-element_type=\"widget\" data-e-type=\"widget\" data-widget_type=\"image-gallery.default\">\n\t\t\t\t<div class=\"elementor-widget-container\">\n\t\t\t\t\t\t\t<div class=\"elementor-image-gallery\">\n\t\t\t\n\t\t<style type=\"text\/css\">\n\t\t\t#gallery-1 {\n\t\t\t\tmargin: auto;\n\t\t\t}\n\t\t\t#gallery-1 .gallery-item {\n\t\t\t\tfloat: left;\n\t\t\t\tmargin-top: 10px;\n\t\t\t\ttext-align: center;\n\t\t\t\twidth: 33%;\n\t\t\t}\n\t\t\t#gallery-1 img {\n\t\t\t\tborder: 2px solid #cfcfcf;\n\t\t\t}\n\t\t\t#gallery-1 .gallery-caption {\n\t\t\t\tmargin-left: 0;\n\t\t\t}\n\t\t\t\/* see gallery_shortcode() in wp-includes\/media.php *\/\n\t\t<\/style>\n\t\t<div id='gallery-1' class='gallery galleryid-2488 gallery-columns-3 gallery-size-full'><dl class='gallery-item'>\n\t\t\t<dt class='gallery-icon landscape'>\n\t\t\t\t<a data-elementor-open-lightbox=\"yes\" data-elementor-lightbox-slideshow=\"2324414\" data-elementor-lightbox-title=\"person-office-during-work-day\" data-e-action-hash=\"#elementor-action%3Aaction%3Dlightbox%26settings%3DeyJpZCI6MjQ5MCwidXJsIjoiaHR0cHM6XC9cL2xldmVsdXAtYmYuY29tXC93cC1jb250ZW50XC91cGxvYWRzXC8yMDI0XC8wMVwvcGVyc29uLW9mZmljZS1kdXJpbmctd29yay1kYXkuanBnIiwic2xpZGVzaG93IjoiMjMyNDQxNCJ9\" href='https:\/\/levelup-bf.com\/wp-content\/uploads\/2024\/01\/person-office-during-work-day.jpg'><img decoding=\"async\" width=\"7990\" height=\"5327\" src=\"https:\/\/levelup-bf.com\/wp-content\/uploads\/2024\/01\/person-office-during-work-day.jpg\" class=\"attachment-full size-full\" alt=\"\" srcset=\"https:\/\/levelup-bf.com\/wp-content\/uploads\/2024\/01\/person-office-during-work-day.jpg 7990w, https:\/\/levelup-bf.com\/wp-content\/uploads\/2024\/01\/person-office-during-work-day-300x200.jpg 300w, https:\/\/levelup-bf.com\/wp-content\/uploads\/2024\/01\/person-office-during-work-day-1024x683.jpg 1024w, https:\/\/levelup-bf.com\/wp-content\/uploads\/2024\/01\/person-office-during-work-day-768x512.jpg 768w, https:\/\/levelup-bf.com\/wp-content\/uploads\/2024\/01\/person-office-during-work-day-1536x1024.jpg 1536w, https:\/\/levelup-bf.com\/wp-content\/uploads\/2024\/01\/person-office-during-work-day-1232x821.jpg 1232w, https:\/\/levelup-bf.com\/wp-content\/uploads\/2024\/01\/person-office-during-work-day-1620x1080.jpg 1620w\" sizes=\"(max-width: 7990px) 100vw, 7990px\" \/><\/a>\n\t\t\t<\/dt><\/dl><dl class='gallery-item'>\n\t\t\t<dt class='gallery-icon landscape'>\n\t\t\t\t<a data-elementor-open-lightbox=\"yes\" data-elementor-lightbox-slideshow=\"2324414\" data-elementor-lightbox-title=\"Business people in a meeting\" data-e-action-hash=\"#elementor-action%3Aaction%3Dlightbox%26settings%3DeyJpZCI6MjQ5MSwidXJsIjoiaHR0cHM6XC9cL2xldmVsdXAtYmYuY29tXC93cC1jb250ZW50XC91cGxvYWRzXC8yMDI0XC8wMVwvYnVzaW5lc3MtcGVvcGxlLW1lZXRpbmctc2NhbGVkLmpwZyIsInNsaWRlc2hvdyI6IjIzMjQ0MTQifQ%3D%3D\" href='https:\/\/levelup-bf.com\/wp-content\/uploads\/2024\/01\/business-people-meeting-scaled.jpg'><img decoding=\"async\" width=\"2560\" height=\"1759\" src=\"https:\/\/levelup-bf.com\/wp-content\/uploads\/2024\/01\/business-people-meeting-scaled.jpg\" class=\"attachment-full size-full\" alt=\"\" srcset=\"https:\/\/levelup-bf.com\/wp-content\/uploads\/2024\/01\/business-people-meeting-scaled.jpg 2560w, https:\/\/levelup-bf.com\/wp-content\/uploads\/2024\/01\/business-people-meeting-300x206.jpg 300w, https:\/\/levelup-bf.com\/wp-content\/uploads\/2024\/01\/business-people-meeting-1024x703.jpg 1024w, https:\/\/levelup-bf.com\/wp-content\/uploads\/2024\/01\/business-people-meeting-768x528.jpg 768w, https:\/\/levelup-bf.com\/wp-content\/uploads\/2024\/01\/business-people-meeting-1536x1055.jpg 1536w, https:\/\/levelup-bf.com\/wp-content\/uploads\/2024\/01\/business-people-meeting-2048x1407.jpg 2048w, https:\/\/levelup-bf.com\/wp-content\/uploads\/2024\/01\/business-people-meeting-1232x846.jpg 1232w, https:\/\/levelup-bf.com\/wp-content\/uploads\/2024\/01\/business-people-meeting-1572x1080.jpg 1572w\" sizes=\"(max-width: 2560px) 100vw, 2560px\" \/><\/a>\n\t\t\t<\/dt><\/dl><dl class='gallery-item'>\n\t\t\t<dt class='gallery-icon landscape'>\n\t\t\t\t<a data-elementor-open-lightbox=\"yes\" data-elementor-lightbox-slideshow=\"2324414\" data-elementor-lightbox-title=\"Business partners closing deal\" data-e-action-hash=\"#elementor-action%3Aaction%3Dlightbox%26settings%3DeyJpZCI6MjQ5MiwidXJsIjoiaHR0cHM6XC9cL2xldmVsdXAtYmYuY29tXC93cC1jb250ZW50XC91cGxvYWRzXC8yMDI0XC8wMVwvYnVzaW5lc3MtcGFydG5lcnMtY2xvc2luZy1kZWFsLXNjYWxlZC5qcGciLCJzbGlkZXNob3ciOiIyMzI0NDE0In0%3D\" href='https:\/\/levelup-bf.com\/wp-content\/uploads\/2024\/01\/business-partners-closing-deal-scaled.jpg'><img loading=\"lazy\" decoding=\"async\" width=\"2560\" height=\"1707\" src=\"https:\/\/levelup-bf.com\/wp-content\/uploads\/2024\/01\/business-partners-closing-deal-scaled.jpg\" class=\"attachment-full size-full\" alt=\"\" srcset=\"https:\/\/levelup-bf.com\/wp-content\/uploads\/2024\/01\/business-partners-closing-deal-scaled.jpg 2560w, https:\/\/levelup-bf.com\/wp-content\/uploads\/2024\/01\/business-partners-closing-deal-300x200.jpg 300w, https:\/\/levelup-bf.com\/wp-content\/uploads\/2024\/01\/business-partners-closing-deal-1024x683.jpg 1024w, https:\/\/levelup-bf.com\/wp-content\/uploads\/2024\/01\/business-partners-closing-deal-768x512.jpg 768w, https:\/\/levelup-bf.com\/wp-content\/uploads\/2024\/01\/business-partners-closing-deal-1536x1024.jpg 1536w, https:\/\/levelup-bf.com\/wp-content\/uploads\/2024\/01\/business-partners-closing-deal-2048x1365.jpg 2048w, https:\/\/levelup-bf.com\/wp-content\/uploads\/2024\/01\/business-partners-closing-deal-1232x821.jpg 1232w, https:\/\/levelup-bf.com\/wp-content\/uploads\/2024\/01\/business-partners-closing-deal-1620x1080.jpg 1620w\" sizes=\"(max-width: 2560px) 100vw, 2560px\" \/><\/a>\n\t\t\t<\/dt><\/dl><br style=\"clear: both\" \/>\n\t\t<\/div>\n\t\t<\/div>\n\t\t\t\t\t\t<\/div>\n\t\t\t\t<\/div>\n\t\t<div class=\"elementor-element elementor-element-2eab996 e-flex e-con-boxed e-con e-child\" data-id=\"2eab996\" data-element_type=\"container\" data-e-type=\"container\" data-settings=\"{&quot;background_background&quot;:&quot;gradient&quot;}\">\n\t\t\t\t\t<div class=\"e-con-inner\">\n\t\t\t\t<div class=\"elementor-element elementor-element-989627f elementor-widget elementor-widget-text-editor\" data-id=\"989627f\" data-element_type=\"widget\" data-e-type=\"widget\" data-widget_type=\"text-editor.default\">\n\t\t\t\t<div class=\"elementor-widget-container\">\n\t\t\t\t\t\t\t\t\t<h4>Level Up Education organise plusieurs sessions de pr\u00e9paration aux entretiens au profit de leurs \u00e9tudiants. Avec l&rsquo;expertise de notre \u00e9quipe en mati\u00e8re d&rsquo;entretien, les \u00e9tudiants maximisent leurs chances de se d\u00e9marquer et de faire sensation aux diff\u00e9rents entretiens.<\/h4>\t\t\t\t\t\t\t\t<\/div>\n\t\t\t\t<\/div>\n\t\t\t\t\t<\/div>\n\t\t\t\t<\/div>\n\t\t<div class=\"elementor-element elementor-element-e9488ec e-flex e-con-boxed e-con e-child\" data-id=\"e9488ec\" data-element_type=\"container\" data-e-type=\"container\">\n\t\t\t\t\t<div class=\"e-con-inner\">\n\t\t\t\t<div class=\"elementor-element elementor-element-9d3e30a elementor-arrows-position-inside elementor-pagination-position-outside elementor-widget elementor-widget-image-carousel\" data-id=\"9d3e30a\" data-element_type=\"widget\" data-e-type=\"widget\" data-settings=\"{&quot;navigation&quot;:&quot;both&quot;,&quot;autoplay&quot;:&quot;yes&quot;,&quot;pause_on_hover&quot;:&quot;yes&quot;,&quot;pause_on_interaction&quot;:&quot;yes&quot;,&quot;autoplay_speed&quot;:5000,&quot;infinite&quot;:&quot;yes&quot;,&quot;speed&quot;:500}\" data-widget_type=\"image-carousel.default\">\n\t\t\t\t<div class=\"elementor-widget-container\">\n\t\t\t\t\t\t\t<div class=\"elementor-image-carousel-wrapper swiper\" role=\"region\" aria-roledescription=\"carousel\" aria-label=\"Carrousel d\u2019images\" dir=\"ltr\">\n\t\t\t<div class=\"elementor-image-carousel swiper-wrapper\" aria-live=\"off\">\n\t\t\t\t\t\t\t\t<div class=\"swiper-slide\" role=\"group\" aria-roledescription=\"slide\" aria-label=\"1 sur 3\"><figure class=\"swiper-slide-inner\"><img decoding=\"async\" class=\"swiper-slide-image\" src=\"https:\/\/levelup-bf.com\/wp-content\/uploads\/2024\/01\/Design-sans-titre14-300x225.jpg\" alt=\"Design sans titre(14)\" \/><\/figure><\/div><div class=\"swiper-slide\" role=\"group\" aria-roledescription=\"slide\" aria-label=\"2 sur 3\"><figure class=\"swiper-slide-inner\"><img decoding=\"async\" class=\"swiper-slide-image\" src=\"https:\/\/levelup-bf.com\/wp-content\/uploads\/2024\/01\/Design-sans-titre13-300x225.jpg\" alt=\"Design sans titre(13)\" \/><\/figure><\/div><div class=\"swiper-slide\" role=\"group\" aria-roledescription=\"slide\" aria-label=\"3 sur 3\"><figure class=\"swiper-slide-inner\"><img decoding=\"async\" class=\"swiper-slide-image\" src=\"https:\/\/levelup-bf.com\/wp-content\/uploads\/2024\/01\/Design-sans-titre12-300x225.jpg\" alt=\"Design sans titre(12)\" \/><\/figure><\/div>\t\t\t<\/div>\n\t\t\t\t\t\t\t\t\t\t\t\t<div class=\"elementor-swiper-button elementor-swiper-button-prev\" role=\"button\" tabindex=\"0\">\n\t\t\t\t\t\t<svg aria-hidden=\"true\" class=\"e-font-icon-svg e-eicon-chevron-left\" viewBox=\"0 0 1000 1000\" xmlns=\"http:\/\/www.w3.org\/2000\/svg\"><path d=\"M646 125C629 125 613 133 604 142L308 442C296 454 292 471 292 487 292 504 296 521 308 533L604 854C617 867 629 875 646 875 663 875 679 871 692 858 704 846 713 829 713 812 713 796 708 779 692 767L438 487 692 225C700 217 708 204 708 187 708 171 704 154 692 142 675 129 663 125 646 125Z\"><\/path><\/svg>\t\t\t\t\t<\/div>\n\t\t\t\t\t<div class=\"elementor-swiper-button elementor-swiper-button-next\" role=\"button\" tabindex=\"0\">\n\t\t\t\t\t\t<svg aria-hidden=\"true\" class=\"e-font-icon-svg e-eicon-chevron-right\" viewBox=\"0 0 1000 1000\" xmlns=\"http:\/\/www.w3.org\/2000\/svg\"><path d=\"M696 533C708 521 713 504 713 487 713 471 708 454 696 446L400 146C388 133 375 125 354 125 338 125 325 129 313 142 300 154 292 171 292 187 292 204 296 221 308 233L563 492 304 771C292 783 288 800 288 817 288 833 296 850 308 863 321 871 338 875 354 875 371 875 388 867 400 854L696 533Z\"><\/path><\/svg>\t\t\t\t\t<\/div>\n\t\t\t\t\n\t\t\t\t\t\t\t\t\t<div class=\"swiper-pagination\"><\/div>\n\t\t\t\t\t\t\t\t\t<\/div>\n\t\t\t\t\t\t<\/div>\n\t\t\t\t<\/div>\n\t\t\t\t\t<\/div>\n\t\t\t\t<\/div>\n\t\t\t\t\t<\/div>\n\t\t\t\t<\/div>\n\t\t\t\t<\/div>\n\t\t","protected":false},"excerpt":{"rendered":"<p>Apr\u00e8s le d\u00e9p\u00f4t des candidatures, nombre d\u2019\u00e9coles et formations sup\u00e9rieures conditionnent l\u2019admission de leurs nouveaux \u00e9tudiants \u00e0 la r\u00e9ussite d\u2019un entretien ou d&rsquo;un test d&rsquo;admission. Redout\u00e9 par tous les candidats, il rel\u00e8ve tout autant de l\u2019\u00e9preuve de fond que du coup d\u2019\u00e9clat final. L\u2019entretien individuel pour int\u00e9grer un BTS, un IUT, un master ou encore&nbsp;&hellip;<\/p>\n","protected":false},"author":4,"featured_media":0,"parent":0,"menu_order":0,"comment_status":"closed","ping_status":"closed","template":"","meta":{"_monsterinsights_skip_tracking":false,"_monsterinsights_sitenote_active":false,"_monsterinsights_sitenote_note":"","_monsterinsights_sitenote_category":0,"footnotes":""},"class_list":["post-2488","page","type-page","status-publish","hentry"],"yoast_head":"<!-- This site is optimized with the Yoast SEO plugin v27.5 - https:\/\/yoast.com\/product\/yoast-seo-wordpress\/ -->\n<title>Pr\u00e9paration des entretiens et\/ou tests d&#039;admission - LEVEL UP EDUCATION<\/title>\n<meta name=\"description\" content=\"Level Up Education est un centre d&#039;accompagnement des jeunes et des professionnels, sp\u00e9cialis\u00e9 dans le conseil, l&#039;orientation, la r\u00e9orientation scolaire et l&#039;accompagnement des \u00e9tudiants dans leurs projets d&#039;\u00e9tudes \u00e0 l&#039;international.\" \/>\n<meta name=\"robots\" content=\"index, follow, max-snippet:-1, max-image-preview:large, max-video-preview:-1\" \/>\n<link rel=\"canonical\" href=\"https:\/\/levelup-bf.com\/?page_id=2488\" \/>\n<meta property=\"og:locale\" content=\"fr_FR\" \/>\n<meta property=\"og:type\" content=\"article\" \/>\n<meta property=\"og:title\" content=\"Pr\u00e9paration des entretiens et\/ou tests d&#039;admission - LEVEL UP EDUCATION\" \/>\n<meta property=\"og:description\" content=\"Level Up Education est un centre d&#039;accompagnement des jeunes et des professionnels, sp\u00e9cialis\u00e9 dans le conseil, l&#039;orientation, la r\u00e9orientation scolaire et l&#039;accompagnement des \u00e9tudiants dans leurs projets d&#039;\u00e9tudes \u00e0 l&#039;international.\" \/>\n<meta property=\"og:url\" content=\"https:\/\/levelup-bf.com\/?page_id=2488\" \/>\n<meta property=\"og:site_name\" content=\"LEVEL UP EDUCATION\" \/>\n<meta property=\"article:publisher\" content=\"https:\/\/www.facebook.com\/Levelup-Education-100296392005332\/\" \/>\n<meta property=\"article:modified_time\" content=\"2024-01-23T09:01:02+00:00\" \/>\n<meta property=\"og:image\" content=\"https:\/\/levelup-bf.com\/wp-content\/uploads\/2023\/12\/gens-plan-moyen-obtenant-leur-diplome-1024x626.jpg\" \/>\n<meta name=\"twitter:label1\" content=\"Dur\u00e9e de lecture estim\u00e9e\" \/>\n\t<meta name=\"twitter:data1\" content=\"1 minute\" \/>\n<script type=\"application\/ld+json\" class=\"yoast-schema-graph\">{\"@context\":\"https:\\\/\\\/schema.org\",\"@graph\":[{\"@type\":\"WebPage\",\"@id\":\"https:\\\/\\\/levelup-bf.com\\\/?page_id=2488\",\"url\":\"https:\\\/\\\/levelup-bf.com\\\/?page_id=2488\",\"name\":\"Pr\u00e9paration des entretiens et\\\/ou tests d'admission - LEVEL UP EDUCATION\",\"isPartOf\":{\"@id\":\"https:\\\/\\\/levelup-bf.com\\\/#website\"},\"primaryImageOfPage\":{\"@id\":\"https:\\\/\\\/levelup-bf.com\\\/?page_id=2488#primaryimage\"},\"image\":{\"@id\":\"https:\\\/\\\/levelup-bf.com\\\/?page_id=2488#primaryimage\"},\"thumbnailUrl\":\"https:\\\/\\\/levelup-bf.com\\\/wp-content\\\/uploads\\\/2023\\\/12\\\/gens-plan-moyen-obtenant-leur-diplome-1024x626.jpg\",\"datePublished\":\"2024-01-15T16:56:40+00:00\",\"dateModified\":\"2024-01-23T09:01:02+00:00\",\"description\":\"Level Up Education est un centre d'accompagnement des jeunes et des professionnels, sp\u00e9cialis\u00e9 dans le conseil, l'orientation, la r\u00e9orientation scolaire et l'accompagnement des \u00e9tudiants dans leurs projets d'\u00e9tudes \u00e0 l'international.\",\"breadcrumb\":{\"@id\":\"https:\\\/\\\/levelup-bf.com\\\/?page_id=2488#breadcrumb\"},\"inLanguage\":\"fr-FR\",\"potentialAction\":[{\"@type\":\"ReadAction\",\"target\":[\"https:\\\/\\\/levelup-bf.com\\\/?page_id=2488\"]}]},{\"@type\":\"ImageObject\",\"inLanguage\":\"fr-FR\",\"@id\":\"https:\\\/\\\/levelup-bf.com\\\/?page_id=2488#primaryimage\",\"url\":\"https:\\\/\\\/levelup-bf.com\\\/wp-content\\\/uploads\\\/2023\\\/12\\\/gens-plan-moyen-obtenant-leur-diplome-scaled.jpg\",\"contentUrl\":\"https:\\\/\\\/levelup-bf.com\\\/wp-content\\\/uploads\\\/2023\\\/12\\\/gens-plan-moyen-obtenant-leur-diplome-scaled.jpg\",\"width\":2560,\"height\":1565},{\"@type\":\"BreadcrumbList\",\"@id\":\"https:\\\/\\\/levelup-bf.com\\\/?page_id=2488#breadcrumb\",\"itemListElement\":[{\"@type\":\"ListItem\",\"position\":1,\"name\":\"Accueil\",\"item\":\"https:\\\/\\\/levelup-bf.com\\\/\"},{\"@type\":\"ListItem\",\"position\":2,\"name\":\"Pr\u00e9paration des entretiens et\\\/ou tests d&rsquo;admission\"}]},{\"@type\":\"WebSite\",\"@id\":\"https:\\\/\\\/levelup-bf.com\\\/#website\",\"url\":\"https:\\\/\\\/levelup-bf.com\\\/\",\"name\":\"LEVEL UP EDUCATION\",\"description\":\"L&#039;Expert de l&#039;Orientation Scolaire et de la Mobilit\u00e9 Internationale des \u00c9tudiants!\",\"publisher\":{\"@id\":\"https:\\\/\\\/levelup-bf.com\\\/#organization\"},\"potentialAction\":[{\"@type\":\"SearchAction\",\"target\":{\"@type\":\"EntryPoint\",\"urlTemplate\":\"https:\\\/\\\/levelup-bf.com\\\/?s={search_term_string}\"},\"query-input\":{\"@type\":\"PropertyValueSpecification\",\"valueRequired\":true,\"valueName\":\"search_term_string\"}}],\"inLanguage\":\"fr-FR\"},{\"@type\":\"Organization\",\"@id\":\"https:\\\/\\\/levelup-bf.com\\\/#organization\",\"name\":\"Level'Up Education\",\"url\":\"https:\\\/\\\/levelup-bf.com\\\/\",\"logo\":{\"@type\":\"ImageObject\",\"inLanguage\":\"fr-FR\",\"@id\":\"https:\\\/\\\/levelup-bf.com\\\/#\\\/schema\\\/logo\\\/image\\\/\",\"url\":\"https:\\\/\\\/levelup-bf.com\\\/wp-content\\\/uploads\\\/2021\\\/02\\\/cropped-cropped-LOGO-10.jpeg\",\"contentUrl\":\"https:\\\/\\\/levelup-bf.com\\\/wp-content\\\/uploads\\\/2021\\\/02\\\/cropped-cropped-LOGO-10.jpeg\",\"width\":915,\"height\":912,\"caption\":\"Level'Up Education\"},\"image\":{\"@id\":\"https:\\\/\\\/levelup-bf.com\\\/#\\\/schema\\\/logo\\\/image\\\/\"},\"sameAs\":[\"https:\\\/\\\/www.facebook.com\\\/Levelup-Education-100296392005332\\\/\",\"https:\\\/\\\/www.instagram.com\\\/level_up_educ\\\/\"]}]}<\/script>\n<!-- \/ Yoast SEO plugin. -->","yoast_head_json":{"title":"Pr\u00e9paration des entretiens et\/ou tests d'admission - LEVEL UP EDUCATION","description":"Level Up Education est un centre d'accompagnement des jeunes et des professionnels, sp\u00e9cialis\u00e9 dans le conseil, l'orientation, la r\u00e9orientation scolaire et l'accompagnement des \u00e9tudiants dans leurs projets d'\u00e9tudes \u00e0 l'international.","robots":{"index":"index","follow":"follow","max-snippet":"max-snippet:-1","max-image-preview":"max-image-preview:large","max-video-preview":"max-video-preview:-1"},"canonical":"https:\/\/levelup-bf.com\/?page_id=2488","og_locale":"fr_FR","og_type":"article","og_title":"Pr\u00e9paration des entretiens et\/ou tests d'admission - LEVEL UP EDUCATION","og_description":"Level Up Education est un centre d'accompagnement des jeunes et des professionnels, sp\u00e9cialis\u00e9 dans le conseil, l'orientation, la r\u00e9orientation scolaire et l'accompagnement des \u00e9tudiants dans leurs projets d'\u00e9tudes \u00e0 l'international.","og_url":"https:\/\/levelup-bf.com\/?page_id=2488","og_site_name":"LEVEL UP EDUCATION","article_publisher":"https:\/\/www.facebook.com\/Levelup-Education-100296392005332\/","article_modified_time":"2024-01-23T09:01:02+00:00","og_image":[{"url":"https:\/\/levelup-bf.com\/wp-content\/uploads\/2023\/12\/gens-plan-moyen-obtenant-leur-diplome-1024x626.jpg","type":"","width":"","height":""}],"twitter_misc":{"Dur\u00e9e de lecture estim\u00e9e":"1 minute"},"schema":{"@context":"https:\/\/schema.org","@graph":[{"@type":"WebPage","@id":"https:\/\/levelup-bf.com\/?page_id=2488","url":"https:\/\/levelup-bf.com\/?page_id=2488","name":"Pr\u00e9paration des entretiens et\/ou tests d'admission - LEVEL UP EDUCATION","isPartOf":{"@id":"https:\/\/levelup-bf.com\/#website"},"primaryImageOfPage":{"@id":"https:\/\/levelup-bf.com\/?page_id=2488#primaryimage"},"image":{"@id":"https:\/\/levelup-bf.com\/?page_id=2488#primaryimage"},"thumbnailUrl":"https:\/\/levelup-bf.com\/wp-content\/uploads\/2023\/12\/gens-plan-moyen-obtenant-leur-diplome-1024x626.jpg","datePublished":"2024-01-15T16:56:40+00:00","dateModified":"2024-01-23T09:01:02+00:00","description":"Level Up Education est un centre d'accompagnement des jeunes et des professionnels, sp\u00e9cialis\u00e9 dans le conseil, l'orientation, la r\u00e9orientation scolaire et l'accompagnement des \u00e9tudiants dans leurs projets d'\u00e9tudes \u00e0 l'international.","breadcrumb":{"@id":"https:\/\/levelup-bf.com\/?page_id=2488#breadcrumb"},"inLanguage":"fr-FR","potentialAction":[{"@type":"ReadAction","target":["https:\/\/levelup-bf.com\/?page_id=2488"]}]},{"@type":"ImageObject","inLanguage":"fr-FR","@id":"https:\/\/levelup-bf.com\/?page_id=2488#primaryimage","url":"https:\/\/levelup-bf.com\/wp-content\/uploads\/2023\/12\/gens-plan-moyen-obtenant-leur-diplome-scaled.jpg","contentUrl":"https:\/\/levelup-bf.com\/wp-content\/uploads\/2023\/12\/gens-plan-moyen-obtenant-leur-diplome-scaled.jpg","width":2560,"height":1565},{"@type":"BreadcrumbList","@id":"https:\/\/levelup-bf.com\/?page_id=2488#breadcrumb","itemListElement":[{"@type":"ListItem","position":1,"name":"Accueil","item":"https:\/\/levelup-bf.com\/"},{"@type":"ListItem","position":2,"name":"Pr\u00e9paration des entretiens et\/ou tests d&rsquo;admission"}]},{"@type":"WebSite","@id":"https:\/\/levelup-bf.com\/#website","url":"https:\/\/levelup-bf.com\/","name":"LEVEL UP EDUCATION","description":"L&#039;Expert de l&#039;Orientation Scolaire et de la Mobilit\u00e9 Internationale des \u00c9tudiants!","publisher":{"@id":"https:\/\/levelup-bf.com\/#organization"},"potentialAction":[{"@type":"SearchAction","target":{"@type":"EntryPoint","urlTemplate":"https:\/\/levelup-bf.com\/?s={search_term_string}"},"query-input":{"@type":"PropertyValueSpecification","valueRequired":true,"valueName":"search_term_string"}}],"inLanguage":"fr-FR"},{"@type":"Organization","@id":"https:\/\/levelup-bf.com\/#organization","name":"Level'Up Education","url":"https:\/\/levelup-bf.com\/","logo":{"@type":"ImageObject","inLanguage":"fr-FR","@id":"https:\/\/levelup-bf.com\/#\/schema\/logo\/image\/","url":"https:\/\/levelup-bf.com\/wp-content\/uploads\/2021\/02\/cropped-cropped-LOGO-10.jpeg","contentUrl":"https:\/\/levelup-bf.com\/wp-content\/uploads\/2021\/02\/cropped-cropped-LOGO-10.jpeg","width":915,"height":912,"caption":"Level'Up Education"},"image":{"@id":"https:\/\/levelup-bf.com\/#\/schema\/logo\/image\/"},"sameAs":["https:\/\/www.facebook.com\/Levelup-Education-100296392005332\/","https:\/\/www.instagram.com\/level_up_educ\/"]}]}},"_links":{"self":[{"href":"https:\/\/levelup-bf.com\/index.php?rest_route=\/wp\/v2\/pages\/2488","targetHints":{"allow":["GET"]}}],"collection":[{"href":"https:\/\/levelup-bf.com\/index.php?rest_route=\/wp\/v2\/pages"}],"about":[{"href":"https:\/\/levelup-bf.com\/index.php?rest_route=\/wp\/v2\/types\/page"}],"author":[{"embeddable":true,"href":"https:\/\/levelup-bf.com\/index.php?rest_route=\/wp\/v2\/users\/4"}],"replies":[{"embeddable":true,"href":"https:\/\/levelup-bf.com\/index.php?rest_route=%2Fwp%2Fv2%2Fcomments&post=2488"}],"version-history":[{"count":28,"href":"https:\/\/levelup-bf.com\/index.php?rest_route=\/wp\/v2\/pages\/2488\/revisions"}],"predecessor-version":[{"id":2726,"href":"https:\/\/levelup-bf.com\/index.php?rest_route=\/wp\/v2\/pages\/2488\/revisions\/2726"}],"wp:attachment":[{"href":"https:\/\/levelup-bf.com\/index.php?rest_route=%2Fwp%2Fv2%2Fmedia&parent=2488"}],"curies":[{"name":"wp","href":"https:\/\/api.w.org\/{rel}","templated":true}]}}