{"id":2978,"date":"2024-03-26T17:11:45","date_gmt":"2024-03-26T17:11:45","guid":{"rendered":"https:\/\/levelup-bf.com\/?page_id=2978"},"modified":"2024-07-15T13:15:22","modified_gmt":"2024-07-15T13:15:22","slug":"sejours-linguistiques-au-canada","status":"publish","type":"page","link":"https:\/\/levelup-bf.com\/?page_id=2978","title":{"rendered":"S\u00e9jours linguistiques au Canada"},"content":{"rendered":"\t\t<div data-elementor-type=\"wp-page\" data-elementor-id=\"2978\" class=\"elementor elementor-2978\">\n\t\t\t\t<div class=\"elementor-element elementor-element-c4b6703 e-flex e-con-boxed e-con e-parent\" data-id=\"c4b6703\" data-element_type=\"container\" data-e-type=\"container\">\n\t\t\t\t\t<div class=\"e-con-inner\">\n\t\t<div class=\"elementor-element elementor-element-0be2ec3 e-flex e-con-boxed e-con e-child\" data-id=\"0be2ec3\" data-element_type=\"container\" data-e-type=\"container\">\n\t\t\t\t\t<div class=\"e-con-inner\">\n\t\t\t\t<div class=\"elementor-element elementor-element-890740a elementor-widget elementor-widget-text-editor\" data-id=\"890740a\" data-element_type=\"widget\" data-e-type=\"widget\" data-widget_type=\"text-editor.default\">\n\t\t\t\t<div class=\"elementor-widget-container\">\n\t\t\t\t\t\t\t\t\t<h4>Les s\u00e9jours linguistiques au Canada offrent une exp\u00e9rience unique pour ceux qui cherchent \u00e0 am\u00e9liorer leur anglais tout en d\u00e9couvrant la diversit\u00e9 culturelle et naturelle de ce vaste pays. Voici quelques points cl\u00e9s \u00e0 consid\u00e9rer concernant ces s\u00e9jours :<\/h4>\t\t\t\t\t\t\t\t<\/div>\n\t\t\t\t<\/div>\n\t\t\t\t\t<\/div>\n\t\t\t\t<\/div>\n\t\t<div class=\"elementor-element elementor-element-ff9b3ed e-flex e-con-boxed e-con e-child\" data-id=\"ff9b3ed\" data-element_type=\"container\" data-e-type=\"container\">\n\t\t\t\t\t<div class=\"e-con-inner\">\n\t\t\t\t<div class=\"elementor-element elementor-element-727a8a5 elementor-widget elementor-widget-heading\" data-id=\"727a8a5\" data-element_type=\"widget\" data-e-type=\"widget\" data-widget_type=\"heading.default\">\n\t\t\t\t<div class=\"elementor-widget-container\">\n\t\t\t\t\t<h2 class=\"elementor-heading-title elementor-size-default\">Cours de langue<\/h2>\t\t\t\t<\/div>\n\t\t\t\t<\/div>\n\t\t\t\t<div class=\"elementor-element elementor-element-d8a80ef elementor-widget elementor-widget-text-editor\" data-id=\"d8a80ef\" data-element_type=\"widget\" data-e-type=\"widget\" data-widget_type=\"text-editor.default\">\n\t\t\t\t<div class=\"elementor-widget-container\">\n\t\t\t\t\t\t\t\t\t<h4>Les participants ont acc\u00e8s \u00e0 une vari\u00e9t\u00e9 de cours d&rsquo;anglais adapt\u00e9s \u00e0 leur niveau de comp\u00e9tence linguistique. Ces cours sont dispens\u00e9s dans des \u00e9coles de langues, des coll\u00e8ges, des universit\u00e9s ou des centres de formation sp\u00e9cialis\u00e9s. Ils couvrent g\u00e9n\u00e9ralement la grammaire, la conversation, la compr\u00e9hension \u00e9crite et orale, ainsi que des aspects culturels li\u00e9s \u00e0 la langue enseign\u00e9e.<\/h4>\t\t\t\t\t\t\t\t<\/div>\n\t\t\t\t<\/div>\n\t\t\t\t\t<\/div>\n\t\t\t\t<\/div>\n\t\t<div class=\"elementor-element elementor-element-5904df9 e-flex e-con-boxed e-con e-child\" data-id=\"5904df9\" data-element_type=\"container\" data-e-type=\"container\">\n\t\t\t\t\t<div class=\"e-con-inner\">\n\t\t\t\t<div class=\"elementor-element elementor-element-60a8929 elementor-widget elementor-widget-heading\" data-id=\"60a8929\" data-element_type=\"widget\" data-e-type=\"widget\" data-widget_type=\"heading.default\">\n\t\t\t\t<div class=\"elementor-widget-container\">\n\t\t\t\t\t<h2 class=\"elementor-heading-title elementor-size-default\">Options d'h\u00e9bergement<\/h2>\t\t\t\t<\/div>\n\t\t\t\t<\/div>\n\t\t\t\t<div class=\"elementor-element elementor-element-bfbc7b2 elementor-widget elementor-widget-text-editor\" data-id=\"bfbc7b2\" data-element_type=\"widget\" data-e-type=\"widget\" data-widget_type=\"text-editor.default\">\n\t\t\t\t<div class=\"elementor-widget-container\">\n\t\t\t\t\t\t\t\t\t<h4>Les participants peuvent choisir entre diff\u00e9rentes options d&rsquo;h\u00e9bergement, telles que les familles d&rsquo;accueil, les r\u00e9sidences \u00e9tudiantes, les dortoirs universitaires ou les appartements partag\u00e9s. Le choix d\u00e9pend souvent de la dur\u00e9e du s\u00e9jour, du budget et des pr\u00e9f\u00e9rences personnelles des participants.<\/h4>\t\t\t\t\t\t\t\t<\/div>\n\t\t\t\t<\/div>\n\t\t\t\t\t<\/div>\n\t\t\t\t<\/div>\n\t\t<div class=\"elementor-element elementor-element-53567f1 e-flex e-con-boxed e-con e-child\" data-id=\"53567f1\" data-element_type=\"container\" data-e-type=\"container\">\n\t\t\t\t\t<div class=\"e-con-inner\">\n\t\t\t\t<div class=\"elementor-element elementor-element-4576db3 elementor-widget elementor-widget-heading\" data-id=\"4576db3\" data-element_type=\"widget\" data-e-type=\"widget\" data-widget_type=\"heading.default\">\n\t\t\t\t<div class=\"elementor-widget-container\">\n\t\t\t\t\t<h2 class=\"elementor-heading-title elementor-size-default\">D\u00e9couverte culturelle<\/h2>\t\t\t\t<\/div>\n\t\t\t\t<\/div>\n\t\t\t\t<div class=\"elementor-element elementor-element-4c733f2 elementor-widget elementor-widget-text-editor\" data-id=\"4c733f2\" data-element_type=\"widget\" data-e-type=\"widget\" data-widget_type=\"text-editor.default\">\n\t\t\t\t<div class=\"elementor-widget-container\">\n\t\t\t\t\t\t\t\t\t<h4>Les s\u00e9jours linguistiques au Canada offrent aux participants la possibilit\u00e9 d&rsquo;explorer la diversit\u00e9 culturelle du pays. Que ce soit \u00e0 Toronto, Montr\u00e9al, Vancouver, ou dans d&rsquo;autres villes, les participants peuvent d\u00e9couvrir une vari\u00e9t\u00e9 de traditions, de cuisines, d&rsquo;\u00e9v\u00e9nements culturels et de modes de vie, tout en pratiquant la langue dans des situations r\u00e9elles.<\/h4>\t\t\t\t\t\t\t\t<\/div>\n\t\t\t\t<\/div>\n\t\t\t\t\t<\/div>\n\t\t\t\t<\/div>\n\t\t<div class=\"elementor-element elementor-element-61b7e9d e-flex e-con-boxed e-con e-child\" data-id=\"61b7e9d\" data-element_type=\"container\" data-e-type=\"container\">\n\t\t\t\t\t<div class=\"e-con-inner\">\n\t\t\t\t<div class=\"elementor-element elementor-element-474bc85 elementor-widget elementor-widget-heading\" data-id=\"474bc85\" data-element_type=\"widget\" data-e-type=\"widget\" data-widget_type=\"heading.default\">\n\t\t\t\t<div class=\"elementor-widget-container\">\n\t\t\t\t\t<h2 class=\"elementor-heading-title elementor-size-default\">Nature et activit\u00e9s de plein air<\/h2>\t\t\t\t<\/div>\n\t\t\t\t<\/div>\n\t\t\t\t<div class=\"elementor-element elementor-element-8389c81 elementor-widget elementor-widget-text-editor\" data-id=\"8389c81\" data-element_type=\"widget\" data-e-type=\"widget\" data-widget_type=\"text-editor.default\">\n\t\t\t\t<div class=\"elementor-widget-container\">\n\t\t\t\t\t\t\t\t\t<h4>Le Canada est r\u00e9put\u00e9 pour ses paysages naturels \u00e9poustouflants. Les participants aux s\u00e9jours linguistiques peuvent profiter d&rsquo;activit\u00e9s de plein air telles que la randonn\u00e9e, le ski, le kayak, l&rsquo;observation de la faune et bien plus encore. Ces activit\u00e9s offrent non seulement une pause agr\u00e9able des \u00e9tudes, mais aussi des occasions uniques de pratiquer la langue dans un cadre naturel.<\/h4>\t\t\t\t\t\t\t\t<\/div>\n\t\t\t\t<\/div>\n\t\t\t\t\t<\/div>\n\t\t\t\t<\/div>\n\t\t<div class=\"elementor-element elementor-element-15580dc e-flex e-con-boxed e-con e-child\" data-id=\"15580dc\" data-element_type=\"container\" data-e-type=\"container\">\n\t\t\t\t\t<div class=\"e-con-inner\">\n\t\t\t\t<div class=\"elementor-element elementor-element-417869f elementor-widget elementor-widget-heading\" data-id=\"417869f\" data-element_type=\"widget\" data-e-type=\"widget\" data-widget_type=\"heading.default\">\n\t\t\t\t<div class=\"elementor-widget-container\">\n\t\t\t\t\t<h2 class=\"elementor-heading-title elementor-size-default\">Certification et suivi des progr\u00e8s<\/h2>\t\t\t\t<\/div>\n\t\t\t\t<\/div>\n\t\t\t\t<div class=\"elementor-element elementor-element-59a21d2 elementor-widget elementor-widget-text-editor\" data-id=\"59a21d2\" data-element_type=\"widget\" data-e-type=\"widget\" data-widget_type=\"text-editor.default\">\n\t\t\t\t<div class=\"elementor-widget-container\">\n\t\t\t\t\t\t\t\t\t<h4>\u00c0 la fin du s\u00e9jour, les participants peuvent recevoir un certificat de langue ou un rapport de progression attestant de leur niveau d&rsquo;anglais. Certains programmes proposent \u00e9galement des \u00e9valuations r\u00e9guli\u00e8res pour mesurer les progr\u00e8s des participants et ajuster les cours en cons\u00e9quence.<\/h4>\t\t\t\t\t\t\t\t<\/div>\n\t\t\t\t<\/div>\n\t\t\t\t\t<\/div>\n\t\t\t\t<\/div>\n\t\t<div class=\"elementor-element elementor-element-61ca334 e-flex e-con-boxed e-con e-child\" data-id=\"61ca334\" data-element_type=\"container\" data-e-type=\"container\">\n\t\t\t\t\t<div class=\"e-con-inner\">\n\t\t\t\t<div class=\"elementor-element elementor-element-d598865 elementor-widget elementor-widget-heading\" data-id=\"d598865\" data-element_type=\"widget\" data-e-type=\"widget\" data-widget_type=\"heading.default\">\n\t\t\t\t<div class=\"elementor-widget-container\">\n\t\t\t\t\t<h2 class=\"elementor-heading-title elementor-size-default\">S\u00e9curit\u00e9 et qualit\u00e9 de vie<\/h2>\t\t\t\t<\/div>\n\t\t\t\t<\/div>\n\t\t\t\t<div class=\"elementor-element elementor-element-0d76e21 elementor-widget elementor-widget-text-editor\" data-id=\"0d76e21\" data-element_type=\"widget\" data-e-type=\"widget\" data-widget_type=\"text-editor.default\">\n\t\t\t\t<div class=\"elementor-widget-container\">\n\t\t\t\t\t\t\t\t\t<h4>Le Canada est r\u00e9put\u00e9 pour sa s\u00e9curit\u00e9, sa qualit\u00e9 de vie \u00e9lev\u00e9e et son accueil chaleureux envers les visiteurs internationaux. Les participants aux s\u00e9jours linguistiques peuvent se sentir en s\u00e9curit\u00e9 et bien accueillis tout au long de leur s\u00e9jour.<\/h4>\t\t\t\t\t\t\t\t<\/div>\n\t\t\t\t<\/div>\n\t\t\t\t\t<\/div>\n\t\t\t\t<\/div>\n\t\t\t\t\t<\/div>\n\t\t\t\t<\/div>\n\t\t<div class=\"elementor-element elementor-element-6f1f9a1 e-flex e-con-boxed e-con e-child\" data-id=\"6f1f9a1\" data-element_type=\"container\" data-e-type=\"container\" data-settings=\"{&quot;background_background&quot;:&quot;gradient&quot;}\">\n\t\t\t\t\t<div class=\"e-con-inner\">\n\t\t\t\t<div class=\"elementor-element elementor-element-d7f1c5b elementor-widget elementor-widget-heading\" data-id=\"d7f1c5b\" data-element_type=\"widget\" data-e-type=\"widget\" data-widget_type=\"heading.default\">\n\t\t\t\t<div class=\"elementor-widget-container\">\n\t\t\t\t\t<h2 class=\"elementor-heading-title elementor-size-default\">Notre accompagnement<\/h2>\t\t\t\t<\/div>\n\t\t\t\t<\/div>\n\t\t\t\t<div class=\"elementor-element elementor-element-6dcb5f8 elementor-widget elementor-widget-text-editor\" data-id=\"6dcb5f8\" data-element_type=\"widget\" data-e-type=\"widget\" data-widget_type=\"text-editor.default\">\n\t\t\t\t<div class=\"elementor-widget-container\">\n\t\t\t\t\t\t\t\t\t<ul><li><h4>Orientation et formalisation du projet d&rsquo;\u00e9tudes;<\/h4><\/li><li><h4>Constitution des dossier de candidature;<\/h4><\/li><li><h4>Demande de visa;<\/h4><\/li><li><h4>Possibilit\u00e9 d&rsquo;effectuer le voyage avec l&rsquo;\u00e9tudiant jusqu\u2019\u00e0 son installation sur place.<\/h4><\/li><\/ul>\t\t\t\t\t\t\t\t<\/div>\n\t\t\t\t<\/div>\n\t\t\t\t\t<\/div>\n\t\t\t\t<\/div>\n\t\t<div class=\"elementor-element elementor-element-d118ada e-flex e-con-boxed e-con e-parent\" data-id=\"d118ada\" data-element_type=\"container\" data-e-type=\"container\">\n\t\t\t\t\t<div class=\"e-con-inner\">\n\t\t\t\t<div class=\"elementor-element elementor-element-c364712 elementor-widget elementor-widget-html\" data-id=\"c364712\" data-element_type=\"widget\" data-e-type=\"widget\" data-widget_type=\"html.default\">\n\t\t\t\t<div class=\"elementor-widget-container\">\n\t\t\t\t\t<a class=\"button btn-default big color round mdc-ripple-upgraded\" target=\"_self\" href=\"https:\/\/levelup-bf.com\/?page_id=2962\" style=\"--mdc-ripple-fg-size: 139.76000061035157px; --mdc-ripple-fg-scale: 1.7824178788248153; --mdc-ripple-fg-translate-start: -57.313349914550784px, -34.946650695800784px; --mdc-ripple-fg-translate-end: 46.586666870117185px, -42.880000305175784px;\">S\u00e9jours linguistique en Angleterre<\/a>\n\n\n<a class=\"button btn-default big color round mdc-ripple-upgraded \" target=\"_self\" href=\"https:\/\/levelup-bf.com\/?page_id=3133\" style=\"--mdc-ripple-fg-size: 139.76000061035157px; --mdc-ripple-fg-scale: 1.7824178788248153; --mdc-ripple-fg-translate-start: -57.313349914550784px, -34.946650695800784px; --mdc-ripple-fg-translate-end: 46.586666870117185px, -42.880000305175784px;\">S\u00e9jours linguistique en Chine<\/a>\n\n<a class=\"button btn-default big color round mdc-ripple-upgraded\" target=\"_self\" href=\"https:\/\/levelup-bf.com\/?page_id=2299\" style=\"--mdc-ripple-fg-size: 139.76000061035157px; --mdc-ripple-fg-scale: 1.7824178788248153; --mdc-ripple-fg-translate-start: -57.313349914550784px, -34.946650695800784px; --mdc-ripple-fg-translate-end: 46.586666870117185px, -42.880000305175784px;\">S\u00e9jours linguistique au Ghana<\/a>\n\n<a class=\"button btn-default big color4 round mdc-ripple-upgraded\" target=\"_self\" href=\"https:\/\/levelup-bf.com\/?page_id=2945\" style=\"--mdc-ripple-fg-size: 139.76000061035157px; --mdc-ripple-fg-scale: 1.7824178788248153; --mdc-ripple-fg-translate-start: -57.313349914550784px, -34.946650695800784px; --mdc-ripple-fg-translate-end: 46.586666870117185px, -42.880000305175784px;\">S\u00e9jours linguistiques en Irlande<\/a>\n\t\t\t\t<\/div>\n\t\t\t\t<\/div>\n\t\t\t\t\t<\/div>\n\t\t\t\t<\/div>\n\t\t\t\t<\/div>\n\t\t","protected":false},"excerpt":{"rendered":"<p>Les s\u00e9jours linguistiques au Canada offrent une exp\u00e9rience unique pour ceux qui cherchent \u00e0 am\u00e9liorer leur anglais tout en d\u00e9couvrant la diversit\u00e9 culturelle et naturelle de ce vaste pays. Voici quelques points cl\u00e9s \u00e0 consid\u00e9rer concernant ces s\u00e9jours : Cours de langue Les participants ont acc\u00e8s \u00e0 une vari\u00e9t\u00e9 de cours d&rsquo;anglais adapt\u00e9s \u00e0 leur&nbsp;&hellip;<\/p>\n","protected":false},"author":4,"featured_media":0,"parent":0,"menu_order":0,"comment_status":"closed","ping_status":"closed","template":"","meta":{"_monsterinsights_skip_tracking":false,"_monsterinsights_sitenote_active":false,"_monsterinsights_sitenote_note":"","_monsterinsights_sitenote_category":0,"footnotes":""},"class_list":["post-2978","page","type-page","status-publish","hentry"],"yoast_head":"<!-- This site is optimized with the Yoast SEO plugin v27.5 - https:\/\/yoast.com\/product\/yoast-seo-wordpress\/ -->\n<title>S\u00e9jours linguistiques au Canada - LEVEL UP EDUCATION<\/title>\n<meta name=\"description\" content=\"Level Up Education est un centre d&#039;accompagnement des jeunes et des professionnels, sp\u00e9cialis\u00e9 dans le conseil, l&#039;orientation, la r\u00e9orientation scolaire et l&#039;accompagnement des \u00e9tudiants dans leurs projets d&#039;\u00e9tudes \u00e0 l&#039;international.\" \/>\n<meta name=\"robots\" content=\"index, follow, max-snippet:-1, max-image-preview:large, max-video-preview:-1\" \/>\n<link rel=\"canonical\" href=\"https:\/\/levelup-bf.com\/?page_id=2978\" \/>\n<meta property=\"og:locale\" content=\"fr_FR\" \/>\n<meta property=\"og:type\" content=\"article\" \/>\n<meta property=\"og:title\" content=\"S\u00e9jours linguistiques au Canada - LEVEL UP EDUCATION\" \/>\n<meta property=\"og:description\" content=\"Level Up Education est un centre d&#039;accompagnement des jeunes et des professionnels, sp\u00e9cialis\u00e9 dans le conseil, l&#039;orientation, la r\u00e9orientation scolaire et l&#039;accompagnement des \u00e9tudiants dans leurs projets d&#039;\u00e9tudes \u00e0 l&#039;international.\" \/>\n<meta property=\"og:url\" content=\"https:\/\/levelup-bf.com\/?page_id=2978\" \/>\n<meta property=\"og:site_name\" content=\"LEVEL UP EDUCATION\" \/>\n<meta property=\"article:publisher\" content=\"https:\/\/www.facebook.com\/Levelup-Education-100296392005332\/\" \/>\n<meta property=\"article:modified_time\" content=\"2024-07-15T13:15:22+00:00\" \/>\n<meta property=\"og:image\" content=\"https:\/\/levelup-bf.com\/wp-content\/uploads\/2021\/08\/Logo-LEVELUP.png\" \/>\n\t<meta property=\"og:image:width\" content=\"976\" \/>\n\t<meta property=\"og:image:height\" content=\"948\" \/>\n\t<meta property=\"og:image:type\" content=\"image\/png\" \/>\n<meta name=\"twitter:label1\" content=\"Dur\u00e9e de lecture estim\u00e9e\" \/>\n\t<meta name=\"twitter:data1\" content=\"2 minutes\" \/>\n<script type=\"application\/ld+json\" class=\"yoast-schema-graph\">{\"@context\":\"https:\\\/\\\/schema.org\",\"@graph\":[{\"@type\":\"WebPage\",\"@id\":\"https:\\\/\\\/levelup-bf.com\\\/?page_id=2978\",\"url\":\"https:\\\/\\\/levelup-bf.com\\\/?page_id=2978\",\"name\":\"S\u00e9jours linguistiques au Canada - LEVEL UP EDUCATION\",\"isPartOf\":{\"@id\":\"https:\\\/\\\/levelup-bf.com\\\/#website\"},\"datePublished\":\"2024-03-26T17:11:45+00:00\",\"dateModified\":\"2024-07-15T13:15:22+00:00\",\"description\":\"Level Up Education est un centre d'accompagnement des jeunes et des professionnels, sp\u00e9cialis\u00e9 dans le conseil, l'orientation, la r\u00e9orientation scolaire et l'accompagnement des \u00e9tudiants dans leurs projets d'\u00e9tudes \u00e0 l'international.\",\"breadcrumb\":{\"@id\":\"https:\\\/\\\/levelup-bf.com\\\/?page_id=2978#breadcrumb\"},\"inLanguage\":\"fr-FR\",\"potentialAction\":[{\"@type\":\"ReadAction\",\"target\":[\"https:\\\/\\\/levelup-bf.com\\\/?page_id=2978\"]}]},{\"@type\":\"BreadcrumbList\",\"@id\":\"https:\\\/\\\/levelup-bf.com\\\/?page_id=2978#breadcrumb\",\"itemListElement\":[{\"@type\":\"ListItem\",\"position\":1,\"name\":\"Accueil\",\"item\":\"https:\\\/\\\/levelup-bf.com\\\/\"},{\"@type\":\"ListItem\",\"position\":2,\"name\":\"S\u00e9jours linguistiques au Canada\"}]},{\"@type\":\"WebSite\",\"@id\":\"https:\\\/\\\/levelup-bf.com\\\/#website\",\"url\":\"https:\\\/\\\/levelup-bf.com\\\/\",\"name\":\"LEVEL UP EDUCATION\",\"description\":\"L&#039;Expert de l&#039;Orientation Scolaire et de la Mobilit\u00e9 Internationale des \u00c9tudiants!\",\"publisher\":{\"@id\":\"https:\\\/\\\/levelup-bf.com\\\/#organization\"},\"potentialAction\":[{\"@type\":\"SearchAction\",\"target\":{\"@type\":\"EntryPoint\",\"urlTemplate\":\"https:\\\/\\\/levelup-bf.com\\\/?s={search_term_string}\"},\"query-input\":{\"@type\":\"PropertyValueSpecification\",\"valueRequired\":true,\"valueName\":\"search_term_string\"}}],\"inLanguage\":\"fr-FR\"},{\"@type\":\"Organization\",\"@id\":\"https:\\\/\\\/levelup-bf.com\\\/#organization\",\"name\":\"Level'Up Education\",\"url\":\"https:\\\/\\\/levelup-bf.com\\\/\",\"logo\":{\"@type\":\"ImageObject\",\"inLanguage\":\"fr-FR\",\"@id\":\"https:\\\/\\\/levelup-bf.com\\\/#\\\/schema\\\/logo\\\/image\\\/\",\"url\":\"https:\\\/\\\/levelup-bf.com\\\/wp-content\\\/uploads\\\/2021\\\/02\\\/cropped-cropped-LOGO-10.jpeg\",\"contentUrl\":\"https:\\\/\\\/levelup-bf.com\\\/wp-content\\\/uploads\\\/2021\\\/02\\\/cropped-cropped-LOGO-10.jpeg\",\"width\":915,\"height\":912,\"caption\":\"Level'Up Education\"},\"image\":{\"@id\":\"https:\\\/\\\/levelup-bf.com\\\/#\\\/schema\\\/logo\\\/image\\\/\"},\"sameAs\":[\"https:\\\/\\\/www.facebook.com\\\/Levelup-Education-100296392005332\\\/\",\"https:\\\/\\\/www.instagram.com\\\/level_up_educ\\\/\"]}]}<\/script>\n<!-- \/ Yoast SEO plugin. -->","yoast_head_json":{"title":"S\u00e9jours linguistiques au Canada - LEVEL UP EDUCATION","description":"Level Up Education est un centre d'accompagnement des jeunes et des professionnels, sp\u00e9cialis\u00e9 dans le conseil, l'orientation, la r\u00e9orientation scolaire et l'accompagnement des \u00e9tudiants dans leurs projets d'\u00e9tudes \u00e0 l'international.","robots":{"index":"index","follow":"follow","max-snippet":"max-snippet:-1","max-image-preview":"max-image-preview:large","max-video-preview":"max-video-preview:-1"},"canonical":"https:\/\/levelup-bf.com\/?page_id=2978","og_locale":"fr_FR","og_type":"article","og_title":"S\u00e9jours linguistiques au Canada - LEVEL UP EDUCATION","og_description":"Level Up Education est un centre d'accompagnement des jeunes et des professionnels, sp\u00e9cialis\u00e9 dans le conseil, l'orientation, la r\u00e9orientation scolaire et l'accompagnement des \u00e9tudiants dans leurs projets d'\u00e9tudes \u00e0 l'international.","og_url":"https:\/\/levelup-bf.com\/?page_id=2978","og_site_name":"LEVEL UP EDUCATION","article_publisher":"https:\/\/www.facebook.com\/Levelup-Education-100296392005332\/","article_modified_time":"2024-07-15T13:15:22+00:00","og_image":[{"width":976,"height":948,"url":"https:\/\/levelup-bf.com\/wp-content\/uploads\/2021\/08\/Logo-LEVELUP.png","type":"image\/png"}],"twitter_misc":{"Dur\u00e9e de lecture estim\u00e9e":"2 minutes"},"schema":{"@context":"https:\/\/schema.org","@graph":[{"@type":"WebPage","@id":"https:\/\/levelup-bf.com\/?page_id=2978","url":"https:\/\/levelup-bf.com\/?page_id=2978","name":"S\u00e9jours linguistiques au Canada - LEVEL UP EDUCATION","isPartOf":{"@id":"https:\/\/levelup-bf.com\/#website"},"datePublished":"2024-03-26T17:11:45+00:00","dateModified":"2024-07-15T13:15:22+00:00","description":"Level Up Education est un centre d'accompagnement des jeunes et des professionnels, sp\u00e9cialis\u00e9 dans le conseil, l'orientation, la r\u00e9orientation scolaire et l'accompagnement des \u00e9tudiants dans leurs projets d'\u00e9tudes \u00e0 l'international.","breadcrumb":{"@id":"https:\/\/levelup-bf.com\/?page_id=2978#breadcrumb"},"inLanguage":"fr-FR","potentialAction":[{"@type":"ReadAction","target":["https:\/\/levelup-bf.com\/?page_id=2978"]}]},{"@type":"BreadcrumbList","@id":"https:\/\/levelup-bf.com\/?page_id=2978#breadcrumb","itemListElement":[{"@type":"ListItem","position":1,"name":"Accueil","item":"https:\/\/levelup-bf.com\/"},{"@type":"ListItem","position":2,"name":"S\u00e9jours linguistiques au Canada"}]},{"@type":"WebSite","@id":"https:\/\/levelup-bf.com\/#website","url":"https:\/\/levelup-bf.com\/","name":"LEVEL UP EDUCATION","description":"L&#039;Expert de l&#039;Orientation Scolaire et de la Mobilit\u00e9 Internationale des \u00c9tudiants!","publisher":{"@id":"https:\/\/levelup-bf.com\/#organization"},"potentialAction":[{"@type":"SearchAction","target":{"@type":"EntryPoint","urlTemplate":"https:\/\/levelup-bf.com\/?s={search_term_string}"},"query-input":{"@type":"PropertyValueSpecification","valueRequired":true,"valueName":"search_term_string"}}],"inLanguage":"fr-FR"},{"@type":"Organization","@id":"https:\/\/levelup-bf.com\/#organization","name":"Level'Up Education","url":"https:\/\/levelup-bf.com\/","logo":{"@type":"ImageObject","inLanguage":"fr-FR","@id":"https:\/\/levelup-bf.com\/#\/schema\/logo\/image\/","url":"https:\/\/levelup-bf.com\/wp-content\/uploads\/2021\/02\/cropped-cropped-LOGO-10.jpeg","contentUrl":"https:\/\/levelup-bf.com\/wp-content\/uploads\/2021\/02\/cropped-cropped-LOGO-10.jpeg","width":915,"height":912,"caption":"Level'Up Education"},"image":{"@id":"https:\/\/levelup-bf.com\/#\/schema\/logo\/image\/"},"sameAs":["https:\/\/www.facebook.com\/Levelup-Education-100296392005332\/","https:\/\/www.instagram.com\/level_up_educ\/"]}]}},"_links":{"self":[{"href":"https:\/\/levelup-bf.com\/index.php?rest_route=\/wp\/v2\/pages\/2978","targetHints":{"allow":["GET"]}}],"collection":[{"href":"https:\/\/levelup-bf.com\/index.php?rest_route=\/wp\/v2\/pages"}],"about":[{"href":"https:\/\/levelup-bf.com\/index.php?rest_route=\/wp\/v2\/types\/page"}],"author":[{"embeddable":true,"href":"https:\/\/levelup-bf.com\/index.php?rest_route=\/wp\/v2\/users\/4"}],"replies":[{"embeddable":true,"href":"https:\/\/levelup-bf.com\/index.php?rest_route=%2Fwp%2Fv2%2Fcomments&post=2978"}],"version-history":[{"count":11,"href":"https:\/\/levelup-bf.com\/index.php?rest_route=\/wp\/v2\/pages\/2978\/revisions"}],"predecessor-version":[{"id":3360,"href":"https:\/\/levelup-bf.com\/index.php?rest_route=\/wp\/v2\/pages\/2978\/revisions\/3360"}],"wp:attachment":[{"href":"https:\/\/levelup-bf.com\/index.php?rest_route=%2Fwp%2Fv2%2Fmedia&parent=2978"}],"curies":[{"name":"wp","href":"https:\/\/api.w.org\/{rel}","templated":true}]}}