{"id":3002,"date":"2024-04-19T10:42:50","date_gmt":"2024-04-19T10:42:50","guid":{"rendered":"https:\/\/levelup-bf.com\/?page_id=3002"},"modified":"2024-07-29T11:50:00","modified_gmt":"2024-07-29T11:50:00","slug":"qui-sommes-nous","status":"publish","type":"page","link":"https:\/\/levelup-bf.com\/?page_id=3002","title":{"rendered":"Qui sommes nous?"},"content":{"rendered":"\t\t<div data-elementor-type=\"wp-page\" data-elementor-id=\"3002\" class=\"elementor elementor-3002\">\n\t\t\t\t<div class=\"elementor-element elementor-element-e2e5772 e-flex e-con-boxed e-con e-parent\" data-id=\"e2e5772\" data-element_type=\"container\" data-e-type=\"container\">\n\t\t\t\t\t<div class=\"e-con-inner\">\n\t\t\t\t<div class=\"elementor-element elementor-element-522d16d elementor-widget elementor-widget-video\" data-id=\"522d16d\" data-element_type=\"widget\" data-e-type=\"widget\" data-settings=\"{&quot;video_type&quot;:&quot;hosted&quot;,&quot;controls&quot;:&quot;yes&quot;}\" data-widget_type=\"video.default\">\n\t\t\t\t<div class=\"elementor-widget-container\">\n\t\t\t\t\t\t\t<div class=\"e-hosted-video elementor-wrapper elementor-open-inline\">\n\t\t\t\t\t<video class=\"elementor-video\" src=\"https:\/\/levelup-bf.com\/wp-content\/uploads\/2024\/03\/LEVEL-UP.mp4\" controls=\"\" preload=\"metadata\" controlsList=\"nodownload\"><\/video>\n\t\t\t\t<\/div>\n\t\t\t\t\t\t<\/div>\n\t\t\t\t<\/div>\n\t\t\t\t\t<\/div>\n\t\t\t\t<\/div>\n\t\t<div class=\"elementor-element elementor-element-a84b586 e-flex e-con-boxed e-con e-child\" data-id=\"a84b586\" data-element_type=\"container\" data-e-type=\"container\" data-settings=\"{&quot;background_background&quot;:&quot;gradient&quot;}\">\n\t\t\t\t\t<div class=\"e-con-inner\">\n\t\t\t\t<div class=\"elementor-element elementor-element-e6cac77 elementor-widget elementor-widget-text-editor\" data-id=\"e6cac77\" data-element_type=\"widget\" data-e-type=\"widget\" data-widget_type=\"text-editor.default\">\n\t\t\t\t<div class=\"elementor-widget-container\">\n\t\t\t\t\t\t\t\t\t<h4>Level Up Education est un cabinet conseil en \u00e9ducation sp\u00e9cialis\u00e9 dans l&rsquo;orientation scolaire, la r\u00e9orientation professionnelle, le renforcement des capacit\u00e9s et l&rsquo;accompagnement des \u00e9l\u00e8ves et \u00e9tudiants dans leur projet d&rsquo;\u00e9tudes \u00e0 l&rsquo;international.<\/h4><h4>Organisation dynamique, Level Up poss\u00e8de de nombreux partenariats avec des universit\u00e9s prestigieuses dans plusieurs pays, qui offrent une gamme \u00e9tendue de formations adapt\u00e9es \u00e0 tous les profils. Elle collabore en outre avec des \u00e9tablissements scolaires locaux (pour l&rsquo;accompagnement personnalis\u00e9 de leurs \u00e9l\u00e8ves) des entreprises et des cabinets RH.<\/h4><h4>Notre \u00e9quipe est constitu\u00e9e de professionnels reconnus qui ont une excellente connaissance du syst\u00e8me \u00e9ducatif local et international et qui ont une longue exp\u00e9rience dans l&rsquo;accompagnement des jeunes dans le domaine de l&rsquo;\u00e9ducation, la psychologie et la recherche d&#8217;emploi.<\/h4><h4>\u00a0<\/h4>\t\t\t\t\t\t\t\t<\/div>\n\t\t\t\t<\/div>\n\t\t\t\t\t<\/div>\n\t\t\t\t<\/div>\n\t\t<div class=\"elementor-element elementor-element-6147fb4 e-flex e-con-boxed e-con e-child\" data-id=\"6147fb4\" data-element_type=\"container\" data-e-type=\"container\" data-settings=\"{&quot;background_background&quot;:&quot;gradient&quot;}\">\n\t\t\t\t\t<div class=\"e-con-inner\">\n\t\t\t\t<div class=\"elementor-element elementor-element-fcc8787 elementor-widget elementor-widget-heading\" data-id=\"fcc8787\" data-element_type=\"widget\" data-e-type=\"widget\" data-widget_type=\"heading.default\">\n\t\t\t\t<div class=\"elementor-widget-container\">\n\t\t\t\t\t<h2 class=\"elementor-heading-title elementor-size-default\">Notre mission<\/h2>\t\t\t\t<\/div>\n\t\t\t\t<\/div>\n\t\t\t\t<div class=\"elementor-element elementor-element-f9f5466 elementor-widget elementor-widget-text-editor\" data-id=\"f9f5466\" data-element_type=\"widget\" data-e-type=\"widget\" data-widget_type=\"text-editor.default\">\n\t\t\t\t<div class=\"elementor-widget-container\">\n\t\t\t\t\t\t\t\t\t<h4>Chez Level Up Education, notre mission est de faciliter l&rsquo;acc\u00e8s \u00e0 l&rsquo;\u00e9ducation internationale en fournissant des informations pr\u00e9cises, de conseils d&rsquo;orientation et un soutien complet \u00e0 chaque \u00e9tape du processus d\u00e9chargeant ainsi parents, \u00e9tudiants et futurs \u00e9tudiants du stress que ces d\u00e9marches peuvent susciter tout en leur permettant de gagner en temps, en \u00e9nergie et en efficacit\u00e9.<\/h4>\t\t\t\t\t\t\t\t<\/div>\n\t\t\t\t<\/div>\n\t\t\t\t\t<\/div>\n\t\t\t\t<\/div>\n\t\t<div class=\"elementor-element elementor-element-74059ce e-flex e-con-boxed e-con e-child\" data-id=\"74059ce\" data-element_type=\"container\" data-e-type=\"container\" data-settings=\"{&quot;background_background&quot;:&quot;gradient&quot;}\">\n\t\t\t\t\t<div class=\"e-con-inner\">\n\t\t\t\t<div class=\"elementor-element elementor-element-04e18f0 elementor-widget elementor-widget-heading\" data-id=\"04e18f0\" data-element_type=\"widget\" data-e-type=\"widget\" data-widget_type=\"heading.default\">\n\t\t\t\t<div class=\"elementor-widget-container\">\n\t\t\t\t\t<h2 class=\"elementor-heading-title elementor-size-default\">Notre vision<\/h2>\t\t\t\t<\/div>\n\t\t\t\t<\/div>\n\t\t\t\t<div class=\"elementor-element elementor-element-272ebc5 elementor-widget elementor-widget-text-editor\" data-id=\"272ebc5\" data-element_type=\"widget\" data-e-type=\"widget\" data-widget_type=\"text-editor.default\">\n\t\t\t\t<div class=\"elementor-widget-container\">\n\t\t\t\t\t\t\t\t\t<h4>Notre vision \u00e0 Level UP Education est de permettre aux personnes que nous accompagnons d&rsquo;int\u00e9grer des fili\u00e8res qui leur correspondent et qui r\u00e9pondent aux besoins du march\u00e9 de l&#8217;emploi.<\/h4>\t\t\t\t\t\t\t\t<\/div>\n\t\t\t\t<\/div>\n\t\t\t\t<div class=\"elementor-element elementor-element-9d8d482 elementor-widget elementor-widget-html\" data-id=\"9d8d482\" data-element_type=\"widget\" data-e-type=\"widget\" data-widget_type=\"html.default\">\n\t\t\t\t<div class=\"elementor-widget-container\">\n\t\t\t\t\t<div data-label=\"Features\" data-id=\"features--1\" data-export-id=\"features-12\" data-category=\"features\" class=\"features-12 content-section content-section-spacing-large \" id=\"features-1\" style=\"background-color: rgb(255, 255, 255);\"><div class=\"gridContainer\"> <div class=\"row text-center\"><div class=\"section-title-col\" data-type=\"column\"> <h2 class=\"\">Nos valeurs<\/h2> <p class=\"lead\">Nous nous approprions votre projet d\u2019\u00e9tude afin de vous donner les meilleurs conseils et vous accompagnons dans toutes les \u00e9tapes de vos d\u00e9marches. Notre force est de mettre \u00e0 votre disposition un personnel qualifi\u00e9 et exp\u00e9riment\u00e9 dans l\u2019accompagnement des jeunes. Plus de 15 ans d\u2019exp\u00e9rience professionnelle des promoteurs dans le domaine.<\/p><\/div> <\/div> <div class=\"row spaced-cols\" data-type=\"row\"> <div class=\"col-xs-12 col-sm-6\"> <div class=\"row\"> <div class=\"col-xs-12 col-sm-fit icon-column no-padding\" data-fixed=\"true\"> <i class=\"mdi icon mdi-matrix round bordered color1\"><\/i> <\/div> <div class=\"col-xs-12 col-sm\" data-type=\"column\"> <h5 class=\"color1\">S\u00e9rieux<\/h5> <p class=\"\">Le s\u00e9rieux, la discr\u00e9tion et l\u2019\u00e9thique sont notre ma\u00eetre-mots.<\/p><\/div> <\/div><\/div> <div class=\"col-xs-12 col-sm-6\"><div class=\"row\"> <div class=\"col-xs-12 col-sm-fit icon-column no-padding\" data-fixed=\"true\"><i class=\"mdi icon mdi-codepen round bordered color1\"><\/i><\/div> <div class=\"col-xs-12 col-sm\" data-type=\"column\"><h5 class=\"color1\">Confiance<\/h5> <p class=\"\">Nous vous accompagnons \u00e0 chaque \u00e9tape du processus pour vous apporter enti\u00e8re satisfaction. La confiance de nos partenaires pour lesquels nous sommes une vitrine, nous est \u00e9galement pr\u00e9cieuse.<\/p><\/div> <\/div><\/div> <div class=\"col-xs-12 col-sm-6\"><div class=\"row\"> <div class=\"col-xs-12 col-sm-fit icon-column no-padding\" data-fixed=\"true\"><i class=\"mdi icon mdi-cube round bordered color1\"><\/i><\/div> <div class=\"col-xs-12 col-sm\" data-type=\"column\"><h5 class=\"color1\">Qualit\u00e9<\/h5> <p class=\"\">Un processus rapide, fiable, securis\u00e9 et efficace.<\/p><\/div> <\/div><\/div> <div class=\"col-xs-12 col-sm-6\"><div class=\"row\"> <div class=\"col-xs-12 col-sm-fit icon-column no-padding\" data-fixed=\"true\"><i class=\"mdi icon mdi-database round bordered color1\"><\/i><\/div> <div class=\"col-xs-12 col-sm\" data-type=\"column\"><h5 class=\"color1\">Excellence et Disponibilit\u00e9<\/h5> <p class=\"\">Nos experts mettent toute leur exp\u00e9rience \u00e0 votre disposition et sont disponibles tout au long du processus.<\/p><\/div> <\/div><\/div> <\/div><\/div> <\/div>\t\t\t\t<\/div>\n\t\t\t\t<\/div>\n\t\t\t\t\t<\/div>\n\t\t\t\t<\/div>\n\t\t<div class=\"elementor-element elementor-element-68ba564 e-flex e-con-boxed e-con e-parent\" data-id=\"68ba564\" data-element_type=\"container\" data-e-type=\"container\">\n\t\t\t\t\t<div class=\"e-con-inner\">\n\t\t\t\t<div class=\"elementor-element elementor-element-2178741 elementor-widget elementor-widget-html\" data-id=\"2178741\" data-element_type=\"widget\" data-e-type=\"widget\" data-widget_type=\"html.default\">\n\t\t\t\t<div class=\"elementor-widget-container\">\n\t\t\t\t\t\n\n<a class=\"button btn-default big color4 round mdc-ripple-upgraded\" target=\"_self\" href=\"https:\/\/levelup-bf.com\/?page_id=3048\" style=\"--mdc-ripple-fg-size: 139.76000061035157px; --mdc-ripple-fg-scale: 1.7824178788248153; --mdc-ripple-fg-translate-start: -57.313349914550784px, -34.946650695800784px; --mdc-ripple-fg-translate-end: 46.586666870117185px, -42.880000305175784px;\">La Directrice<\/a>\n\n\n<a class=\"button btn-default big color round mdc-ripple-upgraded \" target=\"_self\" href=\"https:\/\/levelup-bf.com\/?page_id=3025\" style=\"--mdc-ripple-fg-size: 139.76000061035157px; --mdc-ripple-fg-scale: 1.7824178788248153; --mdc-ripple-fg-translate-start: -57.313349914550784px, -34.946650695800784px; --mdc-ripple-fg-translate-end: 46.586666870117185px, -42.880000305175784px;\">Mot de la Directrice<\/a>\n\n\n\n\t\t\t\t<\/div>\n\t\t\t\t<\/div>\n\t\t\t\t\t<\/div>\n\t\t\t\t<\/div>\n\t\t\t\t<\/div>\n\t\t","protected":false},"excerpt":{"rendered":"<p>https:\/\/levelup-bf.com\/wp-content\/uploads\/2024\/03\/LEVEL-UP.mp4 Level Up Education est un cabinet conseil en \u00e9ducation sp\u00e9cialis\u00e9 dans l&rsquo;orientation scolaire, la r\u00e9orientation professionnelle, le renforcement des capacit\u00e9s et l&rsquo;accompagnement des \u00e9l\u00e8ves et \u00e9tudiants dans leur projet d&rsquo;\u00e9tudes \u00e0 l&rsquo;international. Organisation dynamique, Level Up poss\u00e8de de nombreux partenariats avec des universit\u00e9s prestigieuses dans plusieurs pays, qui offrent une gamme \u00e9tendue de formations&nbsp;&hellip;<\/p>\n","protected":false},"author":4,"featured_media":0,"parent":0,"menu_order":0,"comment_status":"closed","ping_status":"closed","template":"","meta":{"_monsterinsights_skip_tracking":false,"_monsterinsights_sitenote_active":false,"_monsterinsights_sitenote_note":"","_monsterinsights_sitenote_category":0,"footnotes":""},"class_list":["post-3002","page","type-page","status-publish","hentry"],"yoast_head":"<!-- This site is optimized with the Yoast SEO plugin v27.5 - https:\/\/yoast.com\/product\/yoast-seo-wordpress\/ -->\n<title>Qui sommes nous? - LEVEL UP EDUCATION<\/title>\n<meta name=\"description\" content=\"Level Up Education est un centre d&#039;accompagnement des jeunes et des professionnels, sp\u00e9cialis\u00e9 dans le conseil, l&#039;orientation, la r\u00e9orientation scolaire et l&#039;accompagnement des \u00e9tudiants dans leurs projets d&#039;\u00e9tudes \u00e0 l&#039;international.\" \/>\n<meta name=\"robots\" content=\"index, follow, max-snippet:-1, max-image-preview:large, max-video-preview:-1\" \/>\n<link rel=\"canonical\" href=\"https:\/\/levelup-bf.com\/?page_id=3002\" \/>\n<meta property=\"og:locale\" content=\"fr_FR\" \/>\n<meta property=\"og:type\" content=\"article\" \/>\n<meta property=\"og:title\" content=\"Qui sommes nous? - LEVEL UP EDUCATION\" \/>\n<meta property=\"og:description\" content=\"Level Up Education est un centre d&#039;accompagnement des jeunes et des professionnels, sp\u00e9cialis\u00e9 dans le conseil, l&#039;orientation, la r\u00e9orientation scolaire et l&#039;accompagnement des \u00e9tudiants dans leurs projets d&#039;\u00e9tudes \u00e0 l&#039;international.\" \/>\n<meta property=\"og:url\" content=\"https:\/\/levelup-bf.com\/?page_id=3002\" \/>\n<meta property=\"og:site_name\" content=\"LEVEL UP EDUCATION\" \/>\n<meta property=\"article:publisher\" content=\"https:\/\/www.facebook.com\/Levelup-Education-100296392005332\/\" \/>\n<meta property=\"article:modified_time\" content=\"2024-07-29T11:50:00+00:00\" \/>\n<meta property=\"og:image\" content=\"https:\/\/levelup-bf.com\/wp-content\/uploads\/2021\/08\/Logo-LEVELUP.png\" \/>\n\t<meta property=\"og:image:width\" content=\"976\" \/>\n\t<meta property=\"og:image:height\" content=\"948\" \/>\n\t<meta property=\"og:image:type\" content=\"image\/png\" \/>\n<meta name=\"twitter:label1\" content=\"Dur\u00e9e de lecture estim\u00e9e\" \/>\n\t<meta name=\"twitter:data1\" content=\"2 minutes\" \/>\n<script type=\"application\/ld+json\" class=\"yoast-schema-graph\">{\"@context\":\"https:\\\/\\\/schema.org\",\"@graph\":[{\"@type\":\"WebPage\",\"@id\":\"https:\\\/\\\/levelup-bf.com\\\/?page_id=3002\",\"url\":\"https:\\\/\\\/levelup-bf.com\\\/?page_id=3002\",\"name\":\"Qui sommes nous? - LEVEL UP EDUCATION\",\"isPartOf\":{\"@id\":\"https:\\\/\\\/levelup-bf.com\\\/#website\"},\"datePublished\":\"2024-04-19T10:42:50+00:00\",\"dateModified\":\"2024-07-29T11:50:00+00:00\",\"description\":\"Level Up Education est un centre d'accompagnement des jeunes et des professionnels, sp\u00e9cialis\u00e9 dans le conseil, l'orientation, la r\u00e9orientation scolaire et l'accompagnement des \u00e9tudiants dans leurs projets d'\u00e9tudes \u00e0 l'international.\",\"breadcrumb\":{\"@id\":\"https:\\\/\\\/levelup-bf.com\\\/?page_id=3002#breadcrumb\"},\"inLanguage\":\"fr-FR\",\"potentialAction\":[{\"@type\":\"ReadAction\",\"target\":[\"https:\\\/\\\/levelup-bf.com\\\/?page_id=3002\"]}]},{\"@type\":\"BreadcrumbList\",\"@id\":\"https:\\\/\\\/levelup-bf.com\\\/?page_id=3002#breadcrumb\",\"itemListElement\":[{\"@type\":\"ListItem\",\"position\":1,\"name\":\"Accueil\",\"item\":\"https:\\\/\\\/levelup-bf.com\\\/\"},{\"@type\":\"ListItem\",\"position\":2,\"name\":\"Qui sommes nous?\"}]},{\"@type\":\"WebSite\",\"@id\":\"https:\\\/\\\/levelup-bf.com\\\/#website\",\"url\":\"https:\\\/\\\/levelup-bf.com\\\/\",\"name\":\"LEVEL UP EDUCATION\",\"description\":\"L&#039;Expert de l&#039;Orientation Scolaire et de la Mobilit\u00e9 Internationale des \u00c9tudiants!\",\"publisher\":{\"@id\":\"https:\\\/\\\/levelup-bf.com\\\/#organization\"},\"potentialAction\":[{\"@type\":\"SearchAction\",\"target\":{\"@type\":\"EntryPoint\",\"urlTemplate\":\"https:\\\/\\\/levelup-bf.com\\\/?s={search_term_string}\"},\"query-input\":{\"@type\":\"PropertyValueSpecification\",\"valueRequired\":true,\"valueName\":\"search_term_string\"}}],\"inLanguage\":\"fr-FR\"},{\"@type\":\"Organization\",\"@id\":\"https:\\\/\\\/levelup-bf.com\\\/#organization\",\"name\":\"Level'Up Education\",\"url\":\"https:\\\/\\\/levelup-bf.com\\\/\",\"logo\":{\"@type\":\"ImageObject\",\"inLanguage\":\"fr-FR\",\"@id\":\"https:\\\/\\\/levelup-bf.com\\\/#\\\/schema\\\/logo\\\/image\\\/\",\"url\":\"https:\\\/\\\/levelup-bf.com\\\/wp-content\\\/uploads\\\/2021\\\/02\\\/cropped-cropped-LOGO-10.jpeg\",\"contentUrl\":\"https:\\\/\\\/levelup-bf.com\\\/wp-content\\\/uploads\\\/2021\\\/02\\\/cropped-cropped-LOGO-10.jpeg\",\"width\":915,\"height\":912,\"caption\":\"Level'Up Education\"},\"image\":{\"@id\":\"https:\\\/\\\/levelup-bf.com\\\/#\\\/schema\\\/logo\\\/image\\\/\"},\"sameAs\":[\"https:\\\/\\\/www.facebook.com\\\/Levelup-Education-100296392005332\\\/\",\"https:\\\/\\\/www.instagram.com\\\/level_up_educ\\\/\"]}]}<\/script>\n<!-- \/ Yoast SEO plugin. -->","yoast_head_json":{"title":"Qui sommes nous? - LEVEL UP EDUCATION","description":"Level Up Education est un centre d'accompagnement des jeunes et des professionnels, sp\u00e9cialis\u00e9 dans le conseil, l'orientation, la r\u00e9orientation scolaire et l'accompagnement des \u00e9tudiants dans leurs projets d'\u00e9tudes \u00e0 l'international.","robots":{"index":"index","follow":"follow","max-snippet":"max-snippet:-1","max-image-preview":"max-image-preview:large","max-video-preview":"max-video-preview:-1"},"canonical":"https:\/\/levelup-bf.com\/?page_id=3002","og_locale":"fr_FR","og_type":"article","og_title":"Qui sommes nous? - LEVEL UP EDUCATION","og_description":"Level Up Education est un centre d'accompagnement des jeunes et des professionnels, sp\u00e9cialis\u00e9 dans le conseil, l'orientation, la r\u00e9orientation scolaire et l'accompagnement des \u00e9tudiants dans leurs projets d'\u00e9tudes \u00e0 l'international.","og_url":"https:\/\/levelup-bf.com\/?page_id=3002","og_site_name":"LEVEL UP EDUCATION","article_publisher":"https:\/\/www.facebook.com\/Levelup-Education-100296392005332\/","article_modified_time":"2024-07-29T11:50:00+00:00","og_image":[{"width":976,"height":948,"url":"https:\/\/levelup-bf.com\/wp-content\/uploads\/2021\/08\/Logo-LEVELUP.png","type":"image\/png"}],"twitter_misc":{"Dur\u00e9e de lecture estim\u00e9e":"2 minutes"},"schema":{"@context":"https:\/\/schema.org","@graph":[{"@type":"WebPage","@id":"https:\/\/levelup-bf.com\/?page_id=3002","url":"https:\/\/levelup-bf.com\/?page_id=3002","name":"Qui sommes nous? - LEVEL UP EDUCATION","isPartOf":{"@id":"https:\/\/levelup-bf.com\/#website"},"datePublished":"2024-04-19T10:42:50+00:00","dateModified":"2024-07-29T11:50:00+00:00","description":"Level Up Education est un centre d'accompagnement des jeunes et des professionnels, sp\u00e9cialis\u00e9 dans le conseil, l'orientation, la r\u00e9orientation scolaire et l'accompagnement des \u00e9tudiants dans leurs projets d'\u00e9tudes \u00e0 l'international.","breadcrumb":{"@id":"https:\/\/levelup-bf.com\/?page_id=3002#breadcrumb"},"inLanguage":"fr-FR","potentialAction":[{"@type":"ReadAction","target":["https:\/\/levelup-bf.com\/?page_id=3002"]}]},{"@type":"BreadcrumbList","@id":"https:\/\/levelup-bf.com\/?page_id=3002#breadcrumb","itemListElement":[{"@type":"ListItem","position":1,"name":"Accueil","item":"https:\/\/levelup-bf.com\/"},{"@type":"ListItem","position":2,"name":"Qui sommes nous?"}]},{"@type":"WebSite","@id":"https:\/\/levelup-bf.com\/#website","url":"https:\/\/levelup-bf.com\/","name":"LEVEL UP EDUCATION","description":"L&#039;Expert de l&#039;Orientation Scolaire et de la Mobilit\u00e9 Internationale des \u00c9tudiants!","publisher":{"@id":"https:\/\/levelup-bf.com\/#organization"},"potentialAction":[{"@type":"SearchAction","target":{"@type":"EntryPoint","urlTemplate":"https:\/\/levelup-bf.com\/?s={search_term_string}"},"query-input":{"@type":"PropertyValueSpecification","valueRequired":true,"valueName":"search_term_string"}}],"inLanguage":"fr-FR"},{"@type":"Organization","@id":"https:\/\/levelup-bf.com\/#organization","name":"Level'Up Education","url":"https:\/\/levelup-bf.com\/","logo":{"@type":"ImageObject","inLanguage":"fr-FR","@id":"https:\/\/levelup-bf.com\/#\/schema\/logo\/image\/","url":"https:\/\/levelup-bf.com\/wp-content\/uploads\/2021\/02\/cropped-cropped-LOGO-10.jpeg","contentUrl":"https:\/\/levelup-bf.com\/wp-content\/uploads\/2021\/02\/cropped-cropped-LOGO-10.jpeg","width":915,"height":912,"caption":"Level'Up Education"},"image":{"@id":"https:\/\/levelup-bf.com\/#\/schema\/logo\/image\/"},"sameAs":["https:\/\/www.facebook.com\/Levelup-Education-100296392005332\/","https:\/\/www.instagram.com\/level_up_educ\/"]}]}},"_links":{"self":[{"href":"https:\/\/levelup-bf.com\/index.php?rest_route=\/wp\/v2\/pages\/3002","targetHints":{"allow":["GET"]}}],"collection":[{"href":"https:\/\/levelup-bf.com\/index.php?rest_route=\/wp\/v2\/pages"}],"about":[{"href":"https:\/\/levelup-bf.com\/index.php?rest_route=\/wp\/v2\/types\/page"}],"author":[{"embeddable":true,"href":"https:\/\/levelup-bf.com\/index.php?rest_route=\/wp\/v2\/users\/4"}],"replies":[{"embeddable":true,"href":"https:\/\/levelup-bf.com\/index.php?rest_route=%2Fwp%2Fv2%2Fcomments&post=3002"}],"version-history":[{"count":49,"href":"https:\/\/levelup-bf.com\/index.php?rest_route=\/wp\/v2\/pages\/3002\/revisions"}],"predecessor-version":[{"id":3434,"href":"https:\/\/levelup-bf.com\/index.php?rest_route=\/wp\/v2\/pages\/3002\/revisions\/3434"}],"wp:attachment":[{"href":"https:\/\/levelup-bf.com\/index.php?rest_route=%2Fwp%2Fv2%2Fmedia&parent=3002"}],"curies":[{"name":"wp","href":"https:\/\/api.w.org\/{rel}","templated":true}]}}