{"id":3025,"date":"2024-04-19T09:57:14","date_gmt":"2024-04-19T09:57:14","guid":{"rendered":"https:\/\/levelup-bf.com\/?page_id=3025"},"modified":"2024-07-29T11:58:04","modified_gmt":"2024-07-29T11:58:04","slug":"mot-de-la-directrice","status":"publish","type":"page","link":"https:\/\/levelup-bf.com\/?page_id=3025","title":{"rendered":"Mot de la Directrice"},"content":{"rendered":"\t\t<div data-elementor-type=\"wp-page\" data-elementor-id=\"3025\" class=\"elementor elementor-3025\">\n\t\t\t\t<div class=\"elementor-element elementor-element-0950a85 e-flex e-con-boxed e-con e-parent\" data-id=\"0950a85\" data-element_type=\"container\" data-e-type=\"container\">\n\t\t\t\t\t<div class=\"e-con-inner\">\n\t\t<div class=\"elementor-element elementor-element-5c9dc74 e-flex e-con-boxed e-con e-child\" data-id=\"5c9dc74\" data-element_type=\"container\" data-e-type=\"container\" data-settings=\"{&quot;background_background&quot;:&quot;gradient&quot;}\">\n\t\t\t\t\t<div class=\"e-con-inner\">\n\t\t\t\t<div class=\"elementor-element elementor-element-03a3105 elementor-widget elementor-widget-text-editor\" data-id=\"03a3105\" data-element_type=\"widget\" data-e-type=\"widget\" data-widget_type=\"text-editor.default\">\n\t\t\t\t<div class=\"elementor-widget-container\">\n\t\t\t\t\t\t\t\t\t<h4>Les enjeux de la mondialisation touchent tous les aspects de notre soci\u00e9t\u00e9, y compris l&rsquo;\u00e9ducation sup\u00e9rieure. Aujourd&rsquo;hui, plus que jamais, les jeunes sont \u00e0 la recherche de la meilleure \u00e9ducation internationale pour pr\u00e9parer leur avenir.<\/h4><h4>Selon l&rsquo;institut statistique de L&rsquo;Unesco, le monde compte en 2023 pr\u00e8s de 6.4 millions d&rsquo;\u00e9tudiants internationaux en mobilit\u00e9 dans le monde soit +32%\u00a0 en 5 ans.<\/h4><h4>La globalisation du march\u00e9 du travail et la forte comp\u00e9titivit\u00e9 qui en r\u00e9sulte, poussent en outre de nombreux parents \u00e0 rechercher la meilleure \u00e9ducation sup\u00e9rieure pour leur enfant : celle qui leur fournirait des dipl\u00f4mes comp\u00e9titifs, reconnus par les plus grandes entreprises, et qui r\u00e9pondrait avec pr\u00e9cision aux besoins et aux \u00e9volutions de celles-ci, pour ainsi faciliter l&rsquo;insertion professionnelle des jeunes. \u00c9tudier \u00e0 l&rsquo;\u00e9tranger offre de nombreux avantages et opportunit\u00e9s parmi lesquels, l&rsquo;excellence acad\u00e9mique et la reconnaissance internationale des dipl\u00f4mes, une exp\u00e9rience de vie enrichissante, la d\u00e9couverte de nouvelles cultures, une plus grande ouverture d&rsquo;esprit, l&rsquo;\u00e9largissement des perspectives de carri\u00e8re, la capacit\u00e9, \u00e0 travailler dans des environnements multiculturels, le r\u00e9seautage international et l&rsquo;enrichissement des carnets d&rsquo;adresses, le d\u00e9veloppement personnel et la maitrise des langues \u00e9trang\u00e8res et l&rsquo;acquisition de soft skills divers qui constituent un point d&rsquo;attention des recruteurs.<\/h4><h4>Entre la diversit\u00e9 des syst\u00e8mes d&rsquo;enseignement, la multiplication du nombre d&rsquo;\u00e9tablissements sup\u00e9rieurs dans le monde, la typologie des \u00e9tablissements et des formations, la multitude des programmes et la complexit\u00e9, des d\u00e9marches administratives et consulaires, les informations \u00e0 recueillir selon la sp\u00e9cificit\u00e9 de chaque projet d&rsquo;\u00e9tudes, sont tr\u00e8s nombreuses. Il n&rsquo;est pas toujours ais\u00e9 de se retrouver dans ce flot d&rsquo;informations et d&rsquo;avoir surtout acc\u00e8s \u00e0 l&rsquo;information fiable.<\/h4><h4>L&rsquo;assistance compl\u00e8te par de v\u00e9ritables professionnels, <span class=\"corrected-phrase ng-star-inserted\" data-end=\"63\" data-originaltext=\"apparait\" data-start=\"56\" data-text=\"appara\u00eet\"><span class=\"corrected-phrase__displayed-text corrected-phrase__displayed-text_bubbled\" data-group=\"AutoCorrected\" data-suggestions=\"1\" data-type=\"Spelling\">appara\u00eet<\/span><\/span> comme l&rsquo;une des solutions les plus simples, rapides et efficaces.<\/h4>\t\t\t\t\t\t\t\t<\/div>\n\t\t\t\t<\/div>\n\t\t\t\t\t<\/div>\n\t\t\t\t<\/div>\n\t\t\t\t\t<\/div>\n\t\t\t\t<\/div>\n\t\t<div class=\"elementor-element elementor-element-0e20451 e-flex e-con-boxed e-con e-parent\" data-id=\"0e20451\" data-element_type=\"container\" data-e-type=\"container\">\n\t\t\t\t\t<div class=\"e-con-inner\">\n\t\t\t\t<div class=\"elementor-element elementor-element-3610e2c elementor-widget elementor-widget-html\" data-id=\"3610e2c\" data-element_type=\"widget\" data-e-type=\"widget\" data-widget_type=\"html.default\">\n\t\t\t\t<div class=\"elementor-widget-container\">\n\t\t\t\t\t<a class=\"button btn-default big color4 round mdc-ripple-upgraded\" target=\"_self\" href=\"https:\/\/levelup-bf.com\/?page_id=3048\" style=\"--mdc-ripple-fg-size: 139.76000061035157px; --mdc-ripple-fg-scale: 1.7824178788248153; --mdc-ripple-fg-translate-start: -57.313349914550784px, -34.946650695800784px; --mdc-ripple-fg-translate-end: 46.586666870117185px, -42.880000305175784px;\">La Directrice<\/a>\n\t\t\t\t<\/div>\n\t\t\t\t<\/div>\n\t\t\t\t\t<\/div>\n\t\t\t\t<\/div>\n\t\t\t\t<\/div>\n\t\t","protected":false},"excerpt":{"rendered":"<p>Les enjeux de la mondialisation touchent tous les aspects de notre soci\u00e9t\u00e9, y compris l&rsquo;\u00e9ducation sup\u00e9rieure. Aujourd&rsquo;hui, plus que jamais, les jeunes sont \u00e0 la recherche de la meilleure \u00e9ducation internationale pour pr\u00e9parer leur avenir. Selon l&rsquo;institut statistique de L&rsquo;Unesco, le monde compte en 2023 pr\u00e8s de 6.4 millions d&rsquo;\u00e9tudiants internationaux en mobilit\u00e9 dans le&nbsp;&hellip;<\/p>\n","protected":false},"author":4,"featured_media":0,"parent":0,"menu_order":0,"comment_status":"closed","ping_status":"closed","template":"","meta":{"_monsterinsights_skip_tracking":false,"_monsterinsights_sitenote_active":false,"_monsterinsights_sitenote_note":"","_monsterinsights_sitenote_category":0,"footnotes":""},"class_list":["post-3025","page","type-page","status-publish","hentry"],"yoast_head":"<!-- This site is optimized with the Yoast SEO plugin v27.5 - https:\/\/yoast.com\/product\/yoast-seo-wordpress\/ -->\n<title>Mot de la Directrice - LEVEL UP EDUCATION<\/title>\n<meta name=\"description\" content=\"Level Up Education est un centre d&#039;accompagnement des jeunes et des professionnels, sp\u00e9cialis\u00e9 dans le conseil, l&#039;orientation, la r\u00e9orientation scolaire et l&#039;accompagnement des \u00e9tudiants dans leurs projets d&#039;\u00e9tudes \u00e0 l&#039;international.\" \/>\n<meta name=\"robots\" content=\"index, follow, max-snippet:-1, max-image-preview:large, max-video-preview:-1\" \/>\n<link rel=\"canonical\" href=\"https:\/\/levelup-bf.com\/?page_id=3025\" \/>\n<meta property=\"og:locale\" content=\"fr_FR\" \/>\n<meta property=\"og:type\" content=\"article\" \/>\n<meta property=\"og:title\" content=\"Mot de la Directrice - LEVEL UP EDUCATION\" \/>\n<meta property=\"og:description\" content=\"Level Up Education est un centre d&#039;accompagnement des jeunes et des professionnels, sp\u00e9cialis\u00e9 dans le conseil, l&#039;orientation, la r\u00e9orientation scolaire et l&#039;accompagnement des \u00e9tudiants dans leurs projets d&#039;\u00e9tudes \u00e0 l&#039;international.\" \/>\n<meta property=\"og:url\" content=\"https:\/\/levelup-bf.com\/?page_id=3025\" \/>\n<meta property=\"og:site_name\" content=\"LEVEL UP EDUCATION\" \/>\n<meta property=\"article:publisher\" content=\"https:\/\/www.facebook.com\/Levelup-Education-100296392005332\/\" \/>\n<meta property=\"article:modified_time\" content=\"2024-07-29T11:58:04+00:00\" \/>\n<meta property=\"og:image\" content=\"https:\/\/levelup-bf.com\/wp-content\/uploads\/2021\/08\/Logo-LEVELUP.png\" \/>\n\t<meta property=\"og:image:width\" content=\"976\" \/>\n\t<meta property=\"og:image:height\" content=\"948\" \/>\n\t<meta property=\"og:image:type\" content=\"image\/png\" \/>\n<meta name=\"twitter:label1\" content=\"Dur\u00e9e de lecture estim\u00e9e\" \/>\n\t<meta name=\"twitter:data1\" content=\"2 minutes\" \/>\n<script type=\"application\/ld+json\" class=\"yoast-schema-graph\">{\"@context\":\"https:\\\/\\\/schema.org\",\"@graph\":[{\"@type\":\"WebPage\",\"@id\":\"https:\\\/\\\/levelup-bf.com\\\/?page_id=3025\",\"url\":\"https:\\\/\\\/levelup-bf.com\\\/?page_id=3025\",\"name\":\"Mot de la Directrice - LEVEL UP EDUCATION\",\"isPartOf\":{\"@id\":\"https:\\\/\\\/levelup-bf.com\\\/#website\"},\"datePublished\":\"2024-04-19T09:57:14+00:00\",\"dateModified\":\"2024-07-29T11:58:04+00:00\",\"description\":\"Level Up Education est un centre d'accompagnement des jeunes et des professionnels, sp\u00e9cialis\u00e9 dans le conseil, l'orientation, la r\u00e9orientation scolaire et l'accompagnement des \u00e9tudiants dans leurs projets d'\u00e9tudes \u00e0 l'international.\",\"breadcrumb\":{\"@id\":\"https:\\\/\\\/levelup-bf.com\\\/?page_id=3025#breadcrumb\"},\"inLanguage\":\"fr-FR\",\"potentialAction\":[{\"@type\":\"ReadAction\",\"target\":[\"https:\\\/\\\/levelup-bf.com\\\/?page_id=3025\"]}]},{\"@type\":\"BreadcrumbList\",\"@id\":\"https:\\\/\\\/levelup-bf.com\\\/?page_id=3025#breadcrumb\",\"itemListElement\":[{\"@type\":\"ListItem\",\"position\":1,\"name\":\"Accueil\",\"item\":\"https:\\\/\\\/levelup-bf.com\\\/\"},{\"@type\":\"ListItem\",\"position\":2,\"name\":\"Mot de la Directrice\"}]},{\"@type\":\"WebSite\",\"@id\":\"https:\\\/\\\/levelup-bf.com\\\/#website\",\"url\":\"https:\\\/\\\/levelup-bf.com\\\/\",\"name\":\"LEVEL UP EDUCATION\",\"description\":\"L&#039;Expert de l&#039;Orientation Scolaire et de la Mobilit\u00e9 Internationale des \u00c9tudiants!\",\"publisher\":{\"@id\":\"https:\\\/\\\/levelup-bf.com\\\/#organization\"},\"potentialAction\":[{\"@type\":\"SearchAction\",\"target\":{\"@type\":\"EntryPoint\",\"urlTemplate\":\"https:\\\/\\\/levelup-bf.com\\\/?s={search_term_string}\"},\"query-input\":{\"@type\":\"PropertyValueSpecification\",\"valueRequired\":true,\"valueName\":\"search_term_string\"}}],\"inLanguage\":\"fr-FR\"},{\"@type\":\"Organization\",\"@id\":\"https:\\\/\\\/levelup-bf.com\\\/#organization\",\"name\":\"Level'Up Education\",\"url\":\"https:\\\/\\\/levelup-bf.com\\\/\",\"logo\":{\"@type\":\"ImageObject\",\"inLanguage\":\"fr-FR\",\"@id\":\"https:\\\/\\\/levelup-bf.com\\\/#\\\/schema\\\/logo\\\/image\\\/\",\"url\":\"https:\\\/\\\/levelup-bf.com\\\/wp-content\\\/uploads\\\/2021\\\/02\\\/cropped-cropped-LOGO-10.jpeg\",\"contentUrl\":\"https:\\\/\\\/levelup-bf.com\\\/wp-content\\\/uploads\\\/2021\\\/02\\\/cropped-cropped-LOGO-10.jpeg\",\"width\":915,\"height\":912,\"caption\":\"Level'Up Education\"},\"image\":{\"@id\":\"https:\\\/\\\/levelup-bf.com\\\/#\\\/schema\\\/logo\\\/image\\\/\"},\"sameAs\":[\"https:\\\/\\\/www.facebook.com\\\/Levelup-Education-100296392005332\\\/\",\"https:\\\/\\\/www.instagram.com\\\/level_up_educ\\\/\"]}]}<\/script>\n<!-- \/ Yoast SEO plugin. -->","yoast_head_json":{"title":"Mot de la Directrice - LEVEL UP EDUCATION","description":"Level Up Education est un centre d'accompagnement des jeunes et des professionnels, sp\u00e9cialis\u00e9 dans le conseil, l'orientation, la r\u00e9orientation scolaire et l'accompagnement des \u00e9tudiants dans leurs projets d'\u00e9tudes \u00e0 l'international.","robots":{"index":"index","follow":"follow","max-snippet":"max-snippet:-1","max-image-preview":"max-image-preview:large","max-video-preview":"max-video-preview:-1"},"canonical":"https:\/\/levelup-bf.com\/?page_id=3025","og_locale":"fr_FR","og_type":"article","og_title":"Mot de la Directrice - LEVEL UP EDUCATION","og_description":"Level Up Education est un centre d'accompagnement des jeunes et des professionnels, sp\u00e9cialis\u00e9 dans le conseil, l'orientation, la r\u00e9orientation scolaire et l'accompagnement des \u00e9tudiants dans leurs projets d'\u00e9tudes \u00e0 l'international.","og_url":"https:\/\/levelup-bf.com\/?page_id=3025","og_site_name":"LEVEL UP EDUCATION","article_publisher":"https:\/\/www.facebook.com\/Levelup-Education-100296392005332\/","article_modified_time":"2024-07-29T11:58:04+00:00","og_image":[{"width":976,"height":948,"url":"https:\/\/levelup-bf.com\/wp-content\/uploads\/2021\/08\/Logo-LEVELUP.png","type":"image\/png"}],"twitter_misc":{"Dur\u00e9e de lecture estim\u00e9e":"2 minutes"},"schema":{"@context":"https:\/\/schema.org","@graph":[{"@type":"WebPage","@id":"https:\/\/levelup-bf.com\/?page_id=3025","url":"https:\/\/levelup-bf.com\/?page_id=3025","name":"Mot de la Directrice - LEVEL UP EDUCATION","isPartOf":{"@id":"https:\/\/levelup-bf.com\/#website"},"datePublished":"2024-04-19T09:57:14+00:00","dateModified":"2024-07-29T11:58:04+00:00","description":"Level Up Education est un centre d'accompagnement des jeunes et des professionnels, sp\u00e9cialis\u00e9 dans le conseil, l'orientation, la r\u00e9orientation scolaire et l'accompagnement des \u00e9tudiants dans leurs projets d'\u00e9tudes \u00e0 l'international.","breadcrumb":{"@id":"https:\/\/levelup-bf.com\/?page_id=3025#breadcrumb"},"inLanguage":"fr-FR","potentialAction":[{"@type":"ReadAction","target":["https:\/\/levelup-bf.com\/?page_id=3025"]}]},{"@type":"BreadcrumbList","@id":"https:\/\/levelup-bf.com\/?page_id=3025#breadcrumb","itemListElement":[{"@type":"ListItem","position":1,"name":"Accueil","item":"https:\/\/levelup-bf.com\/"},{"@type":"ListItem","position":2,"name":"Mot de la Directrice"}]},{"@type":"WebSite","@id":"https:\/\/levelup-bf.com\/#website","url":"https:\/\/levelup-bf.com\/","name":"LEVEL UP EDUCATION","description":"L&#039;Expert de l&#039;Orientation Scolaire et de la Mobilit\u00e9 Internationale des \u00c9tudiants!","publisher":{"@id":"https:\/\/levelup-bf.com\/#organization"},"potentialAction":[{"@type":"SearchAction","target":{"@type":"EntryPoint","urlTemplate":"https:\/\/levelup-bf.com\/?s={search_term_string}"},"query-input":{"@type":"PropertyValueSpecification","valueRequired":true,"valueName":"search_term_string"}}],"inLanguage":"fr-FR"},{"@type":"Organization","@id":"https:\/\/levelup-bf.com\/#organization","name":"Level'Up Education","url":"https:\/\/levelup-bf.com\/","logo":{"@type":"ImageObject","inLanguage":"fr-FR","@id":"https:\/\/levelup-bf.com\/#\/schema\/logo\/image\/","url":"https:\/\/levelup-bf.com\/wp-content\/uploads\/2021\/02\/cropped-cropped-LOGO-10.jpeg","contentUrl":"https:\/\/levelup-bf.com\/wp-content\/uploads\/2021\/02\/cropped-cropped-LOGO-10.jpeg","width":915,"height":912,"caption":"Level'Up Education"},"image":{"@id":"https:\/\/levelup-bf.com\/#\/schema\/logo\/image\/"},"sameAs":["https:\/\/www.facebook.com\/Levelup-Education-100296392005332\/","https:\/\/www.instagram.com\/level_up_educ\/"]}]}},"_links":{"self":[{"href":"https:\/\/levelup-bf.com\/index.php?rest_route=\/wp\/v2\/pages\/3025","targetHints":{"allow":["GET"]}}],"collection":[{"href":"https:\/\/levelup-bf.com\/index.php?rest_route=\/wp\/v2\/pages"}],"about":[{"href":"https:\/\/levelup-bf.com\/index.php?rest_route=\/wp\/v2\/types\/page"}],"author":[{"embeddable":true,"href":"https:\/\/levelup-bf.com\/index.php?rest_route=\/wp\/v2\/users\/4"}],"replies":[{"embeddable":true,"href":"https:\/\/levelup-bf.com\/index.php?rest_route=%2Fwp%2Fv2%2Fcomments&post=3025"}],"version-history":[{"count":34,"href":"https:\/\/levelup-bf.com\/index.php?rest_route=\/wp\/v2\/pages\/3025\/revisions"}],"predecessor-version":[{"id":3444,"href":"https:\/\/levelup-bf.com\/index.php?rest_route=\/wp\/v2\/pages\/3025\/revisions\/3444"}],"wp:attachment":[{"href":"https:\/\/levelup-bf.com\/index.php?rest_route=%2Fwp%2Fv2%2Fmedia&parent=3025"}],"curies":[{"name":"wp","href":"https:\/\/api.w.org\/{rel}","templated":true}]}}