{"id":3048,"date":"2024-04-19T10:25:36","date_gmt":"2024-04-19T10:25:36","guid":{"rendered":"https:\/\/levelup-bf.com\/?page_id=3048"},"modified":"2024-07-29T11:53:56","modified_gmt":"2024-07-29T11:53:56","slug":"la-directrice","status":"publish","type":"page","link":"https:\/\/levelup-bf.com\/?page_id=3048","title":{"rendered":"La Directrice"},"content":{"rendered":"\t\t<div data-elementor-type=\"wp-page\" data-elementor-id=\"3048\" class=\"elementor elementor-3048\">\n\t\t\t\t<div class=\"elementor-element elementor-element-7092a5f e-flex e-con-boxed e-con e-child\" data-id=\"7092a5f\" data-element_type=\"container\" data-e-type=\"container\" data-settings=\"{&quot;background_background&quot;:&quot;gradient&quot;}\">\n\t\t\t\t\t<div class=\"e-con-inner\">\n\t\t\t\t<div class=\"elementor-element elementor-element-a0e05ed elementor-widget elementor-widget-image\" data-id=\"a0e05ed\" data-element_type=\"widget\" data-e-type=\"widget\" data-widget_type=\"image.default\">\n\t\t\t\t<div class=\"elementor-widget-container\">\n\t\t\t\t\t\t\t\t\t\t\t\t\t\t\t<img fetchpriority=\"high\" decoding=\"async\" width=\"363\" height=\"491\" src=\"https:\/\/levelup-bf.com\/wp-content\/uploads\/2024\/04\/OLI.jpeg\" class=\"attachment-large size-large wp-image-3123\" alt=\"\" srcset=\"https:\/\/levelup-bf.com\/wp-content\/uploads\/2024\/04\/OLI.jpeg 363w, https:\/\/levelup-bf.com\/wp-content\/uploads\/2024\/04\/OLI-222x300.jpeg 222w\" sizes=\"(max-width: 363px) 100vw, 363px\" \/>\t\t\t\t\t\t\t\t\t\t\t\t\t\t\t<\/div>\n\t\t\t\t<\/div>\n\t\t\t\t\t<\/div>\n\t\t\t\t<\/div>\n\t\t<div class=\"elementor-element elementor-element-1f70a76 e-flex e-con-boxed e-con e-parent\" data-id=\"1f70a76\" data-element_type=\"container\" data-e-type=\"container\">\n\t\t\t\t\t<div class=\"e-con-inner\">\n\t\t\t\t<div class=\"elementor-element elementor-element-64f1f9e elementor-widget elementor-widget-heading\" data-id=\"64f1f9e\" data-element_type=\"widget\" data-e-type=\"widget\" data-widget_type=\"heading.default\">\n\t\t\t\t<div class=\"elementor-widget-container\">\n\t\t\t\t\t<h2 class=\"elementor-heading-title elementor-size-default\">Qui est la Directrice de Level Up Education?<\/h2>\t\t\t\t<\/div>\n\t\t\t\t<\/div>\n\t\t\t\t<div class=\"elementor-element elementor-element-b13e846 elementor-widget elementor-widget-text-editor\" data-id=\"b13e846\" data-element_type=\"widget\" data-e-type=\"widget\" data-widget_type=\"text-editor.default\">\n\t\t\t\t<div class=\"elementor-widget-container\">\n\t\t\t\t\t\t\t\t\t<h4>Madame Olivia TAPSOBA\/TRAORE, est \u00e9conomiste, coordonnatrice de projets internationaux et coach scolaire de formation. Pendant plus de 10 ans, elle a occup\u00e9 le poste de Directrice pays de campus France au sein de la coop\u00e9ration fran\u00e7aise au Burkina Faso. Interface entre les minist\u00e8res de tutelles, les \u00e9tablissements et le service des visas, elle a guid\u00e9 des milliers d&rsquo;\u00e9tudiants burkinab\u00e9 et \u00e9trangers dans leurs d\u00e9marches pour \u00e9tudier en France, instaurant la proc\u00e9dure \u00ab\u00a0\u00e9tudes en France\u00a0\u00bb et favorisant des partenariats entre \u00e9tablissements fran\u00e7ais et burkinab\u00e9. Elle a \u00e9galement mis en place France Alumini au Burkina et organis\u00e9 dans ce cadre plusieurs \u00e9v\u00e9nements en faveur de l&rsquo;insertion professionnelle des anciens \u00e9tudiants de France.<\/h4><h4>Sa vaste expertise, sa connaissance des exigences consulaire et son engagement envers l&rsquo;accompagnement des jeunes, profitent tant aux \u00e9tudiants qu&rsquo;\u00e0 leur parents, ainsi qu&rsquo;aux \u00e9tablissements partenaires locaux et \u00e9trangers qui lui font pleinement confiance.<\/h4><h4>Gr\u00e2ce \u00e0 ses efforts conjugu\u00e9s \u00e0 ceux de toute l&rsquo;\u00e9quipe, sa passion pour l&rsquo;accompagnement des jeunes, ses conseils personnalis\u00e9s et son contact permanent avec les \u00e9tablissements \u00e9trangers, le cabinet a su renforcer le climat de confiance vis \u00e0 vis des partenaires et du public et devenir une v\u00e9ritable r\u00e9f\u00e9rence.<\/h4>\t\t\t\t\t\t\t\t<\/div>\n\t\t\t\t<\/div>\n\t\t<div class=\"elementor-element elementor-element-3ca70ba e-flex e-con-boxed e-con e-child\" data-id=\"3ca70ba\" data-element_type=\"container\" data-e-type=\"container\">\n\t\t\t\t\t<div class=\"e-con-inner\">\n\t\t\t\t<div class=\"elementor-element elementor-element-5ea4e4d elementor-widget elementor-widget-html\" data-id=\"5ea4e4d\" data-element_type=\"widget\" data-e-type=\"widget\" data-widget_type=\"html.default\">\n\t\t\t\t<div class=\"elementor-widget-container\">\n\t\t\t\t\t\n\n<a class=\"button btn-default big color round mdc-ripple-upgraded\" target=\"_self\" href=\"https:\/\/levelup-bf.com\/?page_id=3025\" style=\"--mdc-ripple-fg-size: 139.76000061035157px; --mdc-ripple-fg-scale: 1.7824178788248153; --mdc-ripple-fg-translate-start: -57.313349914550784px, -34.946650695800784px; --mdc-ripple-fg-translate-end: 46.586666870117185px, -42.880000305175784px;\">Mot de la Directrice<\/a>\n\n\n\t\t\t\t<\/div>\n\t\t\t\t<\/div>\n\t\t\t\t\t<\/div>\n\t\t\t\t<\/div>\n\t\t\t\t\t<\/div>\n\t\t\t\t<\/div>\n\t\t\t\t<\/div>\n\t\t","protected":false},"excerpt":{"rendered":"<p>Qui est la Directrice de Level Up Education? Madame Olivia TAPSOBA\/TRAORE, est \u00e9conomiste, coordonnatrice de projets internationaux et coach scolaire de formation. Pendant plus de 10 ans, elle a occup\u00e9 le poste de Directrice pays de campus France au sein de la coop\u00e9ration fran\u00e7aise au Burkina Faso. Interface entre les minist\u00e8res de tutelles, les \u00e9tablissements&nbsp;&hellip;<\/p>\n","protected":false},"author":4,"featured_media":0,"parent":0,"menu_order":0,"comment_status":"closed","ping_status":"closed","template":"","meta":{"_monsterinsights_skip_tracking":false,"_monsterinsights_sitenote_active":false,"_monsterinsights_sitenote_note":"","_monsterinsights_sitenote_category":0,"footnotes":""},"class_list":["post-3048","page","type-page","status-publish","hentry"],"yoast_head":"<!-- This site is optimized with the Yoast SEO plugin v27.5 - https:\/\/yoast.com\/product\/yoast-seo-wordpress\/ -->\n<title>La Directrice - LEVEL UP EDUCATION<\/title>\n<meta name=\"description\" content=\"Level Up Education est un centre d&#039;accompagnement des jeunes et des professionnels, sp\u00e9cialis\u00e9 dans le conseil, l&#039;orientation, la r\u00e9orientation scolaire et l&#039;accompagnement des \u00e9tudiants dans leurs projets d&#039;\u00e9tudes \u00e0 l&#039;international.\" \/>\n<meta name=\"robots\" content=\"index, follow, max-snippet:-1, max-image-preview:large, max-video-preview:-1\" \/>\n<link rel=\"canonical\" href=\"https:\/\/levelup-bf.com\/?page_id=3048\" \/>\n<meta property=\"og:locale\" content=\"fr_FR\" \/>\n<meta property=\"og:type\" content=\"article\" \/>\n<meta property=\"og:title\" content=\"La Directrice - LEVEL UP EDUCATION\" \/>\n<meta property=\"og:description\" content=\"Level Up Education est un centre d&#039;accompagnement des jeunes et des professionnels, sp\u00e9cialis\u00e9 dans le conseil, l&#039;orientation, la r\u00e9orientation scolaire et l&#039;accompagnement des \u00e9tudiants dans leurs projets d&#039;\u00e9tudes \u00e0 l&#039;international.\" \/>\n<meta property=\"og:url\" content=\"https:\/\/levelup-bf.com\/?page_id=3048\" \/>\n<meta property=\"og:site_name\" content=\"LEVEL UP EDUCATION\" \/>\n<meta property=\"article:publisher\" content=\"https:\/\/www.facebook.com\/Levelup-Education-100296392005332\/\" \/>\n<meta property=\"article:modified_time\" content=\"2024-07-29T11:53:56+00:00\" \/>\n<meta property=\"og:image\" content=\"https:\/\/levelup-bf.com\/wp-content\/uploads\/2024\/04\/OLI.jpeg\" \/>\n<meta name=\"twitter:label1\" content=\"Dur\u00e9e de lecture estim\u00e9e\" \/>\n\t<meta name=\"twitter:data1\" content=\"1 minute\" \/>\n<script type=\"application\/ld+json\" class=\"yoast-schema-graph\">{\"@context\":\"https:\\\/\\\/schema.org\",\"@graph\":[{\"@type\":\"WebPage\",\"@id\":\"https:\\\/\\\/levelup-bf.com\\\/?page_id=3048\",\"url\":\"https:\\\/\\\/levelup-bf.com\\\/?page_id=3048\",\"name\":\"La Directrice - LEVEL UP EDUCATION\",\"isPartOf\":{\"@id\":\"https:\\\/\\\/levelup-bf.com\\\/#website\"},\"primaryImageOfPage\":{\"@id\":\"https:\\\/\\\/levelup-bf.com\\\/?page_id=3048#primaryimage\"},\"image\":{\"@id\":\"https:\\\/\\\/levelup-bf.com\\\/?page_id=3048#primaryimage\"},\"thumbnailUrl\":\"https:\\\/\\\/levelup-bf.com\\\/wp-content\\\/uploads\\\/2024\\\/04\\\/OLI.jpeg\",\"datePublished\":\"2024-04-19T10:25:36+00:00\",\"dateModified\":\"2024-07-29T11:53:56+00:00\",\"description\":\"Level Up Education est un centre d'accompagnement des jeunes et des professionnels, sp\u00e9cialis\u00e9 dans le conseil, l'orientation, la r\u00e9orientation scolaire et l'accompagnement des \u00e9tudiants dans leurs projets d'\u00e9tudes \u00e0 l'international.\",\"breadcrumb\":{\"@id\":\"https:\\\/\\\/levelup-bf.com\\\/?page_id=3048#breadcrumb\"},\"inLanguage\":\"fr-FR\",\"potentialAction\":[{\"@type\":\"ReadAction\",\"target\":[\"https:\\\/\\\/levelup-bf.com\\\/?page_id=3048\"]}]},{\"@type\":\"ImageObject\",\"inLanguage\":\"fr-FR\",\"@id\":\"https:\\\/\\\/levelup-bf.com\\\/?page_id=3048#primaryimage\",\"url\":\"https:\\\/\\\/levelup-bf.com\\\/wp-content\\\/uploads\\\/2024\\\/04\\\/OLI.jpeg\",\"contentUrl\":\"https:\\\/\\\/levelup-bf.com\\\/wp-content\\\/uploads\\\/2024\\\/04\\\/OLI.jpeg\",\"width\":363,\"height\":491},{\"@type\":\"BreadcrumbList\",\"@id\":\"https:\\\/\\\/levelup-bf.com\\\/?page_id=3048#breadcrumb\",\"itemListElement\":[{\"@type\":\"ListItem\",\"position\":1,\"name\":\"Accueil\",\"item\":\"https:\\\/\\\/levelup-bf.com\\\/\"},{\"@type\":\"ListItem\",\"position\":2,\"name\":\"La Directrice\"}]},{\"@type\":\"WebSite\",\"@id\":\"https:\\\/\\\/levelup-bf.com\\\/#website\",\"url\":\"https:\\\/\\\/levelup-bf.com\\\/\",\"name\":\"LEVEL UP EDUCATION\",\"description\":\"L&#039;Expert de l&#039;Orientation Scolaire et de la Mobilit\u00e9 Internationale des \u00c9tudiants!\",\"publisher\":{\"@id\":\"https:\\\/\\\/levelup-bf.com\\\/#organization\"},\"potentialAction\":[{\"@type\":\"SearchAction\",\"target\":{\"@type\":\"EntryPoint\",\"urlTemplate\":\"https:\\\/\\\/levelup-bf.com\\\/?s={search_term_string}\"},\"query-input\":{\"@type\":\"PropertyValueSpecification\",\"valueRequired\":true,\"valueName\":\"search_term_string\"}}],\"inLanguage\":\"fr-FR\"},{\"@type\":\"Organization\",\"@id\":\"https:\\\/\\\/levelup-bf.com\\\/#organization\",\"name\":\"Level'Up Education\",\"url\":\"https:\\\/\\\/levelup-bf.com\\\/\",\"logo\":{\"@type\":\"ImageObject\",\"inLanguage\":\"fr-FR\",\"@id\":\"https:\\\/\\\/levelup-bf.com\\\/#\\\/schema\\\/logo\\\/image\\\/\",\"url\":\"https:\\\/\\\/levelup-bf.com\\\/wp-content\\\/uploads\\\/2021\\\/02\\\/cropped-cropped-LOGO-10.jpeg\",\"contentUrl\":\"https:\\\/\\\/levelup-bf.com\\\/wp-content\\\/uploads\\\/2021\\\/02\\\/cropped-cropped-LOGO-10.jpeg\",\"width\":915,\"height\":912,\"caption\":\"Level'Up Education\"},\"image\":{\"@id\":\"https:\\\/\\\/levelup-bf.com\\\/#\\\/schema\\\/logo\\\/image\\\/\"},\"sameAs\":[\"https:\\\/\\\/www.facebook.com\\\/Levelup-Education-100296392005332\\\/\",\"https:\\\/\\\/www.instagram.com\\\/level_up_educ\\\/\"]}]}<\/script>\n<!-- \/ Yoast SEO plugin. -->","yoast_head_json":{"title":"La Directrice - LEVEL UP EDUCATION","description":"Level Up Education est un centre d'accompagnement des jeunes et des professionnels, sp\u00e9cialis\u00e9 dans le conseil, l'orientation, la r\u00e9orientation scolaire et l'accompagnement des \u00e9tudiants dans leurs projets d'\u00e9tudes \u00e0 l'international.","robots":{"index":"index","follow":"follow","max-snippet":"max-snippet:-1","max-image-preview":"max-image-preview:large","max-video-preview":"max-video-preview:-1"},"canonical":"https:\/\/levelup-bf.com\/?page_id=3048","og_locale":"fr_FR","og_type":"article","og_title":"La Directrice - LEVEL UP EDUCATION","og_description":"Level Up Education est un centre d'accompagnement des jeunes et des professionnels, sp\u00e9cialis\u00e9 dans le conseil, l'orientation, la r\u00e9orientation scolaire et l'accompagnement des \u00e9tudiants dans leurs projets d'\u00e9tudes \u00e0 l'international.","og_url":"https:\/\/levelup-bf.com\/?page_id=3048","og_site_name":"LEVEL UP EDUCATION","article_publisher":"https:\/\/www.facebook.com\/Levelup-Education-100296392005332\/","article_modified_time":"2024-07-29T11:53:56+00:00","og_image":[{"url":"https:\/\/levelup-bf.com\/wp-content\/uploads\/2024\/04\/OLI.jpeg","type":"","width":"","height":""}],"twitter_misc":{"Dur\u00e9e de lecture estim\u00e9e":"1 minute"},"schema":{"@context":"https:\/\/schema.org","@graph":[{"@type":"WebPage","@id":"https:\/\/levelup-bf.com\/?page_id=3048","url":"https:\/\/levelup-bf.com\/?page_id=3048","name":"La Directrice - LEVEL UP EDUCATION","isPartOf":{"@id":"https:\/\/levelup-bf.com\/#website"},"primaryImageOfPage":{"@id":"https:\/\/levelup-bf.com\/?page_id=3048#primaryimage"},"image":{"@id":"https:\/\/levelup-bf.com\/?page_id=3048#primaryimage"},"thumbnailUrl":"https:\/\/levelup-bf.com\/wp-content\/uploads\/2024\/04\/OLI.jpeg","datePublished":"2024-04-19T10:25:36+00:00","dateModified":"2024-07-29T11:53:56+00:00","description":"Level Up Education est un centre d'accompagnement des jeunes et des professionnels, sp\u00e9cialis\u00e9 dans le conseil, l'orientation, la r\u00e9orientation scolaire et l'accompagnement des \u00e9tudiants dans leurs projets d'\u00e9tudes \u00e0 l'international.","breadcrumb":{"@id":"https:\/\/levelup-bf.com\/?page_id=3048#breadcrumb"},"inLanguage":"fr-FR","potentialAction":[{"@type":"ReadAction","target":["https:\/\/levelup-bf.com\/?page_id=3048"]}]},{"@type":"ImageObject","inLanguage":"fr-FR","@id":"https:\/\/levelup-bf.com\/?page_id=3048#primaryimage","url":"https:\/\/levelup-bf.com\/wp-content\/uploads\/2024\/04\/OLI.jpeg","contentUrl":"https:\/\/levelup-bf.com\/wp-content\/uploads\/2024\/04\/OLI.jpeg","width":363,"height":491},{"@type":"BreadcrumbList","@id":"https:\/\/levelup-bf.com\/?page_id=3048#breadcrumb","itemListElement":[{"@type":"ListItem","position":1,"name":"Accueil","item":"https:\/\/levelup-bf.com\/"},{"@type":"ListItem","position":2,"name":"La Directrice"}]},{"@type":"WebSite","@id":"https:\/\/levelup-bf.com\/#website","url":"https:\/\/levelup-bf.com\/","name":"LEVEL UP EDUCATION","description":"L&#039;Expert de l&#039;Orientation Scolaire et de la Mobilit\u00e9 Internationale des \u00c9tudiants!","publisher":{"@id":"https:\/\/levelup-bf.com\/#organization"},"potentialAction":[{"@type":"SearchAction","target":{"@type":"EntryPoint","urlTemplate":"https:\/\/levelup-bf.com\/?s={search_term_string}"},"query-input":{"@type":"PropertyValueSpecification","valueRequired":true,"valueName":"search_term_string"}}],"inLanguage":"fr-FR"},{"@type":"Organization","@id":"https:\/\/levelup-bf.com\/#organization","name":"Level'Up Education","url":"https:\/\/levelup-bf.com\/","logo":{"@type":"ImageObject","inLanguage":"fr-FR","@id":"https:\/\/levelup-bf.com\/#\/schema\/logo\/image\/","url":"https:\/\/levelup-bf.com\/wp-content\/uploads\/2021\/02\/cropped-cropped-LOGO-10.jpeg","contentUrl":"https:\/\/levelup-bf.com\/wp-content\/uploads\/2021\/02\/cropped-cropped-LOGO-10.jpeg","width":915,"height":912,"caption":"Level'Up Education"},"image":{"@id":"https:\/\/levelup-bf.com\/#\/schema\/logo\/image\/"},"sameAs":["https:\/\/www.facebook.com\/Levelup-Education-100296392005332\/","https:\/\/www.instagram.com\/level_up_educ\/"]}]}},"_links":{"self":[{"href":"https:\/\/levelup-bf.com\/index.php?rest_route=\/wp\/v2\/pages\/3048","targetHints":{"allow":["GET"]}}],"collection":[{"href":"https:\/\/levelup-bf.com\/index.php?rest_route=\/wp\/v2\/pages"}],"about":[{"href":"https:\/\/levelup-bf.com\/index.php?rest_route=\/wp\/v2\/types\/page"}],"author":[{"embeddable":true,"href":"https:\/\/levelup-bf.com\/index.php?rest_route=\/wp\/v2\/users\/4"}],"replies":[{"embeddable":true,"href":"https:\/\/levelup-bf.com\/index.php?rest_route=%2Fwp%2Fv2%2Fcomments&post=3048"}],"version-history":[{"count":40,"href":"https:\/\/levelup-bf.com\/index.php?rest_route=\/wp\/v2\/pages\/3048\/revisions"}],"predecessor-version":[{"id":3438,"href":"https:\/\/levelup-bf.com\/index.php?rest_route=\/wp\/v2\/pages\/3048\/revisions\/3438"}],"wp:attachment":[{"href":"https:\/\/levelup-bf.com\/index.php?rest_route=%2Fwp%2Fv2%2Fmedia&parent=3048"}],"curies":[{"name":"wp","href":"https:\/\/api.w.org\/{rel}","templated":true}]}}