{"id":626,"date":"2021-07-21T10:52:36","date_gmt":"2021-07-21T09:52:36","guid":{"rendered":"https:\/\/levelup-bf.com\/?page_id=626"},"modified":"2024-06-09T07:02:28","modified_gmt":"2024-06-09T07:02:28","slug":"orientation-scolaire","status":"publish","type":"page","link":"https:\/\/levelup-bf.com\/?page_id=626","title":{"rendered":"Orientation Scolaire"},"content":{"rendered":"\t\t<div data-elementor-type=\"wp-page\" data-elementor-id=\"626\" class=\"elementor elementor-626\">\n\t\t\t\t<div class=\"elementor-element elementor-element-729d9588 e-flex e-con-boxed e-con e-parent\" data-id=\"729d9588\" data-element_type=\"container\" data-e-type=\"container\">\n\t\t\t\t\t<div class=\"e-con-inner\">\n\t\t<div class=\"elementor-element elementor-element-4573273 e-flex e-con-boxed e-con e-child\" data-id=\"4573273\" data-element_type=\"container\" data-e-type=\"container\" data-settings=\"{&quot;background_background&quot;:&quot;gradient&quot;}\">\n\t\t\t\t\t<div class=\"e-con-inner\">\n\t\t\t\t<div class=\"elementor-element elementor-element-a538f49 elementor-widget elementor-widget-text-editor\" data-id=\"a538f49\" data-element_type=\"widget\" data-e-type=\"widget\" data-widget_type=\"text-editor.default\">\n\t\t\t\t<div class=\"elementor-widget-container\">\n\t\t\t\t\t\t\t\t\t<h4>L&rsquo;orientation scolaire est un processus interactif qui vous aide \u00e0 explorer vos int\u00e9r\u00eats, \u00e0 d\u00e9couvrir vos comp\u00e9tences et \u00e0 identifier vos valeurs pour prendre des d\u00e9cisions \u00e9clair\u00e9es concernant votre \u00e9ducation et votre carri\u00e8re. Que vous soyez \u00e0 la recherche d&rsquo;un programme d&rsquo;\u00e9tudes, d&rsquo;une universit\u00e9, d&rsquo;un coll\u00e8ge ou d&rsquo;une carri\u00e8re, Level Up Education est l\u00e0 pour vous aider \u00e0 naviguer dans les options qui s&rsquo;offrent \u00e0 vous.<\/h4>\t\t\t\t\t\t\t\t<\/div>\n\t\t\t\t<\/div>\n\t\t\t\t\t<\/div>\n\t\t\t\t<\/div>\n\t\t<div class=\"elementor-element elementor-element-c3c1fc7 e-flex e-con-boxed e-con e-child\" data-id=\"c3c1fc7\" data-element_type=\"container\" data-e-type=\"container\">\n\t\t\t\t\t<div class=\"e-con-inner\">\n\t\t\t\t<div class=\"elementor-element elementor-element-e49d7e5 elementor-widget elementor-widget-image\" data-id=\"e49d7e5\" data-element_type=\"widget\" data-e-type=\"widget\" data-widget_type=\"image.default\">\n\t\t\t\t<div class=\"elementor-widget-container\">\n\t\t\t\t\t\t\t\t\t\t\t\t\t\t\t<img fetchpriority=\"high\" decoding=\"async\" width=\"1024\" height=\"683\" src=\"https:\/\/levelup-bf.com\/wp-content\/uploads\/2024\/01\/front-view-boy-portrait-with-graduation-background-1024x683.jpg\" class=\"attachment-large size-large wp-image-2664\" alt=\"\" srcset=\"https:\/\/levelup-bf.com\/wp-content\/uploads\/2024\/01\/front-view-boy-portrait-with-graduation-background-1024x683.jpg 1024w, https:\/\/levelup-bf.com\/wp-content\/uploads\/2024\/01\/front-view-boy-portrait-with-graduation-background-300x200.jpg 300w, https:\/\/levelup-bf.com\/wp-content\/uploads\/2024\/01\/front-view-boy-portrait-with-graduation-background-768x512.jpg 768w, https:\/\/levelup-bf.com\/wp-content\/uploads\/2024\/01\/front-view-boy-portrait-with-graduation-background-1536x1024.jpg 1536w, https:\/\/levelup-bf.com\/wp-content\/uploads\/2024\/01\/front-view-boy-portrait-with-graduation-background-2048x1365.jpg 2048w, https:\/\/levelup-bf.com\/wp-content\/uploads\/2024\/01\/front-view-boy-portrait-with-graduation-background-1232x821.jpg 1232w, https:\/\/levelup-bf.com\/wp-content\/uploads\/2024\/01\/front-view-boy-portrait-with-graduation-background-1620x1080.jpg 1620w\" sizes=\"(max-width: 1024px) 100vw, 1024px\" \/>\t\t\t\t\t\t\t\t\t\t\t\t\t\t\t<\/div>\n\t\t\t\t<\/div>\n\t\t\t\t\t<\/div>\n\t\t\t\t<\/div>\n\t\t<div class=\"elementor-element elementor-element-d128922 e-flex e-con-boxed e-con e-child\" data-id=\"d128922\" data-element_type=\"container\" data-e-type=\"container\">\n\t\t\t\t\t<div class=\"e-con-inner\">\n\t\t\t\t<div class=\"elementor-element elementor-element-8664d1c elementor-widget elementor-widget-heading\" data-id=\"8664d1c\" data-element_type=\"widget\" data-e-type=\"widget\" data-widget_type=\"heading.default\">\n\t\t\t\t<div class=\"elementor-widget-container\">\n\t\t\t\t\t<h2 class=\"elementor-heading-title elementor-size-default\">Ce que nous offrons \u00e0 Level Up Education<\/h2>\t\t\t\t<\/div>\n\t\t\t\t<\/div>\n\t\t\t\t\t<\/div>\n\t\t\t\t<\/div>\n\t\t<div class=\"elementor-element elementor-element-f4116be e-flex e-con-boxed e-con e-child\" data-id=\"f4116be\" data-element_type=\"container\" data-e-type=\"container\">\n\t\t\t\t\t<div class=\"e-con-inner\">\n\t\t\t\t<div class=\"elementor-element elementor-element-756201a elementor-widget elementor-widget-heading\" data-id=\"756201a\" data-element_type=\"widget\" data-e-type=\"widget\" data-widget_type=\"heading.default\">\n\t\t\t\t<div class=\"elementor-widget-container\">\n\t\t\t\t\t<h2 class=\"elementor-heading-title elementor-size-default\">1. \u00c9valuation des int\u00e9r\u00eats, des comp\u00e9tences et des valeurs <\/h2>\t\t\t\t<\/div>\n\t\t\t\t<\/div>\n\t\t\t\t<div class=\"elementor-element elementor-element-9261fcb elementor-widget elementor-widget-text-editor\" data-id=\"9261fcb\" data-element_type=\"widget\" data-e-type=\"widget\" data-widget_type=\"text-editor.default\">\n\t\t\t\t<div class=\"elementor-widget-container\">\n\t\t\t\t\t\t\t\t\t<h4>L&rsquo;orientation scolaire commence souvent par une \u00e9valuation approfondie des int\u00e9r\u00eats personnels, des comp\u00e9tences acad\u00e9miques et des valeurs de l&rsquo;individu. Cela peut inclure des tests d&rsquo;aptitudes, des questionnaires sur les int\u00e9r\u00eats professionnels et des discussions avec notre coach certifi\u00e9 en orientation.<\/h4>\t\t\t\t\t\t\t\t<\/div>\n\t\t\t\t<\/div>\n\t\t\t\t\t<\/div>\n\t\t\t\t<\/div>\n\t\t\t\t<div class=\"elementor-element elementor-element-2ee9eca elementor-widget elementor-widget-heading\" data-id=\"2ee9eca\" data-element_type=\"widget\" data-e-type=\"widget\" data-widget_type=\"heading.default\">\n\t\t\t\t<div class=\"elementor-widget-container\">\n\t\t\t\t\t<h2 class=\"elementor-heading-title elementor-size-default\">2. Exploration des options \u00e9ducatives et professionnelles<\/h2>\t\t\t\t<\/div>\n\t\t\t\t<\/div>\n\t\t\t\t<div class=\"elementor-element elementor-element-1df3c08 elementor-widget elementor-widget-text-editor\" data-id=\"1df3c08\" data-element_type=\"widget\" data-e-type=\"widget\" data-widget_type=\"text-editor.default\">\n\t\t\t\t<div class=\"elementor-widget-container\">\n\t\t\t\t\t\t\t\t\t<h4>Une fois que les int\u00e9r\u00eats et les comp\u00e9tences ont \u00e9t\u00e9 identifi\u00e9s, les individus explorent les diff\u00e9rentes options \u00e9ducatives et professionnelles qui correspondent \u00e0 leurs objectifs. Cela peut inclure la recherche sur les programmes d&rsquo;\u00e9tudes, les carri\u00e8res potentielles, les exigences d&rsquo;admission et les perspectives d&#8217;emploi.<\/h4>\t\t\t\t\t\t\t\t<\/div>\n\t\t\t\t<\/div>\n\t\t\t\t<div class=\"elementor-element elementor-element-838c9af elementor-widget elementor-widget-heading\" data-id=\"838c9af\" data-element_type=\"widget\" data-e-type=\"widget\" data-widget_type=\"heading.default\">\n\t\t\t\t<div class=\"elementor-widget-container\">\n\t\t\t\t\t<h2 class=\"elementor-heading-title elementor-size-default\">3. Prise de d\u00e9cision \u00e9clair\u00e9e<\/h2>\t\t\t\t<\/div>\n\t\t\t\t<\/div>\n\t\t\t\t<div class=\"elementor-element elementor-element-a8b0772 elementor-widget elementor-widget-text-editor\" data-id=\"a8b0772\" data-element_type=\"widget\" data-e-type=\"widget\" data-widget_type=\"text-editor.default\">\n\t\t\t\t<div class=\"elementor-widget-container\">\n\t\t\t\t\t\t\t\t\t<h4>Sur la base des informations recueillies, les individus sont guid\u00e9s pour prendre des d\u00e9cisions \u00e9clair\u00e9es concernant leur parcours \u00e9ducatif et professionnel. Cela peut impliquer de choisir un domaine d&rsquo;\u00e9tudes, une universit\u00e9 ou un coll\u00e8ge, un programme sp\u00e9cifique, et \u00e9ventuellement une carri\u00e8re future.<\/h4>\t\t\t\t\t\t\t\t<\/div>\n\t\t\t\t<\/div>\n\t\t\t\t<div class=\"elementor-element elementor-element-94fb33a elementor-widget elementor-widget-heading\" data-id=\"94fb33a\" data-element_type=\"widget\" data-e-type=\"widget\" data-widget_type=\"heading.default\">\n\t\t\t\t<div class=\"elementor-widget-container\">\n\t\t\t\t\t<h2 class=\"elementor-heading-title elementor-size-default\">4. Planification du parcours acad\u00e9mique<\/h2>\t\t\t\t<\/div>\n\t\t\t\t<\/div>\n\t\t\t\t<div class=\"elementor-element elementor-element-e4a8720 elementor-widget elementor-widget-text-editor\" data-id=\"e4a8720\" data-element_type=\"widget\" data-e-type=\"widget\" data-widget_type=\"text-editor.default\">\n\t\t\t\t<div class=\"elementor-widget-container\">\n\t\t\t\t\t\t\t\t\t<h4>Une fois la d\u00e9cision prise, l&rsquo;orientation scolaire aide \u00e0 planifier le parcours acad\u00e9mique de l&rsquo;individu, en identifiant les cours n\u00e9cessaires, les activit\u00e9s parascolaires b\u00e9n\u00e9fiques, les stages potentiels et d&rsquo;autres exp\u00e9riences qui renforceront leur formation et leur employabilit\u00e9.<\/h4>\t\t\t\t\t\t\t\t<\/div>\n\t\t\t\t<\/div>\n\t\t\t\t<div class=\"elementor-element elementor-element-cb6a0e6 elementor-widget elementor-widget-heading\" data-id=\"cb6a0e6\" data-element_type=\"widget\" data-e-type=\"widget\" data-widget_type=\"heading.default\">\n\t\t\t\t<div class=\"elementor-widget-container\">\n\t\t\t\t\t<h2 class=\"elementor-heading-title elementor-size-default\">Soutien continu<\/h2>\t\t\t\t<\/div>\n\t\t\t\t<\/div>\n\t\t\t\t<div class=\"elementor-element elementor-element-bffd68f elementor-widget elementor-widget-text-editor\" data-id=\"bffd68f\" data-element_type=\"widget\" data-e-type=\"widget\" data-widget_type=\"text-editor.default\">\n\t\t\t\t<div class=\"elementor-widget-container\">\n\t\t\t\t\t\t\t\t\t<h4>L&rsquo;orientation scolaire ne se limite pas \u00e0 une seule d\u00e9cision, mais elle offre un soutien continu tout au long du parcours \u00e9ducatif et professionnel de l&rsquo;individu. Cela peut inclure des conseils sur les changements de programme, les r\u00e9orientations professionnelles, le d\u00e9veloppement des comp\u00e9tences et la planification de carri\u00e8re \u00e0 long terme.<\/h4>\t\t\t\t\t\t\t\t<\/div>\n\t\t\t\t<\/div>\n\t\t<div class=\"elementor-element elementor-element-bdbdcae e-flex e-con-boxed e-con e-child\" data-id=\"bdbdcae\" data-element_type=\"container\" data-e-type=\"container\">\n\t\t\t\t\t<div class=\"e-con-inner\">\n\t\t\t\t<div class=\"elementor-element elementor-element-d783178 elementor-widget elementor-widget-image\" data-id=\"d783178\" data-element_type=\"widget\" data-e-type=\"widget\" data-widget_type=\"image.default\">\n\t\t\t\t<div class=\"elementor-widget-container\">\n\t\t\t\t\t\t\t\t\t\t\t\t\t\t\t<img decoding=\"async\" width=\"1024\" height=\"652\" src=\"https:\/\/levelup-bf.com\/wp-content\/uploads\/2024\/01\/medium-shot-colleagues-posing-together-1024x652.jpg\" class=\"attachment-large size-large wp-image-2665\" alt=\"\" srcset=\"https:\/\/levelup-bf.com\/wp-content\/uploads\/2024\/01\/medium-shot-colleagues-posing-together-1024x652.jpg 1024w, https:\/\/levelup-bf.com\/wp-content\/uploads\/2024\/01\/medium-shot-colleagues-posing-together-300x191.jpg 300w, https:\/\/levelup-bf.com\/wp-content\/uploads\/2024\/01\/medium-shot-colleagues-posing-together-768x489.jpg 768w, https:\/\/levelup-bf.com\/wp-content\/uploads\/2024\/01\/medium-shot-colleagues-posing-together-1536x977.jpg 1536w, https:\/\/levelup-bf.com\/wp-content\/uploads\/2024\/01\/medium-shot-colleagues-posing-together-2048x1303.jpg 2048w, https:\/\/levelup-bf.com\/wp-content\/uploads\/2024\/01\/medium-shot-colleagues-posing-together-1232x784.jpg 1232w, https:\/\/levelup-bf.com\/wp-content\/uploads\/2024\/01\/medium-shot-colleagues-posing-together-1697x1080.jpg 1697w\" sizes=\"(max-width: 1024px) 100vw, 1024px\" \/>\t\t\t\t\t\t\t\t\t\t\t\t\t\t\t<\/div>\n\t\t\t\t<\/div>\n\t\t\t\t\t<\/div>\n\t\t\t\t<\/div>\n\t\t<div class=\"elementor-element elementor-element-8e2aeae e-flex e-con-boxed e-con e-child\" data-id=\"8e2aeae\" data-element_type=\"container\" data-e-type=\"container\" data-settings=\"{&quot;background_background&quot;:&quot;gradient&quot;}\">\n\t\t\t\t\t<div class=\"e-con-inner\">\n\t\t\t\t<div class=\"elementor-element elementor-element-dca4b31 elementor-widget elementor-widget-text-editor\" data-id=\"dca4b31\" data-element_type=\"widget\" data-e-type=\"widget\" data-widget_type=\"text-editor.default\">\n\t\t\t\t<div class=\"elementor-widget-container\">\n\t\t\t\t\t\t\t\t\t<div class=\"phrase-bubble__list-col_one-suggestion ng-tns-c100-96 phrase-bubble__list-col_one-suggestion_only-one ng-star-inserted\"><h4 class=\"phrase-bubble__suggestion-container ng-tns-c100-96 ng-star-inserted\">Que vous soyez un lyc\u00e9en qui envisage ses options postsecondaires, un \u00e9tudiant universitaire cherchant \u00e0 changer de programme ou un professionnel en reconversion, le cabinet Level Up Education est l\u00e0 pour vous accompagner dans la r\u00e9alisation de vos objectifs \u00e9ducatifs et professionnels. Commencez d\u00e8s aujourd&rsquo;hui votre voyage vers un avenir \u00e9panouissant<\/h4><\/div><div class=\"wp-block-cover has-parallax\"><div class=\"wp-block-cover__image-background wp-image-643 has-parallax\" style=\"background-position: 50% 50%; background-image: url('https:\/\/levelup-bf.com\/wp-content\/uploads\/2021\/07\/os_Plan-de-travail-1-1.png');\" role=\"img\">\u00a0<\/div><\/div>\t\t\t\t\t\t\t\t<\/div>\n\t\t\t\t<\/div>\n\t\t\t\t\t<\/div>\n\t\t\t\t<\/div>\n\t\t\t\t\t<\/div>\n\t\t\t\t<\/div>\n\t\t\t\t<\/div>\n\t\t","protected":false},"excerpt":{"rendered":"<p>L&rsquo;orientation scolaire est un processus interactif qui vous aide \u00e0 explorer vos int\u00e9r\u00eats, \u00e0 d\u00e9couvrir vos comp\u00e9tences et \u00e0 identifier vos valeurs pour prendre des d\u00e9cisions \u00e9clair\u00e9es concernant votre \u00e9ducation et votre carri\u00e8re. Que vous soyez \u00e0 la recherche d&rsquo;un programme d&rsquo;\u00e9tudes, d&rsquo;une universit\u00e9, d&rsquo;un coll\u00e8ge ou d&rsquo;une carri\u00e8re, Level Up Education est l\u00e0 pour&nbsp;&hellip;<\/p>\n","protected":false},"author":3,"featured_media":1315,"parent":2,"menu_order":0,"comment_status":"open","ping_status":"closed","template":"","meta":{"_monsterinsights_skip_tracking":false,"_monsterinsights_sitenote_active":false,"_monsterinsights_sitenote_note":"","_monsterinsights_sitenote_category":0,"footnotes":""},"class_list":["post-626","page","type-page","status-publish","has-post-thumbnail","hentry"],"yoast_head":"<!-- This site is optimized with the Yoast SEO plugin v27.5 - https:\/\/yoast.com\/product\/yoast-seo-wordpress\/ -->\n<title>Orientation Scolaire - LEVEL UP EDUCATION<\/title>\n<meta name=\"description\" content=\"Level Up Education est un centre d&#039;accompagnement des jeunes et des professionnels, sp\u00e9cialis\u00e9 dans le conseil, l&#039;orientation, la r\u00e9orientation scolaire et l&#039;accompagnement des \u00e9tudiants dans leurs projets d&#039;\u00e9tudes \u00e0 l&#039;international.\" \/>\n<meta name=\"robots\" content=\"index, follow, max-snippet:-1, max-image-preview:large, max-video-preview:-1\" \/>\n<link rel=\"canonical\" href=\"https:\/\/levelup-bf.com\/?page_id=626\" \/>\n<meta property=\"og:locale\" content=\"fr_FR\" \/>\n<meta property=\"og:type\" content=\"article\" \/>\n<meta property=\"og:title\" content=\"Orientation Scolaire - LEVEL UP EDUCATION\" \/>\n<meta property=\"og:description\" content=\"Level Up Education est un centre d&#039;accompagnement des jeunes et des professionnels, sp\u00e9cialis\u00e9 dans le conseil, l&#039;orientation, la r\u00e9orientation scolaire et l&#039;accompagnement des \u00e9tudiants dans leurs projets d&#039;\u00e9tudes \u00e0 l&#039;international.\" \/>\n<meta property=\"og:url\" content=\"https:\/\/levelup-bf.com\/?page_id=626\" \/>\n<meta property=\"og:site_name\" content=\"LEVEL UP EDUCATION\" \/>\n<meta property=\"article:publisher\" content=\"https:\/\/www.facebook.com\/Levelup-Education-100296392005332\/\" \/>\n<meta property=\"article:modified_time\" content=\"2024-06-09T07:02:28+00:00\" \/>\n<meta property=\"og:image\" content=\"https:\/\/levelup-bf.com\/wp-content\/uploads\/2021\/08\/199-scaled-e1597126999803.jpg\" \/>\n\t<meta property=\"og:image:width\" content=\"2560\" \/>\n\t<meta property=\"og:image:height\" content=\"1446\" \/>\n\t<meta property=\"og:image:type\" content=\"image\/jpeg\" \/>\n<meta name=\"twitter:label1\" content=\"Dur\u00e9e de lecture estim\u00e9e\" \/>\n\t<meta name=\"twitter:data1\" content=\"2 minutes\" \/>\n<script type=\"application\/ld+json\" class=\"yoast-schema-graph\">{\"@context\":\"https:\\\/\\\/schema.org\",\"@graph\":[{\"@type\":\"WebPage\",\"@id\":\"https:\\\/\\\/levelup-bf.com\\\/?page_id=626\",\"url\":\"https:\\\/\\\/levelup-bf.com\\\/?page_id=626\",\"name\":\"Orientation Scolaire - LEVEL UP EDUCATION\",\"isPartOf\":{\"@id\":\"https:\\\/\\\/levelup-bf.com\\\/#website\"},\"primaryImageOfPage\":{\"@id\":\"https:\\\/\\\/levelup-bf.com\\\/?page_id=626#primaryimage\"},\"image\":{\"@id\":\"https:\\\/\\\/levelup-bf.com\\\/?page_id=626#primaryimage\"},\"thumbnailUrl\":\"https:\\\/\\\/levelup-bf.com\\\/wp-content\\\/uploads\\\/2021\\\/08\\\/199-scaled-e1597126999803.jpg\",\"datePublished\":\"2021-07-21T09:52:36+00:00\",\"dateModified\":\"2024-06-09T07:02:28+00:00\",\"description\":\"Level Up Education est un centre d'accompagnement des jeunes et des professionnels, sp\u00e9cialis\u00e9 dans le conseil, l'orientation, la r\u00e9orientation scolaire et l'accompagnement des \u00e9tudiants dans leurs projets d'\u00e9tudes \u00e0 l'international.\",\"breadcrumb\":{\"@id\":\"https:\\\/\\\/levelup-bf.com\\\/?page_id=626#breadcrumb\"},\"inLanguage\":\"fr-FR\",\"potentialAction\":[{\"@type\":\"ReadAction\",\"target\":[\"https:\\\/\\\/levelup-bf.com\\\/?page_id=626\"]}]},{\"@type\":\"ImageObject\",\"inLanguage\":\"fr-FR\",\"@id\":\"https:\\\/\\\/levelup-bf.com\\\/?page_id=626#primaryimage\",\"url\":\"https:\\\/\\\/levelup-bf.com\\\/wp-content\\\/uploads\\\/2021\\\/08\\\/199-scaled-e1597126999803.jpg\",\"contentUrl\":\"https:\\\/\\\/levelup-bf.com\\\/wp-content\\\/uploads\\\/2021\\\/08\\\/199-scaled-e1597126999803.jpg\",\"width\":2560,\"height\":1446},{\"@type\":\"BreadcrumbList\",\"@id\":\"https:\\\/\\\/levelup-bf.com\\\/?page_id=626#breadcrumb\",\"itemListElement\":[{\"@type\":\"ListItem\",\"position\":1,\"name\":\"Accueil\",\"item\":\"https:\\\/\\\/levelup-bf.com\\\/\"},{\"@type\":\"ListItem\",\"position\":2,\"name\":\"NOS SERVICES\",\"item\":\"https:\\\/\\\/levelup-bf.com\\\/?page_id=2\"},{\"@type\":\"ListItem\",\"position\":3,\"name\":\"Orientation Scolaire\"}]},{\"@type\":\"WebSite\",\"@id\":\"https:\\\/\\\/levelup-bf.com\\\/#website\",\"url\":\"https:\\\/\\\/levelup-bf.com\\\/\",\"name\":\"LEVEL UP EDUCATION\",\"description\":\"L&#039;Expert de l&#039;Orientation Scolaire et de la Mobilit\u00e9 Internationale des \u00c9tudiants!\",\"publisher\":{\"@id\":\"https:\\\/\\\/levelup-bf.com\\\/#organization\"},\"potentialAction\":[{\"@type\":\"SearchAction\",\"target\":{\"@type\":\"EntryPoint\",\"urlTemplate\":\"https:\\\/\\\/levelup-bf.com\\\/?s={search_term_string}\"},\"query-input\":{\"@type\":\"PropertyValueSpecification\",\"valueRequired\":true,\"valueName\":\"search_term_string\"}}],\"inLanguage\":\"fr-FR\"},{\"@type\":\"Organization\",\"@id\":\"https:\\\/\\\/levelup-bf.com\\\/#organization\",\"name\":\"Level'Up Education\",\"url\":\"https:\\\/\\\/levelup-bf.com\\\/\",\"logo\":{\"@type\":\"ImageObject\",\"inLanguage\":\"fr-FR\",\"@id\":\"https:\\\/\\\/levelup-bf.com\\\/#\\\/schema\\\/logo\\\/image\\\/\",\"url\":\"https:\\\/\\\/levelup-bf.com\\\/wp-content\\\/uploads\\\/2021\\\/02\\\/cropped-cropped-LOGO-10.jpeg\",\"contentUrl\":\"https:\\\/\\\/levelup-bf.com\\\/wp-content\\\/uploads\\\/2021\\\/02\\\/cropped-cropped-LOGO-10.jpeg\",\"width\":915,\"height\":912,\"caption\":\"Level'Up Education\"},\"image\":{\"@id\":\"https:\\\/\\\/levelup-bf.com\\\/#\\\/schema\\\/logo\\\/image\\\/\"},\"sameAs\":[\"https:\\\/\\\/www.facebook.com\\\/Levelup-Education-100296392005332\\\/\",\"https:\\\/\\\/www.instagram.com\\\/level_up_educ\\\/\"]}]}<\/script>\n<!-- \/ Yoast SEO plugin. -->","yoast_head_json":{"title":"Orientation Scolaire - LEVEL UP EDUCATION","description":"Level Up Education est un centre d'accompagnement des jeunes et des professionnels, sp\u00e9cialis\u00e9 dans le conseil, l'orientation, la r\u00e9orientation scolaire et l'accompagnement des \u00e9tudiants dans leurs projets d'\u00e9tudes \u00e0 l'international.","robots":{"index":"index","follow":"follow","max-snippet":"max-snippet:-1","max-image-preview":"max-image-preview:large","max-video-preview":"max-video-preview:-1"},"canonical":"https:\/\/levelup-bf.com\/?page_id=626","og_locale":"fr_FR","og_type":"article","og_title":"Orientation Scolaire - LEVEL UP EDUCATION","og_description":"Level Up Education est un centre d'accompagnement des jeunes et des professionnels, sp\u00e9cialis\u00e9 dans le conseil, l'orientation, la r\u00e9orientation scolaire et l'accompagnement des \u00e9tudiants dans leurs projets d'\u00e9tudes \u00e0 l'international.","og_url":"https:\/\/levelup-bf.com\/?page_id=626","og_site_name":"LEVEL UP EDUCATION","article_publisher":"https:\/\/www.facebook.com\/Levelup-Education-100296392005332\/","article_modified_time":"2024-06-09T07:02:28+00:00","og_image":[{"width":2560,"height":1446,"url":"https:\/\/levelup-bf.com\/wp-content\/uploads\/2021\/08\/199-scaled-e1597126999803.jpg","type":"image\/jpeg"}],"twitter_misc":{"Dur\u00e9e de lecture estim\u00e9e":"2 minutes"},"schema":{"@context":"https:\/\/schema.org","@graph":[{"@type":"WebPage","@id":"https:\/\/levelup-bf.com\/?page_id=626","url":"https:\/\/levelup-bf.com\/?page_id=626","name":"Orientation Scolaire - LEVEL UP EDUCATION","isPartOf":{"@id":"https:\/\/levelup-bf.com\/#website"},"primaryImageOfPage":{"@id":"https:\/\/levelup-bf.com\/?page_id=626#primaryimage"},"image":{"@id":"https:\/\/levelup-bf.com\/?page_id=626#primaryimage"},"thumbnailUrl":"https:\/\/levelup-bf.com\/wp-content\/uploads\/2021\/08\/199-scaled-e1597126999803.jpg","datePublished":"2021-07-21T09:52:36+00:00","dateModified":"2024-06-09T07:02:28+00:00","description":"Level Up Education est un centre d'accompagnement des jeunes et des professionnels, sp\u00e9cialis\u00e9 dans le conseil, l'orientation, la r\u00e9orientation scolaire et l'accompagnement des \u00e9tudiants dans leurs projets d'\u00e9tudes \u00e0 l'international.","breadcrumb":{"@id":"https:\/\/levelup-bf.com\/?page_id=626#breadcrumb"},"inLanguage":"fr-FR","potentialAction":[{"@type":"ReadAction","target":["https:\/\/levelup-bf.com\/?page_id=626"]}]},{"@type":"ImageObject","inLanguage":"fr-FR","@id":"https:\/\/levelup-bf.com\/?page_id=626#primaryimage","url":"https:\/\/levelup-bf.com\/wp-content\/uploads\/2021\/08\/199-scaled-e1597126999803.jpg","contentUrl":"https:\/\/levelup-bf.com\/wp-content\/uploads\/2021\/08\/199-scaled-e1597126999803.jpg","width":2560,"height":1446},{"@type":"BreadcrumbList","@id":"https:\/\/levelup-bf.com\/?page_id=626#breadcrumb","itemListElement":[{"@type":"ListItem","position":1,"name":"Accueil","item":"https:\/\/levelup-bf.com\/"},{"@type":"ListItem","position":2,"name":"NOS SERVICES","item":"https:\/\/levelup-bf.com\/?page_id=2"},{"@type":"ListItem","position":3,"name":"Orientation Scolaire"}]},{"@type":"WebSite","@id":"https:\/\/levelup-bf.com\/#website","url":"https:\/\/levelup-bf.com\/","name":"LEVEL UP EDUCATION","description":"L&#039;Expert de l&#039;Orientation Scolaire et de la Mobilit\u00e9 Internationale des \u00c9tudiants!","publisher":{"@id":"https:\/\/levelup-bf.com\/#organization"},"potentialAction":[{"@type":"SearchAction","target":{"@type":"EntryPoint","urlTemplate":"https:\/\/levelup-bf.com\/?s={search_term_string}"},"query-input":{"@type":"PropertyValueSpecification","valueRequired":true,"valueName":"search_term_string"}}],"inLanguage":"fr-FR"},{"@type":"Organization","@id":"https:\/\/levelup-bf.com\/#organization","name":"Level'Up Education","url":"https:\/\/levelup-bf.com\/","logo":{"@type":"ImageObject","inLanguage":"fr-FR","@id":"https:\/\/levelup-bf.com\/#\/schema\/logo\/image\/","url":"https:\/\/levelup-bf.com\/wp-content\/uploads\/2021\/02\/cropped-cropped-LOGO-10.jpeg","contentUrl":"https:\/\/levelup-bf.com\/wp-content\/uploads\/2021\/02\/cropped-cropped-LOGO-10.jpeg","width":915,"height":912,"caption":"Level'Up Education"},"image":{"@id":"https:\/\/levelup-bf.com\/#\/schema\/logo\/image\/"},"sameAs":["https:\/\/www.facebook.com\/Levelup-Education-100296392005332\/","https:\/\/www.instagram.com\/level_up_educ\/"]}]}},"_links":{"self":[{"href":"https:\/\/levelup-bf.com\/index.php?rest_route=\/wp\/v2\/pages\/626","targetHints":{"allow":["GET"]}}],"collection":[{"href":"https:\/\/levelup-bf.com\/index.php?rest_route=\/wp\/v2\/pages"}],"about":[{"href":"https:\/\/levelup-bf.com\/index.php?rest_route=\/wp\/v2\/types\/page"}],"author":[{"embeddable":true,"href":"https:\/\/levelup-bf.com\/index.php?rest_route=\/wp\/v2\/users\/3"}],"replies":[{"embeddable":true,"href":"https:\/\/levelup-bf.com\/index.php?rest_route=%2Fwp%2Fv2%2Fcomments&post=626"}],"version-history":[{"count":43,"href":"https:\/\/levelup-bf.com\/index.php?rest_route=\/wp\/v2\/pages\/626\/revisions"}],"predecessor-version":[{"id":3168,"href":"https:\/\/levelup-bf.com\/index.php?rest_route=\/wp\/v2\/pages\/626\/revisions\/3168"}],"up":[{"embeddable":true,"href":"https:\/\/levelup-bf.com\/index.php?rest_route=\/wp\/v2\/pages\/2"}],"wp:featuredmedia":[{"embeddable":true,"href":"https:\/\/levelup-bf.com\/index.php?rest_route=\/wp\/v2\/media\/1315"}],"wp:attachment":[{"href":"https:\/\/levelup-bf.com\/index.php?rest_route=%2Fwp%2Fv2%2Fmedia&parent=626"}],"curies":[{"name":"wp","href":"https:\/\/api.w.org\/{rel}","templated":true}]}}