{"id":630,"date":"2021-07-21T10:54:30","date_gmt":"2021-07-21T09:54:30","guid":{"rendered":"https:\/\/levelup-bf.com\/?page_id=630"},"modified":"2024-01-23T19:18:11","modified_gmt":"2024-01-23T19:18:11","slug":"solution-logement-a-letranger","status":"publish","type":"page","link":"https:\/\/levelup-bf.com\/?page_id=630","title":{"rendered":"Solution Logement \u00e0 l&rsquo;\u00e9tranger"},"content":{"rendered":"\t\t<div data-elementor-type=\"wp-page\" data-elementor-id=\"630\" class=\"elementor elementor-630\">\n\t\t\t\t<div class=\"elementor-element elementor-element-5f7efde7 e-flex e-con-boxed e-con e-parent\" data-id=\"5f7efde7\" data-element_type=\"container\" data-e-type=\"container\">\n\t\t\t\t\t<div class=\"e-con-inner\">\n\t\t\t\t<div class=\"elementor-element elementor-element-195dc99a elementor-widget elementor-widget-text-editor\" data-id=\"195dc99a\" data-element_type=\"widget\" data-e-type=\"widget\" data-widget_type=\"text-editor.default\">\n\t\t\t\t<div class=\"elementor-widget-container\">\n\t\t\t\t\t\t\t\t\t\n<h2 class=\"wp-block-heading\">\u00a0\u00a0\u00a0\u00a0\u00a0\u00a0\u00a0\u00a0\u00a0\u00a0\u00a0\u00a0\u00a0\u00a0\u00a0 Acc\u00e8s au logement en France<\/h2>\n\n<figure class=\"wp-block-image size-large\"><a href=\"https:\/\/levelup-bf.com\/wp-content\/uploads\/2021\/07\/IMG-20210709-WA0017.jpg\"><img fetchpriority=\"high\" decoding=\"async\" width=\"1024\" height=\"664\" class=\"wp-image-60\" src=\"https:\/\/levelup-bf.com\/wp-content\/uploads\/2021\/07\/IMG-20210709-WA0017-1024x664.jpg\" alt=\"\" srcset=\"https:\/\/levelup-bf.com\/wp-content\/uploads\/2021\/07\/IMG-20210709-WA0017-1024x664.jpg 1024w, https:\/\/levelup-bf.com\/wp-content\/uploads\/2021\/07\/IMG-20210709-WA0017-300x194.jpg 300w, https:\/\/levelup-bf.com\/wp-content\/uploads\/2021\/07\/IMG-20210709-WA0017-768x498.jpg 768w, https:\/\/levelup-bf.com\/wp-content\/uploads\/2021\/07\/IMG-20210709-WA0017.jpg 1080w\" sizes=\"(max-width: 1024px) 100vw, 1024px\" \/><\/a><\/figure>\n\n<p>\u00a0<\/p>\n\n<h4>Trouver un logement dans son futur pays d&rsquo;accueil lorsqu&rsquo;on n&rsquo;est pas encore sur place rel\u00e8ve souvent du parcours du combattant.<\/h4>\n<h4><\/h4>\n<h4>Le justificatif de logement fait pourtant parti des documents constitutifs de la demande de visa . Tenant compte de la distance g\u00e9ographique, des d\u00e9marches administratives \u00e0 effectuer, de la condition pr\u00e9alable d&rsquo;avoir un garant sur le territoire fran\u00e7ais pour rentrer en possession d&rsquo;un bail de location, la recherche de logement \u00e9tudiant se transforme, pour certains, en un v\u00e9ritable casse-t\u00eate.<\/h4>\n<h4><\/h4>\n<h4><strong><span class=\"corrected-phrase ng-star-inserted\" data-end=\"6\" data-originaltext=\"Grace \u00e0\" data-start=\"0\" data-text=\"Gr\u00e2ce \u00e0\"><span class=\"corrected-phrase__displayed-text corrected-phrase__displayed-text_bubbled\" data-group=\"AutoCorrected\" data-suggestions=\"1\" data-type=\"Grammar\">Gr\u00e2ce<\/span><\/span>\u00a0\u00e0 nos partenaires immobiliers en France, Level&rsquo;Up trouve votre logement, le garant pour votre location et vous permet de signer votre bail avant d&rsquo;arriver en France.<\/strong><\/h4>\n<h4><\/h4>\n<h4>Nous mettons un point d&rsquo;honneur \u00e0 ce que vous int\u00e9griez des logements de qualit\u00e9, bien situ\u00e9s par rapport \u00e0 votre \u00e9tablissement, meubl\u00e9s ou non (\u00e0 votre convenance) et tenant compte de votre budget.<\/h4>\n<h4><\/h4>\n<div class=\"wp-block-cover__image-background wp-image-778 has-parallax is-repeated\" style=\"background-position: 42% 55%; background-image: url('https:\/\/levelup-bf.com\/wp-content\/uploads\/2021\/07\/house-2368389_1280_1-2.jpg');\" role=\"img\">\u00a0<\/div>\n<div class=\"wp-block-cover__inner-container is-layout-flow wp-block-cover-is-layout-flow\">\n<p class=\"has-text-align-center has-large-font-size\">\u00a0<\/p>\n<\/div>\n<h4><\/h4>\n<h4><\/h4>\n<h4><\/h4>\n<h2 class=\"wp-block-heading\">\u00a0\u00a0\u00a0\u00a0\u00a0\u00a0 Les types de logements destin\u00e9s aux \u00e9tudiants.<\/h2>\n<h4><\/h4>\n<h4><\/h4>\n<h4>Un \u00e9tudiant a plusieurs possibilit\u00e9s pour se loger en France: les r\u00e9sidences universitaires, les foyers pour \u00e9tudiants, la chambre chez l&rsquo;habitant, la colocation, le logement <span class=\"corrected-phrase ng-star-inserted\" data-end=\"239\" data-originaltext=\"interg\u00e9nerationnel\" data-start=\"222\" data-text=\"interg\u00e9n\u00e9rationnel\"><span class=\"corrected-phrase__displayed-text corrected-phrase__displayed-text_bubbled\" data-group=\"AutoCorrected\" data-suggestions=\"1\" data-type=\"Spelling\">interg\u00e9n\u00e9rationnel<\/span><\/span>, le parc locatif priv\u00e9 etc.<\/h4>\n<h4><\/h4>\n<h4>\u00a0<\/h4>\n<h4><\/h4>\n<h4><strong>Les r\u00e9sidences universitaires<\/strong> sont de 2 types: la cit\u00e9 universitaire g\u00e9r\u00e9e par le\u00a0<a href=\"https:\/\/www.crous-paris.fr\/\" target=\"_blank\" rel=\"noreferrer noopener\">CROUS<\/a> (Centre R\u00e9gional des <span class=\"corrected-phrase ng-star-inserted\" data-end=\"115\" data-originaltext=\"Oeuvres\" data-start=\"109\" data-text=\"oeuvres\"><span class=\"corrected-phrase__displayed-text corrected-phrase__displayed-text_bubbled\" data-group=\"AutoCorrected\" data-suggestions=\"1\" data-type=\"Punctuation\">\u0153uvres<\/span><\/span> <span class=\"corrected-phrase ng-star-inserted\" data-end=\"130\" data-originaltext=\"Universitaires\" data-start=\"117\" data-text=\"universitaires\"><span class=\"corrected-phrase__displayed-text corrected-phrase__displayed-text_bubbled\" data-group=\"AutoCorrected\" data-suggestions=\"1\" data-type=\"Punctuation\">universitaires<\/span><\/span> et Sociales) et les r\u00e9sidences propres aux \u00e9coles sup\u00e9rieures priv\u00e9es.<\/h4>\n<h4><\/h4>\n<h4>La cit\u00e9 universitaire du CROUS <span class=\"corrected-phrase ng-star-inserted\" data-end=\"41\" data-originaltext=\"accueillent\" data-start=\"31\" data-text=\"accueille\"><span class=\"corrected-phrase__displayed-text corrected-phrase__displayed-text_bubbled\" data-group=\"AutoCorrected\" data-suggestions=\"1\" data-type=\"Grammar\">accueille<\/span><\/span> de tr\u00e8s nombreux \u00e9tudiants pour une dur\u00e9e de quelques mois (g\u00e9n\u00e9ralement neuf mois) \u00e0 un an renouvelable. Les logements en cit\u00e9 universitaire du CROUS repr\u00e9sentent les couts les plus bas du parc immobilier en France. Outre l&rsquo;aspect financier, leur principal avantage r\u00e9side dans leur situation g\u00e9ographique g\u00e9n\u00e9ralement tr\u00e8s proche des universit\u00e9s.<\/h4>\n<h4><\/h4>\n<h4>\u00a0<\/h4>\n<h4><\/h4>\n<h4><strong>Les foyers pour \u00e9tudiants<\/strong> sont de petites structures ayant un fonctionnement semblable \u00e0 celui d\u2019un internat. Les appartements peuvent \u00eatre attribu\u00e9s par des organismes gestionnaires de logement HLM, ou \u00eatre priv\u00e9s et lou\u00e9s par un particulier ou une r\u00e9gie. Dans ce dernier cas, les habitations mises \u00e0 disposition sont souvent confortables et \u00e9quip\u00e9es de services multiples. Il est \u00e9galement possible de louer un logement \u00e0 plusieurs. C\u2019est le principe de la colocation qui permet de disposer d\u2019une plus grande surface et d\u2019une r\u00e9partition des charges.<\/h4>\n<h4><\/h4>\n<h4><\/h4>\n<h4><\/h4>\n<h2 class=\"wp-block-heading\">\u00a0\u00a0\u00a0\u00a0\u00a0 Les conditions pr\u00e9alables \u00e0 <span class=\"corrected-phrase ng-star-inserted\" data-end=\"39\" data-originaltext=\"l' obtention\" data-start=\"28\" data-text=\"l'obtention\"><span class=\"corrected-phrase__displayed-text corrected-phrase__displayed-text_bubbled\" data-group=\"AutoCorrected\" data-suggestions=\"1\" data-type=\"Punctuation\">l&rsquo;obtention<\/span><\/span> <span class=\"corrected-phrase ng-star-inserted\" data-end=\"45\" data-originaltext=\"d' un\" data-start=\"41\" data-text=\"d'un\"><span class=\"corrected-phrase__displayed-text corrected-phrase__displayed-text_bubbled\" data-group=\"AutoCorrected\" data-suggestions=\"1\" data-type=\"Punctuation\">d&rsquo;un<\/span><\/span> logement \u00e9tudiant en France<\/h2>\n<h4><\/h4>\n<h4><\/h4>\n<h4>Louer un logement en France exige d&rsquo;abord, d&rsquo;avoir un garant r\u00e9sidant sur le sol fran\u00e7ais, personne physique (<span class=\"corrected-phrase ng-star-inserted\" data-end=\"221\" data-originaltext=\"de nationalit\u00e9 fran\u00e7aise ou d\u00e9tenteur\" data-start=\"185\" data-text=\"de nationalit\u00e9 fran\u00e7aise ou d\u00e9tentrice\"><span class=\"corrected-phrase__displayed-text corrected-phrase__displayed-text_bubbled\" data-group=\"AutoCorrected\" data-suggestions=\"1\" data-type=\"Grammar\">nationalit\u00e9 fran\u00e7aise ou d\u00e9tentrice<\/span><\/span> d&rsquo;un titre de s\u00e9jour \u00e0 jour) ou personne morale qui va se porter caution pour vous.<\/h4>\n<h4><\/h4>\n<h4>De plus, les autorit\u00e9s consulaires exigent parmi les pi\u00e8ces constitutives de demande de visa, un logement pour l&rsquo;\u00e9tude du dossier. Les r\u00e9servations <span class=\"corrected-phrase ng-star-inserted\" data-end=\"154\" data-originaltext=\"d'hotel\" data-start=\"148\" data-text=\"d'h\u00f4tels\"><span class=\"corrected-phrase__displayed-text corrected-phrase__displayed-text_bubbled\" data-group=\"AutoCorrected\" data-suggestions=\"2\" data-type=\"Spelling\">d&rsquo;h\u00f4tels<\/span><\/span> <span class=\"corrected-phrase corrected-phrase_synonyms-mode ng-star-inserted\" data-end=\"157\" data-originaltext=\"ou\" data-start=\"156\" data-text=\"\"><span class=\"corrected-phrase__displayed-text corrected-phrase__displayed-text_no-correction corrected-phrase__displayed-text_synonyms-mode ng-star-inserted\">ou<\/span><\/span> <span class=\"corrected-phrase ng-star-inserted\" data-end=\"164\" data-originaltext=\"de air\" data-start=\"159\" data-text=\"d'air\"><span class=\"corrected-phrase__displayed-text corrected-phrase__displayed-text_bubbled\" data-group=\"AutoCorrected\" data-suggestions=\"1\" data-type=\"Grammar\">d&rsquo;air<\/span><\/span> <span class=\"corrected-phrase ng-star-inserted\" data-end=\"170\" data-originaltext=\"b'n'b\" data-start=\"166\" data-text=\"b nb\"><span class=\"corrected-phrase__displayed-text corrected-phrase__displayed-text_bubbled\" data-group=\"AutoCorrected\" data-suggestions=\"1\" data-type=\"Grammar\">b nb<\/span><\/span> sont tr\u00e8s peu appr\u00e9ci\u00e9es pour les demandes de visa long s\u00e9jour \u00e9tudiant.<\/h4>\n<h4><\/h4>\n<h4><\/h4>\n<h4><\/h4>\n<h2 class=\"wp-block-heading\">\u00a0\u00a0\u00a0\u00a0\u00a0\u00a0\u00a0\u00a0\u00a0\u00a0 Les objectifs de notre accompagnement<\/h2>\n<h4><\/h4>\n<h4><\/h4>\n<h4>Level UP vous accompagne dans la recherche de logement en France:<\/h4>\n<h4><\/h4>\n<ul class=\"wp-block-list\">\n<li>\n<h4>En trouvant votre logement;<\/h4>\n<\/li>\n\n<li>\n<h4>En trouvant le garant associ\u00e9;<\/h4>\n<\/li>\n\n<li>\n<h4>En s&rsquo;assurant que votre logement est confortable, de bonne qualit\u00e9 et qu&rsquo;il r\u00e9pond \u00e0 vos attentes.<\/h4>\n<\/li>\n<\/ul>\n<h4><\/h4>\n<h4>Chaque ann\u00e9e nous accompagnons une centaine d&rsquo;\u00e9tudiants dans leurs demandes de logement.<\/h4>\n\t\t\t\t\t\t\t\t<\/div>\n\t\t\t\t<\/div>\n\t\t\t\t\t<\/div>\n\t\t\t\t<\/div>\n\t\t\t\t<\/div>\n\t\t","protected":false},"excerpt":{"rendered":"<p>\u00a0\u00a0\u00a0\u00a0\u00a0\u00a0\u00a0\u00a0\u00a0\u00a0\u00a0\u00a0\u00a0\u00a0\u00a0 Acc\u00e8s au logement en France \u00a0 Trouver un logement dans son futur pays d&rsquo;accueil lorsqu&rsquo;on n&rsquo;est pas encore sur place rel\u00e8ve souvent du parcours du combattant. Le justificatif de logement fait pourtant parti des documents constitutifs de la demande de visa . Tenant compte de la distance g\u00e9ographique, des d\u00e9marches administratives \u00e0 effectuer, de&nbsp;&hellip;<\/p>\n","protected":false},"author":3,"featured_media":655,"parent":2,"menu_order":0,"comment_status":"open","ping_status":"closed","template":"","meta":{"_monsterinsights_skip_tracking":false,"_monsterinsights_sitenote_active":false,"_monsterinsights_sitenote_note":"","_monsterinsights_sitenote_category":0,"footnotes":""},"class_list":["post-630","page","type-page","status-publish","has-post-thumbnail","hentry"],"yoast_head":"<!-- This site is optimized with the Yoast SEO plugin v27.5 - https:\/\/yoast.com\/product\/yoast-seo-wordpress\/ -->\n<title>Solution Logement \u00e0 l&#039;\u00e9tranger - LEVEL UP EDUCATION<\/title>\n<meta name=\"description\" content=\"Level Up Education: La solution pour votre logement \u00e9tudiant \u00e0 l&#039;\u00e9tranger. Nous vous accompagnons dans toutes les \u00e9tapes du processus.\" \/>\n<meta name=\"robots\" content=\"index, follow, max-snippet:-1, max-image-preview:large, max-video-preview:-1\" \/>\n<link rel=\"canonical\" href=\"https:\/\/levelup-bf.com\/?page_id=630\" \/>\n<meta property=\"og:locale\" content=\"fr_FR\" \/>\n<meta property=\"og:type\" content=\"article\" \/>\n<meta property=\"og:title\" content=\"Solution Logement \u00e0 l&#039;\u00e9tranger - LEVEL UP EDUCATION\" \/>\n<meta property=\"og:description\" content=\"Level Up Education: La solution pour votre logement \u00e9tudiant \u00e0 l&#039;\u00e9tranger. Nous vous accompagnons dans toutes les \u00e9tapes du processus.\" \/>\n<meta property=\"og:url\" content=\"https:\/\/levelup-bf.com\/?page_id=630\" \/>\n<meta property=\"og:site_name\" content=\"LEVEL UP EDUCATION\" \/>\n<meta property=\"article:publisher\" content=\"https:\/\/www.facebook.com\/Levelup-Education-100296392005332\/\" \/>\n<meta property=\"article:modified_time\" content=\"2024-01-23T19:18:11+00:00\" \/>\n<meta property=\"og:image\" content=\"https:\/\/levelup-bf.com\/wp-content\/uploads\/2021\/07\/orientation.jpg\" \/>\n\t<meta property=\"og:image:width\" content=\"900\" \/>\n\t<meta property=\"og:image:height\" content=\"300\" \/>\n\t<meta property=\"og:image:type\" content=\"image\/jpeg\" \/>\n<meta name=\"twitter:label1\" content=\"Dur\u00e9e de lecture estim\u00e9e\" \/>\n\t<meta name=\"twitter:data1\" content=\"2 minutes\" \/>\n<script type=\"application\/ld+json\" class=\"yoast-schema-graph\">{\"@context\":\"https:\\\/\\\/schema.org\",\"@graph\":[{\"@type\":\"WebPage\",\"@id\":\"https:\\\/\\\/levelup-bf.com\\\/?page_id=630\",\"url\":\"https:\\\/\\\/levelup-bf.com\\\/?page_id=630\",\"name\":\"Solution Logement \u00e0 l'\u00e9tranger - LEVEL UP EDUCATION\",\"isPartOf\":{\"@id\":\"https:\\\/\\\/levelup-bf.com\\\/#website\"},\"primaryImageOfPage\":{\"@id\":\"https:\\\/\\\/levelup-bf.com\\\/?page_id=630#primaryimage\"},\"image\":{\"@id\":\"https:\\\/\\\/levelup-bf.com\\\/?page_id=630#primaryimage\"},\"thumbnailUrl\":\"https:\\\/\\\/levelup-bf.com\\\/wp-content\\\/uploads\\\/2021\\\/07\\\/orientation.jpg\",\"datePublished\":\"2021-07-21T09:54:30+00:00\",\"dateModified\":\"2024-01-23T19:18:11+00:00\",\"description\":\"Level Up Education: La solution pour votre logement \u00e9tudiant \u00e0 l'\u00e9tranger. Nous vous accompagnons dans toutes les \u00e9tapes du processus.\",\"breadcrumb\":{\"@id\":\"https:\\\/\\\/levelup-bf.com\\\/?page_id=630#breadcrumb\"},\"inLanguage\":\"fr-FR\",\"potentialAction\":[{\"@type\":\"ReadAction\",\"target\":[\"https:\\\/\\\/levelup-bf.com\\\/?page_id=630\"]}]},{\"@type\":\"ImageObject\",\"inLanguage\":\"fr-FR\",\"@id\":\"https:\\\/\\\/levelup-bf.com\\\/?page_id=630#primaryimage\",\"url\":\"https:\\\/\\\/levelup-bf.com\\\/wp-content\\\/uploads\\\/2021\\\/07\\\/orientation.jpg\",\"contentUrl\":\"https:\\\/\\\/levelup-bf.com\\\/wp-content\\\/uploads\\\/2021\\\/07\\\/orientation.jpg\",\"width\":900,\"height\":300},{\"@type\":\"BreadcrumbList\",\"@id\":\"https:\\\/\\\/levelup-bf.com\\\/?page_id=630#breadcrumb\",\"itemListElement\":[{\"@type\":\"ListItem\",\"position\":1,\"name\":\"Accueil\",\"item\":\"https:\\\/\\\/levelup-bf.com\\\/\"},{\"@type\":\"ListItem\",\"position\":2,\"name\":\"NOS SERVICES\",\"item\":\"https:\\\/\\\/levelup-bf.com\\\/?page_id=2\"},{\"@type\":\"ListItem\",\"position\":3,\"name\":\"Solution Logement \u00e0 l&rsquo;\u00e9tranger\"}]},{\"@type\":\"WebSite\",\"@id\":\"https:\\\/\\\/levelup-bf.com\\\/#website\",\"url\":\"https:\\\/\\\/levelup-bf.com\\\/\",\"name\":\"LEVEL UP EDUCATION\",\"description\":\"L&#039;Expert de l&#039;Orientation Scolaire et de la Mobilit\u00e9 Internationale des \u00c9tudiants!\",\"publisher\":{\"@id\":\"https:\\\/\\\/levelup-bf.com\\\/#organization\"},\"potentialAction\":[{\"@type\":\"SearchAction\",\"target\":{\"@type\":\"EntryPoint\",\"urlTemplate\":\"https:\\\/\\\/levelup-bf.com\\\/?s={search_term_string}\"},\"query-input\":{\"@type\":\"PropertyValueSpecification\",\"valueRequired\":true,\"valueName\":\"search_term_string\"}}],\"inLanguage\":\"fr-FR\"},{\"@type\":\"Organization\",\"@id\":\"https:\\\/\\\/levelup-bf.com\\\/#organization\",\"name\":\"Level'Up Education\",\"url\":\"https:\\\/\\\/levelup-bf.com\\\/\",\"logo\":{\"@type\":\"ImageObject\",\"inLanguage\":\"fr-FR\",\"@id\":\"https:\\\/\\\/levelup-bf.com\\\/#\\\/schema\\\/logo\\\/image\\\/\",\"url\":\"https:\\\/\\\/levelup-bf.com\\\/wp-content\\\/uploads\\\/2021\\\/02\\\/cropped-cropped-LOGO-10.jpeg\",\"contentUrl\":\"https:\\\/\\\/levelup-bf.com\\\/wp-content\\\/uploads\\\/2021\\\/02\\\/cropped-cropped-LOGO-10.jpeg\",\"width\":915,\"height\":912,\"caption\":\"Level'Up Education\"},\"image\":{\"@id\":\"https:\\\/\\\/levelup-bf.com\\\/#\\\/schema\\\/logo\\\/image\\\/\"},\"sameAs\":[\"https:\\\/\\\/www.facebook.com\\\/Levelup-Education-100296392005332\\\/\",\"https:\\\/\\\/www.instagram.com\\\/level_up_educ\\\/\"]}]}<\/script>\n<!-- \/ Yoast SEO plugin. -->","yoast_head_json":{"title":"Solution Logement \u00e0 l'\u00e9tranger - LEVEL UP EDUCATION","description":"Level Up Education: La solution pour votre logement \u00e9tudiant \u00e0 l'\u00e9tranger. Nous vous accompagnons dans toutes les \u00e9tapes du processus.","robots":{"index":"index","follow":"follow","max-snippet":"max-snippet:-1","max-image-preview":"max-image-preview:large","max-video-preview":"max-video-preview:-1"},"canonical":"https:\/\/levelup-bf.com\/?page_id=630","og_locale":"fr_FR","og_type":"article","og_title":"Solution Logement \u00e0 l'\u00e9tranger - LEVEL UP EDUCATION","og_description":"Level Up Education: La solution pour votre logement \u00e9tudiant \u00e0 l'\u00e9tranger. Nous vous accompagnons dans toutes les \u00e9tapes du processus.","og_url":"https:\/\/levelup-bf.com\/?page_id=630","og_site_name":"LEVEL UP EDUCATION","article_publisher":"https:\/\/www.facebook.com\/Levelup-Education-100296392005332\/","article_modified_time":"2024-01-23T19:18:11+00:00","og_image":[{"width":900,"height":300,"url":"https:\/\/levelup-bf.com\/wp-content\/uploads\/2021\/07\/orientation.jpg","type":"image\/jpeg"}],"twitter_misc":{"Dur\u00e9e de lecture estim\u00e9e":"2 minutes"},"schema":{"@context":"https:\/\/schema.org","@graph":[{"@type":"WebPage","@id":"https:\/\/levelup-bf.com\/?page_id=630","url":"https:\/\/levelup-bf.com\/?page_id=630","name":"Solution Logement \u00e0 l'\u00e9tranger - LEVEL UP EDUCATION","isPartOf":{"@id":"https:\/\/levelup-bf.com\/#website"},"primaryImageOfPage":{"@id":"https:\/\/levelup-bf.com\/?page_id=630#primaryimage"},"image":{"@id":"https:\/\/levelup-bf.com\/?page_id=630#primaryimage"},"thumbnailUrl":"https:\/\/levelup-bf.com\/wp-content\/uploads\/2021\/07\/orientation.jpg","datePublished":"2021-07-21T09:54:30+00:00","dateModified":"2024-01-23T19:18:11+00:00","description":"Level Up Education: La solution pour votre logement \u00e9tudiant \u00e0 l'\u00e9tranger. Nous vous accompagnons dans toutes les \u00e9tapes du processus.","breadcrumb":{"@id":"https:\/\/levelup-bf.com\/?page_id=630#breadcrumb"},"inLanguage":"fr-FR","potentialAction":[{"@type":"ReadAction","target":["https:\/\/levelup-bf.com\/?page_id=630"]}]},{"@type":"ImageObject","inLanguage":"fr-FR","@id":"https:\/\/levelup-bf.com\/?page_id=630#primaryimage","url":"https:\/\/levelup-bf.com\/wp-content\/uploads\/2021\/07\/orientation.jpg","contentUrl":"https:\/\/levelup-bf.com\/wp-content\/uploads\/2021\/07\/orientation.jpg","width":900,"height":300},{"@type":"BreadcrumbList","@id":"https:\/\/levelup-bf.com\/?page_id=630#breadcrumb","itemListElement":[{"@type":"ListItem","position":1,"name":"Accueil","item":"https:\/\/levelup-bf.com\/"},{"@type":"ListItem","position":2,"name":"NOS SERVICES","item":"https:\/\/levelup-bf.com\/?page_id=2"},{"@type":"ListItem","position":3,"name":"Solution Logement \u00e0 l&rsquo;\u00e9tranger"}]},{"@type":"WebSite","@id":"https:\/\/levelup-bf.com\/#website","url":"https:\/\/levelup-bf.com\/","name":"LEVEL UP EDUCATION","description":"L&#039;Expert de l&#039;Orientation Scolaire et de la Mobilit\u00e9 Internationale des \u00c9tudiants!","publisher":{"@id":"https:\/\/levelup-bf.com\/#organization"},"potentialAction":[{"@type":"SearchAction","target":{"@type":"EntryPoint","urlTemplate":"https:\/\/levelup-bf.com\/?s={search_term_string}"},"query-input":{"@type":"PropertyValueSpecification","valueRequired":true,"valueName":"search_term_string"}}],"inLanguage":"fr-FR"},{"@type":"Organization","@id":"https:\/\/levelup-bf.com\/#organization","name":"Level'Up Education","url":"https:\/\/levelup-bf.com\/","logo":{"@type":"ImageObject","inLanguage":"fr-FR","@id":"https:\/\/levelup-bf.com\/#\/schema\/logo\/image\/","url":"https:\/\/levelup-bf.com\/wp-content\/uploads\/2021\/02\/cropped-cropped-LOGO-10.jpeg","contentUrl":"https:\/\/levelup-bf.com\/wp-content\/uploads\/2021\/02\/cropped-cropped-LOGO-10.jpeg","width":915,"height":912,"caption":"Level'Up Education"},"image":{"@id":"https:\/\/levelup-bf.com\/#\/schema\/logo\/image\/"},"sameAs":["https:\/\/www.facebook.com\/Levelup-Education-100296392005332\/","https:\/\/www.instagram.com\/level_up_educ\/"]}]}},"_links":{"self":[{"href":"https:\/\/levelup-bf.com\/index.php?rest_route=\/wp\/v2\/pages\/630","targetHints":{"allow":["GET"]}}],"collection":[{"href":"https:\/\/levelup-bf.com\/index.php?rest_route=\/wp\/v2\/pages"}],"about":[{"href":"https:\/\/levelup-bf.com\/index.php?rest_route=\/wp\/v2\/types\/page"}],"author":[{"embeddable":true,"href":"https:\/\/levelup-bf.com\/index.php?rest_route=\/wp\/v2\/users\/3"}],"replies":[{"embeddable":true,"href":"https:\/\/levelup-bf.com\/index.php?rest_route=%2Fwp%2Fv2%2Fcomments&post=630"}],"version-history":[{"count":16,"href":"https:\/\/levelup-bf.com\/index.php?rest_route=\/wp\/v2\/pages\/630\/revisions"}],"predecessor-version":[{"id":2776,"href":"https:\/\/levelup-bf.com\/index.php?rest_route=\/wp\/v2\/pages\/630\/revisions\/2776"}],"up":[{"embeddable":true,"href":"https:\/\/levelup-bf.com\/index.php?rest_route=\/wp\/v2\/pages\/2"}],"wp:featuredmedia":[{"embeddable":true,"href":"https:\/\/levelup-bf.com\/index.php?rest_route=\/wp\/v2\/media\/655"}],"wp:attachment":[{"href":"https:\/\/levelup-bf.com\/index.php?rest_route=%2Fwp%2Fv2%2Fmedia&parent=630"}],"curies":[{"name":"wp","href":"https:\/\/api.w.org\/{rel}","templated":true}]}}