{"id":736,"date":"2021-07-21T15:55:14","date_gmt":"2021-07-21T14:55:14","guid":{"rendered":"https:\/\/levelup-bf.com\/?page_id=736"},"modified":"2024-07-15T13:46:50","modified_gmt":"2024-07-15T13:46:50","slug":"etudier-a-letranger","status":"publish","type":"page","link":"https:\/\/levelup-bf.com\/?page_id=736","title":{"rendered":"\u00c9tudes sup\u00e9rieures \u00e0 l&rsquo;international"},"content":{"rendered":"\t\t<div data-elementor-type=\"wp-page\" data-elementor-id=\"736\" class=\"elementor elementor-736\">\n\t\t\t\t<div class=\"elementor-element elementor-element-5acd113a e-flex e-con-boxed e-con e-parent\" data-id=\"5acd113a\" data-element_type=\"container\" data-e-type=\"container\">\n\t\t\t\t\t<div class=\"e-con-inner\">\n\t\t\t\t<div class=\"elementor-element elementor-element-9f39897 elementor-widget elementor-widget-html\" data-id=\"9f39897\" data-element_type=\"widget\" data-e-type=\"widget\" data-widget_type=\"html.default\">\n\t\t\t\t<div class=\"elementor-widget-container\">\n\t\t\t\t\t<a class=\"button btn-default big color round mdc-ripple-upgraded\" target=\"_self\" href=\"https:\/\/levelup-bf.com\/?page_id=1735\" style=\"--mdc-ripple-fg-size: 139.76000061035157px; --mdc-ripple-fg-scale: 1.7824178788248153; --mdc-ripple-fg-translate-start: -57.313349914550784px, -34.946650695800784px; --mdc-ripple-fg-translate-end: 46.586666870117185px, -42.880000305175784px;\">\u00c9tudes au Canada<\/a>\n\n<a class=\"button btn-default big color4 round mdc-ripple-upgraded\" target=\"_self\" href=\"https:\/\/levelup-bf.com\/?page_id=2267\" style=\"--mdc-ripple-fg-size: 139.76000061035157px; --mdc-ripple-fg-scale: 1.7824178788248153; --mdc-ripple-fg-translate-start: -57.313349914550784px, -34.946650695800784px; --mdc-ripple-fg-translate-end: 46.586666870117185px, -42.880000305175784px;\">\u00c9tudes en Chine<\/a>\n\n\n<a class=\"button btn-default big color round mdc-ripple-upgraded \" target=\"_self\" href=\"https:\/\/levelup-bf.com\/?page_id=1733\" style=\"--mdc-ripple-fg-size: 139.76000061035157px; --mdc-ripple-fg-scale: 1.7824178788248153; --mdc-ripple-fg-translate-start: -57.313349914550784px, -34.946650695800784px; --mdc-ripple-fg-translate-end: 46.586666870117185px, -42.880000305175784px;\">\u00c9tudes en France<\/a>\n\n<a class=\"button btn-default big color round mdc-ripple-upgraded\" target=\"_self\" href=\"https:\/\/levelup-bf.com\/?page_id=2297\" style=\"--mdc-ripple-fg-size: 139.76000061035157px; --mdc-ripple-fg-scale: 1.7824178788248153; --mdc-ripple-fg-translate-start: -57.313349914550784px, -34.946650695800784px; --mdc-ripple-fg-translate-end: 46.586666870117185px, -42.880000305175784px;\">\u00c9tudes en Irlande<\/a>\n\n<a class=\"button btn-default big color4 round mdc-ripple-upgraded\" target=\"_self\" href=\"https:\/\/levelup-bf.com\/?page_id=2285\" style=\"--mdc-ripple-fg-size: 139.76000061035157px; --mdc-ripple-fg-scale: 1.7824178788248153; --mdc-ripple-fg-translate-start: -57.313349914550784px, -34.946650695800784px; --mdc-ripple-fg-translate-end: 46.586666870117185px, -42.880000305175784px;\">\u00c9tudes au Maroc<\/a>\n\n<a class=\"button btn-default big color round mdc-ripple-upgraded\" target=\"_self\" href=\"https:\/\/levelup-bf.com\/?page_id=2328\" style=\"--mdc-ripple-fg-size: 139.76000061035157px; --mdc-ripple-fg-scale: 1.7824178788248153; --mdc-ripple-fg-translate-start: -57.313349914550784px, -34.946650695800784px; --mdc-ripple-fg-translate-end: 46.586666870117185px, -42.880000305175784px;\">\u00c9tudes aux USA<\/a>\t\t\t\t<\/div>\n\t\t\t\t<\/div>\n\t\t\t\t<div class=\"elementor-element elementor-element-69e91a31 elementor-widget elementor-widget-text-editor\" data-id=\"69e91a31\" data-element_type=\"widget\" data-e-type=\"widget\" data-widget_type=\"text-editor.default\">\n\t\t\t\t<div class=\"elementor-widget-container\">\n\t\t\t\t\t\t\t\t\t\n<p><\/p>\n\n\n\n<h4 class=\"wp-block-heading\"><\/h4>\n\n\n\n\n\n<p><\/p>\n\n\n\n<p><\/p>\n\n\n\n<div class=\"wp-block-group\"><div class=\"wp-block-group__inner-container is-layout-flow wp-block-group-is-layout-flow\"><\/div><\/div>\n\t\t\t\t\t\t\t\t<\/div>\n\t\t\t\t<\/div>\n\t\t\t\t\t<\/div>\n\t\t\t\t<\/div>\n\t\t\t\t<\/div>\n\t\t","protected":false},"excerpt":{"rendered":"<p>\u00c9tudes au Canada \u00c9tudes en Chine \u00c9tudes en France \u00c9tudes en Irlande \u00c9tudes au Maroc \u00c9tudes aux USA<\/p>\n","protected":false},"author":3,"featured_media":655,"parent":2,"menu_order":0,"comment_status":"open","ping_status":"closed","template":"page-templates\/page-with-left-sidebar.php","meta":{"_monsterinsights_skip_tracking":false,"_monsterinsights_sitenote_active":false,"_monsterinsights_sitenote_note":"","_monsterinsights_sitenote_category":0,"footnotes":""},"class_list":["post-736","page","type-page","status-publish","has-post-thumbnail","hentry"],"yoast_head":"<!-- This site is optimized with the Yoast SEO plugin v27.5 - https:\/\/yoast.com\/product\/yoast-seo-wordpress\/ -->\n<title>\u00c9tudes sup\u00e9rieures \u00e0 l&#039;international - LEVEL UP EDUCATION<\/title>\n<meta name=\"description\" content=\"En tant que cabinet sp\u00e9cialis\u00e9 dans l\u2019enseignement sup\u00e9rieur \u00e0 l\u2019\u00e9tranger, nous sommes habilit\u00e9s \u00e0 vous conseiller sur les formations, les programmes, les universit\u00e9s et les crit\u00e8res de s\u00e9lection. Un conseiller vous accompagne dans toutes les d\u00e9marches. Pour vos logements et vos d\u00e9marches d&#039;\u00e9tudes \u00e0 l&#039;ext\u00e9rieurs, nous sommes \u00e0 vos c\u00f4t\u00e9. \u00a0\" \/>\n<meta name=\"robots\" content=\"index, follow, max-snippet:-1, max-image-preview:large, max-video-preview:-1\" \/>\n<link rel=\"canonical\" href=\"https:\/\/levelup-bf.com\/?page_id=736\" \/>\n<meta property=\"og:locale\" content=\"fr_FR\" \/>\n<meta property=\"og:type\" content=\"article\" \/>\n<meta property=\"og:title\" content=\"\u00c9tudes sup\u00e9rieures \u00e0 l&#039;international - LEVEL UP EDUCATION\" \/>\n<meta property=\"og:description\" content=\"En tant que cabinet sp\u00e9cialis\u00e9 dans l\u2019enseignement sup\u00e9rieur \u00e0 l\u2019\u00e9tranger, nous sommes habilit\u00e9s \u00e0 vous conseiller sur les formations, les programmes, les universit\u00e9s et les crit\u00e8res de s\u00e9lection. Un conseiller vous accompagne dans toutes les d\u00e9marches. Pour vos logements et vos d\u00e9marches d&#039;\u00e9tudes \u00e0 l&#039;ext\u00e9rieurs, nous sommes \u00e0 vos c\u00f4t\u00e9. \u00a0\" \/>\n<meta property=\"og:url\" content=\"https:\/\/levelup-bf.com\/?page_id=736\" \/>\n<meta property=\"og:site_name\" content=\"LEVEL UP EDUCATION\" \/>\n<meta property=\"article:publisher\" content=\"https:\/\/www.facebook.com\/Levelup-Education-100296392005332\/\" \/>\n<meta property=\"article:modified_time\" content=\"2024-07-15T13:46:50+00:00\" \/>\n<meta property=\"og:image\" content=\"https:\/\/levelup-bf.com\/wp-content\/uploads\/2021\/07\/orientation.jpg\" \/>\n\t<meta property=\"og:image:width\" content=\"900\" \/>\n\t<meta property=\"og:image:height\" content=\"300\" \/>\n\t<meta property=\"og:image:type\" content=\"image\/jpeg\" \/>\n<meta name=\"twitter:label1\" content=\"Dur\u00e9e de lecture estim\u00e9e\" \/>\n\t<meta name=\"twitter:data1\" content=\"2 minutes\" \/>\n<script type=\"application\/ld+json\" class=\"yoast-schema-graph\">{\"@context\":\"https:\\\/\\\/schema.org\",\"@graph\":[{\"@type\":\"WebPage\",\"@id\":\"https:\\\/\\\/levelup-bf.com\\\/?page_id=736\",\"url\":\"https:\\\/\\\/levelup-bf.com\\\/?page_id=736\",\"name\":\"\u00c9tudes sup\u00e9rieures \u00e0 l'international - LEVEL UP EDUCATION\",\"isPartOf\":{\"@id\":\"https:\\\/\\\/levelup-bf.com\\\/#website\"},\"primaryImageOfPage\":{\"@id\":\"https:\\\/\\\/levelup-bf.com\\\/?page_id=736#primaryimage\"},\"image\":{\"@id\":\"https:\\\/\\\/levelup-bf.com\\\/?page_id=736#primaryimage\"},\"thumbnailUrl\":\"https:\\\/\\\/levelup-bf.com\\\/wp-content\\\/uploads\\\/2021\\\/07\\\/orientation.jpg\",\"datePublished\":\"2021-07-21T14:55:14+00:00\",\"dateModified\":\"2024-07-15T13:46:50+00:00\",\"description\":\"En tant que cabinet sp\u00e9cialis\u00e9 dans l\u2019enseignement sup\u00e9rieur \u00e0 l\u2019\u00e9tranger, nous sommes habilit\u00e9s \u00e0 vous conseiller sur les formations, les programmes, les universit\u00e9s et les crit\u00e8res de s\u00e9lection. Un conseiller vous accompagne dans toutes les d\u00e9marches. Pour vos logements et vos d\u00e9marches d'\u00e9tudes \u00e0 l'ext\u00e9rieurs, nous sommes \u00e0 vos c\u00f4t\u00e9. \u00a0\",\"breadcrumb\":{\"@id\":\"https:\\\/\\\/levelup-bf.com\\\/?page_id=736#breadcrumb\"},\"inLanguage\":\"fr-FR\",\"potentialAction\":[{\"@type\":\"ReadAction\",\"target\":[\"https:\\\/\\\/levelup-bf.com\\\/?page_id=736\"]}]},{\"@type\":\"ImageObject\",\"inLanguage\":\"fr-FR\",\"@id\":\"https:\\\/\\\/levelup-bf.com\\\/?page_id=736#primaryimage\",\"url\":\"https:\\\/\\\/levelup-bf.com\\\/wp-content\\\/uploads\\\/2021\\\/07\\\/orientation.jpg\",\"contentUrl\":\"https:\\\/\\\/levelup-bf.com\\\/wp-content\\\/uploads\\\/2021\\\/07\\\/orientation.jpg\",\"width\":900,\"height\":300},{\"@type\":\"BreadcrumbList\",\"@id\":\"https:\\\/\\\/levelup-bf.com\\\/?page_id=736#breadcrumb\",\"itemListElement\":[{\"@type\":\"ListItem\",\"position\":1,\"name\":\"Accueil\",\"item\":\"https:\\\/\\\/levelup-bf.com\\\/\"},{\"@type\":\"ListItem\",\"position\":2,\"name\":\"NOS SERVICES\",\"item\":\"https:\\\/\\\/levelup-bf.com\\\/?page_id=2\"},{\"@type\":\"ListItem\",\"position\":3,\"name\":\"\u00c9tudes sup\u00e9rieures \u00e0 l&rsquo;international\"}]},{\"@type\":\"WebSite\",\"@id\":\"https:\\\/\\\/levelup-bf.com\\\/#website\",\"url\":\"https:\\\/\\\/levelup-bf.com\\\/\",\"name\":\"LEVEL UP EDUCATION\",\"description\":\"L&#039;Expert de l&#039;Orientation Scolaire et de la Mobilit\u00e9 Internationale des \u00c9tudiants!\",\"publisher\":{\"@id\":\"https:\\\/\\\/levelup-bf.com\\\/#organization\"},\"potentialAction\":[{\"@type\":\"SearchAction\",\"target\":{\"@type\":\"EntryPoint\",\"urlTemplate\":\"https:\\\/\\\/levelup-bf.com\\\/?s={search_term_string}\"},\"query-input\":{\"@type\":\"PropertyValueSpecification\",\"valueRequired\":true,\"valueName\":\"search_term_string\"}}],\"inLanguage\":\"fr-FR\"},{\"@type\":\"Organization\",\"@id\":\"https:\\\/\\\/levelup-bf.com\\\/#organization\",\"name\":\"Level'Up Education\",\"url\":\"https:\\\/\\\/levelup-bf.com\\\/\",\"logo\":{\"@type\":\"ImageObject\",\"inLanguage\":\"fr-FR\",\"@id\":\"https:\\\/\\\/levelup-bf.com\\\/#\\\/schema\\\/logo\\\/image\\\/\",\"url\":\"https:\\\/\\\/levelup-bf.com\\\/wp-content\\\/uploads\\\/2021\\\/02\\\/cropped-cropped-LOGO-10.jpeg\",\"contentUrl\":\"https:\\\/\\\/levelup-bf.com\\\/wp-content\\\/uploads\\\/2021\\\/02\\\/cropped-cropped-LOGO-10.jpeg\",\"width\":915,\"height\":912,\"caption\":\"Level'Up Education\"},\"image\":{\"@id\":\"https:\\\/\\\/levelup-bf.com\\\/#\\\/schema\\\/logo\\\/image\\\/\"},\"sameAs\":[\"https:\\\/\\\/www.facebook.com\\\/Levelup-Education-100296392005332\\\/\",\"https:\\\/\\\/www.instagram.com\\\/level_up_educ\\\/\"]}]}<\/script>\n<!-- \/ Yoast SEO plugin. -->","yoast_head_json":{"title":"\u00c9tudes sup\u00e9rieures \u00e0 l'international - LEVEL UP EDUCATION","description":"En tant que cabinet sp\u00e9cialis\u00e9 dans l\u2019enseignement sup\u00e9rieur \u00e0 l\u2019\u00e9tranger, nous sommes habilit\u00e9s \u00e0 vous conseiller sur les formations, les programmes, les universit\u00e9s et les crit\u00e8res de s\u00e9lection. Un conseiller vous accompagne dans toutes les d\u00e9marches. Pour vos logements et vos d\u00e9marches d'\u00e9tudes \u00e0 l'ext\u00e9rieurs, nous sommes \u00e0 vos c\u00f4t\u00e9. \u00a0","robots":{"index":"index","follow":"follow","max-snippet":"max-snippet:-1","max-image-preview":"max-image-preview:large","max-video-preview":"max-video-preview:-1"},"canonical":"https:\/\/levelup-bf.com\/?page_id=736","og_locale":"fr_FR","og_type":"article","og_title":"\u00c9tudes sup\u00e9rieures \u00e0 l'international - LEVEL UP EDUCATION","og_description":"En tant que cabinet sp\u00e9cialis\u00e9 dans l\u2019enseignement sup\u00e9rieur \u00e0 l\u2019\u00e9tranger, nous sommes habilit\u00e9s \u00e0 vous conseiller sur les formations, les programmes, les universit\u00e9s et les crit\u00e8res de s\u00e9lection. Un conseiller vous accompagne dans toutes les d\u00e9marches. Pour vos logements et vos d\u00e9marches d'\u00e9tudes \u00e0 l'ext\u00e9rieurs, nous sommes \u00e0 vos c\u00f4t\u00e9. \u00a0","og_url":"https:\/\/levelup-bf.com\/?page_id=736","og_site_name":"LEVEL UP EDUCATION","article_publisher":"https:\/\/www.facebook.com\/Levelup-Education-100296392005332\/","article_modified_time":"2024-07-15T13:46:50+00:00","og_image":[{"width":900,"height":300,"url":"https:\/\/levelup-bf.com\/wp-content\/uploads\/2021\/07\/orientation.jpg","type":"image\/jpeg"}],"twitter_misc":{"Dur\u00e9e de lecture estim\u00e9e":"2 minutes"},"schema":{"@context":"https:\/\/schema.org","@graph":[{"@type":"WebPage","@id":"https:\/\/levelup-bf.com\/?page_id=736","url":"https:\/\/levelup-bf.com\/?page_id=736","name":"\u00c9tudes sup\u00e9rieures \u00e0 l'international - LEVEL UP EDUCATION","isPartOf":{"@id":"https:\/\/levelup-bf.com\/#website"},"primaryImageOfPage":{"@id":"https:\/\/levelup-bf.com\/?page_id=736#primaryimage"},"image":{"@id":"https:\/\/levelup-bf.com\/?page_id=736#primaryimage"},"thumbnailUrl":"https:\/\/levelup-bf.com\/wp-content\/uploads\/2021\/07\/orientation.jpg","datePublished":"2021-07-21T14:55:14+00:00","dateModified":"2024-07-15T13:46:50+00:00","description":"En tant que cabinet sp\u00e9cialis\u00e9 dans l\u2019enseignement sup\u00e9rieur \u00e0 l\u2019\u00e9tranger, nous sommes habilit\u00e9s \u00e0 vous conseiller sur les formations, les programmes, les universit\u00e9s et les crit\u00e8res de s\u00e9lection. Un conseiller vous accompagne dans toutes les d\u00e9marches. Pour vos logements et vos d\u00e9marches d'\u00e9tudes \u00e0 l'ext\u00e9rieurs, nous sommes \u00e0 vos c\u00f4t\u00e9. \u00a0","breadcrumb":{"@id":"https:\/\/levelup-bf.com\/?page_id=736#breadcrumb"},"inLanguage":"fr-FR","potentialAction":[{"@type":"ReadAction","target":["https:\/\/levelup-bf.com\/?page_id=736"]}]},{"@type":"ImageObject","inLanguage":"fr-FR","@id":"https:\/\/levelup-bf.com\/?page_id=736#primaryimage","url":"https:\/\/levelup-bf.com\/wp-content\/uploads\/2021\/07\/orientation.jpg","contentUrl":"https:\/\/levelup-bf.com\/wp-content\/uploads\/2021\/07\/orientation.jpg","width":900,"height":300},{"@type":"BreadcrumbList","@id":"https:\/\/levelup-bf.com\/?page_id=736#breadcrumb","itemListElement":[{"@type":"ListItem","position":1,"name":"Accueil","item":"https:\/\/levelup-bf.com\/"},{"@type":"ListItem","position":2,"name":"NOS SERVICES","item":"https:\/\/levelup-bf.com\/?page_id=2"},{"@type":"ListItem","position":3,"name":"\u00c9tudes sup\u00e9rieures \u00e0 l&rsquo;international"}]},{"@type":"WebSite","@id":"https:\/\/levelup-bf.com\/#website","url":"https:\/\/levelup-bf.com\/","name":"LEVEL UP EDUCATION","description":"L&#039;Expert de l&#039;Orientation Scolaire et de la Mobilit\u00e9 Internationale des \u00c9tudiants!","publisher":{"@id":"https:\/\/levelup-bf.com\/#organization"},"potentialAction":[{"@type":"SearchAction","target":{"@type":"EntryPoint","urlTemplate":"https:\/\/levelup-bf.com\/?s={search_term_string}"},"query-input":{"@type":"PropertyValueSpecification","valueRequired":true,"valueName":"search_term_string"}}],"inLanguage":"fr-FR"},{"@type":"Organization","@id":"https:\/\/levelup-bf.com\/#organization","name":"Level'Up Education","url":"https:\/\/levelup-bf.com\/","logo":{"@type":"ImageObject","inLanguage":"fr-FR","@id":"https:\/\/levelup-bf.com\/#\/schema\/logo\/image\/","url":"https:\/\/levelup-bf.com\/wp-content\/uploads\/2021\/02\/cropped-cropped-LOGO-10.jpeg","contentUrl":"https:\/\/levelup-bf.com\/wp-content\/uploads\/2021\/02\/cropped-cropped-LOGO-10.jpeg","width":915,"height":912,"caption":"Level'Up Education"},"image":{"@id":"https:\/\/levelup-bf.com\/#\/schema\/logo\/image\/"},"sameAs":["https:\/\/www.facebook.com\/Levelup-Education-100296392005332\/","https:\/\/www.instagram.com\/level_up_educ\/"]}]}},"_links":{"self":[{"href":"https:\/\/levelup-bf.com\/index.php?rest_route=\/wp\/v2\/pages\/736","targetHints":{"allow":["GET"]}}],"collection":[{"href":"https:\/\/levelup-bf.com\/index.php?rest_route=\/wp\/v2\/pages"}],"about":[{"href":"https:\/\/levelup-bf.com\/index.php?rest_route=\/wp\/v2\/types\/page"}],"author":[{"embeddable":true,"href":"https:\/\/levelup-bf.com\/index.php?rest_route=\/wp\/v2\/users\/3"}],"replies":[{"embeddable":true,"href":"https:\/\/levelup-bf.com\/index.php?rest_route=%2Fwp%2Fv2%2Fcomments&post=736"}],"version-history":[{"count":45,"href":"https:\/\/levelup-bf.com\/index.php?rest_route=\/wp\/v2\/pages\/736\/revisions"}],"predecessor-version":[{"id":3376,"href":"https:\/\/levelup-bf.com\/index.php?rest_route=\/wp\/v2\/pages\/736\/revisions\/3376"}],"up":[{"embeddable":true,"href":"https:\/\/levelup-bf.com\/index.php?rest_route=\/wp\/v2\/pages\/2"}],"wp:featuredmedia":[{"embeddable":true,"href":"https:\/\/levelup-bf.com\/index.php?rest_route=\/wp\/v2\/media\/655"}],"wp:attachment":[{"href":"https:\/\/levelup-bf.com\/index.php?rest_route=%2Fwp%2Fv2%2Fmedia&parent=736"}],"curies":[{"name":"wp","href":"https:\/\/api.w.org\/{rel}","templated":true}]}}